{"id":2816,"date":"2025-09-29T10:03:59","date_gmt":"2025-09-29T09:03:59","guid":{"rendered":"https:\/\/medicaltravel.net\/hasta-yorumlari\/antalya-turkiyede-medicaltravel-araciligiyla-goz-lazeri-tedavim\/"},"modified":"2026-01-13T13:58:32","modified_gmt":"2026-01-13T12:58:32","slug":"antalya-turkiyede-medicaltravel-araciligiyla-goz-lazeri-tedavim","status":"publish","type":"page","link":"https:\/\/medicaltravel.net\/tr\/hasta-yorumlari\/antalya-turkiyede-medicaltravel-araciligiyla-goz-lazeri-tedavim\/","title":{"rendered":"Antalya-T\u00fcrkiye\u2019de MedicalTravel arac\u0131l\u0131\u011f\u0131yla g\u00f6z lazeri tedavim"},"content":{"rendered":"\n<h3 class=\"wp-block-heading\">Antalya-T\u00fcrkiye\u2019de MedicalTravel arac\u0131l\u0131\u011f\u0131yla g\u00f6z lazeri tedavim<\/h3>\n\n\n\n<p>\u2013 Rapor\u2013 Per\u015fembe, 02. A\u011fustos 2012 <\/p>\n\n\n\n<p>2 A\u011fustos 2012 Per\u015fembe g\u00fcn\u00fc yaz\u0131ld\u0131<\/p>\n\n\n\n<p>G\u00f6zl\u00fcklerim ger\u00e7ekten rahats\u0131z edici ve k\u0131s\u0131tlay\u0131c\u0131 oldu\u011fu i\u00e7in onlardan kurtulmaya karar verdim. Ancak, \u0130svi\u00e7re\u2019de lazer g\u00f6z ameliyatlar\u0131 o kadar pahal\u0131yd\u0131 ki kar\u015f\u0131layamayaca\u011f\u0131m i\u00e7in alternatifler aramak zorunda kald\u0131m. Yurtd\u0131\u015f\u0131nda lazer g\u00f6z ameliyat\u0131 yapan birka\u00e7 hastane buldum.  <\/p>\n\n\n\n<p>MedicalTravel\u2019in web sitesindeki ilk izlenimim, \u00e7ok profesyonel olduklar\u0131yd\u0131; s\u00fcrekli olarak bilgilendirme geceleri d\u00fczenliyorlard\u0131 ve burada ameliyat\u0131 yapacak doktorlara her t\u00fcrl\u00fc soruyu sorabilir, hi\u00e7bir zorunluluk hissetmeden bilgi alabiliyordunuz. \u0130svi\u00e7re\u2019de \u00f6n muayenelerin yap\u0131labiliyor olmas\u0131 da g\u00fcven vericiydi. Web sitelerindeki a\u00e7\u0131k ve net fiyat listesi sayesinde maliyetleri g\u00f6rmek de m\u00fcmk\u00fcn oluyordu. MedicalTravel ile e-posta yoluyla \u00e7ok h\u0131zl\u0131 ve kolay bir \u015fekilde ileti\u015fime ge\u00e7tim.<br><br>Ayr\u0131ca lazer g\u00f6z tedavisini Antalya\u2019daki bir hastanede yapt\u0131rmaya karar verdim, b\u00f6ylece bunu Side\/T\u00fcrkiye\u2019deki yaz tatilimle birle\u015ftirebilecektim. Randevumu e-posta ile ald\u0131m ve her \u015fey, var\u0131\u015f, d\u00f6n\u00fc\u015f, ameliyat, konaklama, \u00f6n muayeneler ve t\u0131bbi kontroller dahil olmak \u00fczere organize edildi. Ayr\u0131ca akl\u0131mdaki sorulara da yan\u0131t verdiler. MedicalTravel ile \u00e7ok kolay ve basit bir \u015fekilde ileti\u015fime ge\u00e7mek m\u00fcmk\u00fcnd\u00fc.     <\/p>\n\n\n\n<p>Seyahatimden \u00f6nce, bana t\u00fcm \u00f6nemli bilgiler, telefon numaralar\u0131, \u00fclke hakk\u0131nda \u00e7ok faydal\u0131 bilgiler ve turistik yerleri i\u00e7eren \u00e7ok kullan\u0131\u015fl\u0131 bir rehber olan MedicalTravel-Pass verildi. Ameliyattan iki g\u00fcn \u00f6nce, terc\u00fcman\u0131m beni arayarak hastaneye hangi saatte g\u00f6t\u00fcr\u00fclece\u011fim ve g\u00fcnl\u00fck plan hakk\u0131nda bilgilendirdi.<\/p>\n\n\n\n<p>Ameliyat g\u00fcn\u00fc \u015fof\u00f6r beni al\u0131p hastaneye g\u00f6t\u00fcrd\u00fc. Beni terc\u00fcman kar\u015f\u0131lad\u0131. O g\u00fcn beni nelerin bekledi\u011fini anlatt\u0131 ve her \u015feyi \u00e7evirmek i\u00e7in t\u00fcm zaman boyunca yan\u0131mdayd\u0131. Ard\u0131ndan \u00f6n muayene ba\u015flad\u0131. Her \u015fey detayl\u0131 bir \u015fekilde a\u00e7\u0131kland\u0131. \u00d6\u011fleye do\u011fru \u00f6n muayene ba\u015flamadan \u00f6nce, Almanya\u2019dan gelen 5 di\u011fer hasta ile birlikte \u00f6\u011fle yeme\u011fine gittik. Yakla\u015f\u0131k saat 15.00 civar\u0131nda ameliyat\u0131m ba\u015flad\u0131 ve ameliyat i\u00e7in \u00e7ok iyi haz\u0131rland\u0131\u011f\u0131m i\u00e7in ne olaca\u011f\u0131n\u0131 tam olarak biliyordum. Her iki g\u00f6z i\u00e7in ameliyat toplam 20 dakika s\u00fcrd\u00fc. Ameliyat s\u0131ras\u0131nda hi\u00e7 a\u011fr\u0131 hissetmedim, sadece sonras\u0131nda ba\u015f\u0131mda hafif bir bas\u0131n\u00e7 hissettim. Birka\u00e7 saat uyudum. Ba\u015f\u0131mda bas\u0131n\u00e7 d\u0131\u015f\u0131nda hi\u00e7 a\u011fr\u0131 hissetmedi\u011fime \u00e7ok \u015fa\u015f\u0131rd\u0131m. Ak\u015fam, g\u00f6zl\u00fcklerim olmadan cep telefonumdan ilk mesajlar\u0131 okuyabildim :-). Ertesi sabah t\u0131bbi kontrol\u00fcm yap\u0131ld\u0131 ve her \u015fey yolundayd\u0131. Ard\u0131ndan ameliyattan sonraki haftalarda g\u00f6z damlalar\u0131n\u0131 ka\u00e7 kez kullanmam gerekti\u011fini ve nelere dikkat etmem gerekti\u011fini i\u00e7eren bir bilgi sayfas\u0131 verildi. Daha sonra \u015fof\u00f6r beni otelime g\u00f6t\u00fcrd\u00fc.              <\/p>\n\n\n\n<p>\u0130lk iki g\u00fcn g\u00f6zlerim \u0131\u015f\u0131\u011fa hassas oldu\u011fu i\u00e7in g\u00fcne\u015f g\u00f6zl\u00fc\u011f\u00fc takmak zorundayd\u0131m. G\u00fcne\u015f g\u00f6zl\u00fc\u011f\u00fc takmadan ya\u015fayabildi\u011fim i\u00e7in \u00e7ok memnun oldum ve h\u00e2l\u00e2 \u00e7ok mutluyum. B\u00fcy\u00fck bir y\u00fckten, rahats\u0131z edici g\u00f6zl\u00fcklerden kurtulmu\u015f gibi hissettim. Antalya\u2019da MedicalTravel ile \u00e7al\u0131\u015fan hastanede iyi ellerde oldu\u011fuma inan\u0131yorum ve buray\u0131 herkese tavsiye edebilirim.   <\/p>\n\n\n\n<p>Urs K\u00f6pfli, Wohlen AG-\u0130svi\u00e7re, 20 Temmuz 2012\u2019de Antalya\u2019da ameliyat oldu<\/p>\n\n\n\n<div class=\"wp-block-group is-layout-grid wp-container-core-group-is-layout-baef362d wp-block-group-is-layout-grid\">\n<p><a href=\"https:\/\/medicaltravel.at\/home\/agb\/\" data-type=\"page\" data-id=\"2191\" target=\"_blank\" rel=\"noopener\"><\/a><a href=\"https:\/\/medicaltravel.net\/tr\/hasta-yorumlari\/istanbulda-tatil-ve-250-ml-silikon-implant-ile-meme-buyutme-operasyonu\/\" data-type=\"link\" data-id=\"https:\/\/medicaltravel.net\/tr\/hasta-yorumlari\/istanbulda-tatil-ve-250-ml-silikon-implant-ile-meme-buyutme-operasyonu\/\">\u00d6nceki rapor<\/a><\/p>\n\n\n\n<p class=\"has-text-align-right wp-container-content-5e2576f9\"><a href=\"https:\/\/medicaltravel.at\/home\/impressum\/\" data-type=\"page\" data-id=\"2193\" target=\"_blank\" rel=\"noopener\"><\/a><a href=\"https:\/\/medicaltravel.at\/home\/berichte-von-patienten\/erfahrungsberichte\/erfahrungsbericht-zahnbehandlung-in-istanbul\/\" data-type=\"page\" data-id=\"981\" target=\"_blank\" rel=\"noopener\"><\/a><a href=\"https:\/\/medicaltravel.net\/tr\/hasta-yorumlari\/istanbul-acibadem-hastanesinde-liposuction-yag-aldirma-ameliyatim\/\" data-type=\"link\" data-id=\"https:\/\/medicaltravel.net\/tr\/hasta-yorumlari\/istanbul-acibadem-hastanesinde-liposuction-yag-aldirma-ameliyatim\/\">Bir sonraki rapor<\/a><\/p>\n<\/div>\n","protected":false},"excerpt":{"rendered":"<p>Antalya-T\u00fcrkiye\u2019de MedicalTravel arac\u0131l\u0131\u011f\u0131yla g\u00f6z lazeri tedavim \u2013 Rapor\u2013 Per\u015fembe, 02. A\u011fustos 2012 2 A\u011fustos 2012 Per\u015fembe g\u00fcn\u00fc yaz\u0131ld\u0131 G\u00f6zl\u00fcklerim ger\u00e7ekten rahats\u0131z edici ve k\u0131s\u0131tlay\u0131c\u0131 oldu\u011fu i\u00e7in onlardan kurtulmaya karar verdim. Ancak, \u0130svi\u00e7re\u2019de lazer g\u00f6z ameliyatlar\u0131 o kadar pahal\u0131yd\u0131 ki kar\u015f\u0131layamayaca\u011f\u0131m i\u00e7in alternatifler aramak zorunda kald\u0131m. Yurtd\u0131\u015f\u0131nda lazer g\u00f6z ameliyat\u0131 yapan birka\u00e7 hastane buldum. MedicalTravel\u2019in web sitesindeki ilk izlenimim, \u00e7ok profesyonel olduklar\u0131yd\u0131; s\u00fcrekli olarak bilgilendirme geceleri d\u00fczenliyorlard\u0131 ve burada ameliyat\u0131 yapacak doktorlara her t\u00fcrl\u00fc soruyu sorabilir, hi\u00e7bir zorunluluk hissetmeden bilgi alabiliyordunuz. \u0130svi\u00e7re\u2019de \u00f6n muayenelerin yap\u0131labiliyor olmas\u0131 da g\u00fcven vericiydi. Web sitelerindeki a\u00e7\u0131k ve net fiyat listesi sayesinde maliyetleri g\u00f6rmek de m\u00fcmk\u00fcn oluyordu. MedicalTravel ile e-posta yoluyla \u00e7ok h\u0131zl\u0131 ve kolay bir \u015fekilde ileti\u015fime ge\u00e7tim. Ayr\u0131ca lazer g\u00f6z tedavisini Antalya\u2019daki bir hastanede yapt\u0131rmaya karar verdim, b\u00f6ylece bunu Side\/T\u00fcrkiye\u2019deki yaz tatilimle birle\u015ftirebilecektim. Randevumu e-posta ile ald\u0131m ve her \u015fey, var\u0131\u015f, d\u00f6n\u00fc\u015f, ameliyat, konaklama, \u00f6n muayeneler ve t\u0131bbi kontroller dahil olmak \u00fczere organize edildi. Ayr\u0131ca akl\u0131mdaki sorulara da yan\u0131t verdiler. MedicalTravel ile \u00e7ok kolay ve basit bir \u015fekilde ileti\u015fime ge\u00e7mek m\u00fcmk\u00fcnd\u00fc. Seyahatimden \u00f6nce, bana t\u00fcm \u00f6nemli bilgiler, telefon numaralar\u0131, \u00fclke hakk\u0131nda \u00e7ok faydal\u0131 bilgiler ve turistik yerleri i\u00e7eren \u00e7ok kullan\u0131\u015fl\u0131 bir rehber olan MedicalTravel-Pass verildi. Ameliyattan iki g\u00fcn \u00f6nce, terc\u00fcman\u0131m beni arayarak hastaneye hangi saatte g\u00f6t\u00fcr\u00fclece\u011fim ve g\u00fcnl\u00fck plan hakk\u0131nda bilgilendirdi. Ameliyat g\u00fcn\u00fc \u015fof\u00f6r beni al\u0131p hastaneye g\u00f6t\u00fcrd\u00fc. Beni terc\u00fcman kar\u015f\u0131lad\u0131. O g\u00fcn beni nelerin bekledi\u011fini anlatt\u0131 ve her \u015feyi \u00e7evirmek i\u00e7in t\u00fcm zaman boyunca yan\u0131mdayd\u0131. Ard\u0131ndan \u00f6n muayene ba\u015flad\u0131. Her \u015fey detayl\u0131 bir \u015fekilde a\u00e7\u0131kland\u0131. \u00d6\u011fleye do\u011fru \u00f6n muayene ba\u015flamadan \u00f6nce, Almanya\u2019dan gelen 5 di\u011fer hasta ile birlikte \u00f6\u011fle yeme\u011fine gittik. Yakla\u015f\u0131k saat 15.00 civar\u0131nda ameliyat\u0131m ba\u015flad\u0131 ve ameliyat i\u00e7in \u00e7ok iyi haz\u0131rland\u0131\u011f\u0131m i\u00e7in ne olaca\u011f\u0131n\u0131 tam olarak biliyordum. Her iki g\u00f6z i\u00e7in ameliyat toplam 20 dakika s\u00fcrd\u00fc. Ameliyat s\u0131ras\u0131nda hi\u00e7 a\u011fr\u0131 hissetmedim, sadece sonras\u0131nda ba\u015f\u0131mda hafif bir bas\u0131n\u00e7 hissettim. Birka\u00e7 saat uyudum. Ba\u015f\u0131mda bas\u0131n\u00e7 d\u0131\u015f\u0131nda hi\u00e7 a\u011fr\u0131 hissetmedi\u011fime \u00e7ok \u015fa\u015f\u0131rd\u0131m. Ak\u015fam, g\u00f6zl\u00fcklerim olmadan cep telefonumdan ilk mesajlar\u0131 okuyabildim :-). Ertesi sabah t\u0131bbi kontrol\u00fcm yap\u0131ld\u0131 ve her \u015fey yolundayd\u0131. Ard\u0131ndan ameliyattan sonraki haftalarda g\u00f6z damlalar\u0131n\u0131 ka\u00e7 kez kullanmam gerekti\u011fini ve nelere dikkat etmem gerekti\u011fini i\u00e7eren bir bilgi sayfas\u0131 verildi. Daha sonra \u015fof\u00f6r beni otelime g\u00f6t\u00fcrd\u00fc. \u0130lk iki g\u00fcn g\u00f6zlerim \u0131\u015f\u0131\u011fa hassas oldu\u011fu i\u00e7in g\u00fcne\u015f g\u00f6zl\u00fc\u011f\u00fc takmak zorundayd\u0131m. G\u00fcne\u015f g\u00f6zl\u00fc\u011f\u00fc takmadan ya\u015fayabildi\u011fim i\u00e7in \u00e7ok memnun oldum ve h\u00e2l\u00e2 \u00e7ok mutluyum. B\u00fcy\u00fck bir y\u00fckten, rahats\u0131z edici g\u00f6zl\u00fcklerden kurtulmu\u015f gibi hissettim. Antalya\u2019da MedicalTravel ile \u00e7al\u0131\u015fan hastanede iyi ellerde oldu\u011fuma inan\u0131yorum ve buray\u0131 herkese tavsiye edebilirim. Urs K\u00f6pfli, Wohlen AG-\u0130svi\u00e7re, 20 Temmuz 2012\u2019de Antalya\u2019da ameliyat oldu \u00d6nceki rapor Bir sonraki rapor<\/p>\n","protected":false},"author":4,"featured_media":0,"parent":2800,"menu_order":0,"comment_status":"closed","ping_status":"closed","template":"","meta":{"_joinchat":[],"footnotes":""},"class_list":["post-2816","page","type-page","status-publish","hentry"],"acf":[],"_links":{"self":[{"href":"https:\/\/medicaltravel.net\/tr\/wp-json\/wp\/v2\/pages\/2816","targetHints":{"allow":["GET"]}}],"collection":[{"href":"https:\/\/medicaltravel.net\/tr\/wp-json\/wp\/v2\/pages"}],"about":[{"href":"https:\/\/medicaltravel.net\/tr\/wp-json\/wp\/v2\/types\/page"}],"author":[{"embeddable":true,"href":"https:\/\/medicaltravel.net\/tr\/wp-json\/wp\/v2\/users\/4"}],"replies":[{"embeddable":true,"href":"https:\/\/medicaltravel.net\/tr\/wp-json\/wp\/v2\/comments?post=2816"}],"version-history":[{"count":2,"href":"https:\/\/medicaltravel.net\/tr\/wp-json\/wp\/v2\/pages\/2816\/revisions"}],"predecessor-version":[{"id":3317,"href":"https:\/\/medicaltravel.net\/tr\/wp-json\/wp\/v2\/pages\/2816\/revisions\/3317"}],"up":[{"embeddable":true,"href":"https:\/\/medicaltravel.net\/tr\/wp-json\/wp\/v2\/pages\/2800"}],"wp:attachment":[{"href":"https:\/\/medicaltravel.net\/tr\/wp-json\/wp\/v2\/media?parent=2816"}],"curies":[{"name":"wp","href":"https:\/\/api.w.org\/{rel}","templated":true}]}}