{"id":2818,"date":"2025-09-29T10:04:30","date_gmt":"2025-09-29T09:04:30","guid":{"rendered":"https:\/\/medicaltravel.net\/hasta-yorumlari\/istanbul-acibadem-hastanesinde-liposuction-yag-aldirma-ameliyatim\/"},"modified":"2026-01-13T13:59:54","modified_gmt":"2026-01-13T12:59:54","slug":"istanbul-acibadem-hastanesinde-liposuction-yag-aldirma-ameliyatim","status":"publish","type":"page","link":"https:\/\/medicaltravel.net\/tr\/hasta-yorumlari\/istanbul-acibadem-hastanesinde-liposuction-yag-aldirma-ameliyatim\/","title":{"rendered":"\u0130stanbul Ac\u0131badem Hastanesi\u2019nde Liposuction (ya\u011f ald\u0131rma) Ameliyat\u0131m"},"content":{"rendered":"\n<h3 class=\"wp-block-heading\">\u0130stanbul Ac\u0131badem Hastanesi\u2019nde liposuction (ya\u011f ald\u0131rma) ameliyat\u0131m<\/h3>\n\n\n\n<p>\u2013 Rapor\u2013 Pazar, 07. A\u011fustos 2011 <\/p>\n\n\n\n<p>07 A\u011fustos 2011 Pazartesi g\u00fcn\u00fc yaz\u0131ld\u0131<\/p>\n\n\n\n<p>Uzun s\u00fcredir kal\u00e7a ve bacaklar\u0131mdaki ya\u011flardan rahats\u0131z oluyordum. Hangi diyet veya sporu denediysem bu b\u00f6lgeleri inceltemedim. Ameliyatlar hakk\u0131nda internet ara\u015ft\u0131rmas\u0131 yap\u0131yordum. Sonu\u00e7lar\u0131 ve olas\u0131 riskleri \u00e7ok dikkatli bir \u015fekilde inceledim. Hastalar taraf\u0131ndan yaz\u0131lm\u0131\u015f \u00e7ok say\u0131da olumlu deneyim buldum. Sonu\u00e7lar ger\u00e7ekten m\u00fckemmel g\u00f6r\u00fcn\u00fcyordu. Bunun \u00fczerine liposuction yapt\u0131rmaya karar verdim. \u015eimdi yap\u0131lacak tek \u015fey do\u011fru cerrah\u0131 bulmakt\u0131. Bir meslekta\u015f\u0131m g\u00f6z ameliyat\u0131 i\u00e7in \u0130stanbul\u2019a gitmi\u015fti; bu bana cerrahi bir i\u015flem i\u00e7in \u0130stanbul\u2019a gitme fikrini verdi. Ayr\u0131ca tatilde olup de\u011fi\u015fmi\u015f bir \u015fekilde geri d\u00f6nme fikrini de \u00e7ok sevdim. Swisslasik\u2019ten cerrah hakk\u0131nda bilgi talep ettim ve hemen \u00f6zge\u00e7mi\u015fini g\u00f6nderdiler. G\u00f6r\u00fcn\u00fc\u015fe g\u00f6re estetik cerrahiler i\u00e7in en iyi adres Bay \u015e\u00fckr\u00fc Yazar\u2019d\u0131.           <\/p>\n\n\n\n<p>\u00d6ncelikle, T\u00fcrkiye\u2019de ameliyat olma fikri bana biraz garip geldi; ancak iyice d\u00fc\u015f\u00fcnd\u00fc\u011f\u00fcmde, risklerin her yerde ayn\u0131 oldu\u011funu fark ettim. Hastane i\u00e7in sanal bir tur mevcuttu ve ilk bak\u0131\u015fta ger\u00e7ekten etkilendim. Bunun \u00fczerine ameliyat olmaya karar verdim ve ba\u015fvurdum. <\/p>\n\n\n\n<p>Meslekta\u015f\u0131mla birlikte Z\u00fcrih\u2019ten \u0130stanbul\u2019a u\u00e7tuk. Ac\u0131badem Hastanesi\u2019nin \u015fof\u00f6r\u00fc beni havaalan\u0131nda kar\u015f\u0131lad\u0131 ve cerrah\u0131n \u00f6n muayenesi i\u00e7in hastaneye g\u00f6t\u00fcrd\u00fc. Hastanede, yan\u0131mda bulunan \u015eeyma beni kar\u015f\u0131lad\u0131. Sadece \u0130ngilizce konu\u015fabiliyordu, ancak ben \u0130ngilizceyi \u00e7ok iyi bildi\u011fim i\u00e7in sorun olmad\u0131. Kimlik bilgilerimi verdikten sonra cerrahla randevum ba\u015flad\u0131. Cerrah v\u00fccuduma bakt\u0131, ya\u011f\u0131n hangi b\u00f6lgelerden al\u0131naca\u011f\u0131n\u0131 g\u00f6sterdi ve riskleri bir kez daha anlatt\u0131. Ayr\u0131ca narkoz hakk\u0131nda da konu\u015ftuk; ben narkozu tercih etmedi\u011fim i\u00e7in anestezi uzman\u0131 da geldi ve lokal anestezi talep ettim. Ard\u0131ndan kan\u0131m al\u0131nd\u0131 ve otelime geri g\u00f6t\u00fcr\u00fcld\u00fcm.<br><br>Ertesi g\u00fcn saat 07.00\u2019de \u015fof\u00f6r beni al\u0131p hastaneye g\u00f6t\u00fcrd\u00fc. Odam g\u00f6sterildi ve yerle\u015firken doktor geldi, ya\u011f\u0131n al\u0131naca\u011f\u0131 b\u00f6lgeleri i\u015faretledi. Ard\u0131ndan narkoz uzman\u0131 geldi ve hangi t\u00fcr narkozu istedi\u011fimi benimle tart\u0131\u015ft\u0131. K\u0131sa s\u00fcre sonra ameliyat odas\u0131na al\u0131nd\u0131m. Narkoz verildi ve yar\u0131 uyku halindeydim. Ameliyat\u0131 hi\u00e7 hissetmedim. 2 saat sonra uyand\u0131r\u0131ld\u0131m ve operasyonun bitti\u011fi s\u00f6ylendi. Bir s\u00fcre uyanma odas\u0131nda kald\u0131m, ard\u0131ndan hem\u015fire beni odama g\u00f6t\u00fcrd\u00fc. Kendimi \u00e7ok iyi hissediyordum ama biraz sersemlemi\u015ftim. Birka\u00e7 saat sonra Bay \u015e\u00fckr\u00fc Yazar gelerek iyili\u011fim hakk\u0131nda bilgi ald\u0131; a\u011fr\u0131m olup olmad\u0131\u011f\u0131n\u0131 sordu. Bana a\u011fr\u0131 kesici i\u00e7eren serum verildi ve yemek verildi. Ameliyattan sonra aya\u011fa kalkman\u0131n \u00f6nemli oldu\u011fu s\u00f6ylendi\u011fi i\u00e7in bir hem\u015fire aya\u011fa kalkmama yard\u0131m etti. Tuvalete gidene kadar biraz sersemledim ama y\u00fcr\u00fcyebiliyordum. Hem\u015fireler \u00e7ok samimiydi ve bana \u00e7ok \u00f6zen g\u00f6sterdiler. Bazen ileti\u015fim kurmakta zorland\u0131k ama jestlerle her \u015feyi a\u015ft\u0131k. Ak\u015fam ge\u00e7 saatlerde kendi ba\u015f\u0131ma y\u00fcr\u00fcyebildim.<br><br>Hastanede bir gece kald\u0131m ve kal\u00e7alar\u0131m\u0131 ve bacaklar\u0131m\u0131 ilk kez g\u00f6rebildim. Her yer morluklarla kapl\u0131 olmas\u0131na ra\u011fmen kal\u00e7alar\u0131mda belirgin bir de\u011fi\u015fiklik oldu\u011funu g\u00f6rd\u00fcm ve \u00e7ok mutlu oldum. Bana bir re\u00e7ete verildi ve ila\u00e7lar\u0131m\u0131 nas\u0131l alaca\u011f\u0131m anlat\u0131ld\u0131. Ard\u0131ndan gen\u00e7 bir g\u00f6revli ila\u00e7lar\u0131m\u0131 getirdi. Hastaneden \u00e7\u0131kma zaman\u0131 geldi\u011finde \u015fof\u00f6r beni otelime g\u00f6t\u00fcrd\u00fc. Hastaneden ve hizmetten \u00e7ok memnun kald\u0131\u011f\u0131m\u0131 s\u00f6yleyebilirim. Servis m\u00fckemmeldi ve tek ki\u015filik oda adeta bir otel odas\u0131 gibiydi. Ger\u00e7ekten harikayd\u0131!                               <\/p>\n\n\n\n<p>B\u00fct\u00fcn g\u00fcn \u00e7ok yorgundum ama zaman zaman y\u00fcr\u00fcd\u00fcm. \u015eimdi a\u011fr\u0131y\u0131 hissetmeye ba\u015flad\u0131m. A\u011fr\u0131, kas tutulmas\u0131na benziyordu.  <\/p>\n\n\n\n<p>Gece, ila\u00e7lar sayesinde sorunsuz ge\u00e7ti. Ertesi g\u00fcn du\u015f ald\u0131m. Her \u015fey yolundayd\u0131 ama a\u011fr\u0131 devam ediyordu ve hareketlerim \u00e7ok sertti. Ameliyat b\u00f6lgeleri \u00e7ok k\u00f6t\u00fc g\u00f6r\u00fcn\u00fcyordu. Ancak iyi bilgilendirildi\u011fim i\u00e7in bunun normal oldu\u011funu biliyordum. Ayn\u0131 g\u00fcn Kapal\u0131\u00e7ar\u015f\u0131\u2019y\u0131 bile gezdim ama \u00e7ok \u00e7abuk yoruldum ve otele d\u00f6nd\u00fc\u011f\u00fcm\u00fczde \u00e7ok rahatlad\u0131m.     <\/p>\n\n\n\n<p>Ertesi g\u00fcn \u0130svi\u00e7re\u2019ye u\u00e7tum. U\u00e7u\u015f sorunsuz ge\u00e7ti ve eve d\u00f6nm\u00fc\u015f olmaktan \u00e7ok memnun oldum. Bana verilen \u00f6zel k\u0131yafetlerden kurtulup du\u015f alabildim. A\u011fr\u0131 belirgin \u015fekilde azalm\u0131\u015ft\u0131 ve \u00e7ok daha rahat hareket edebiliyordum. Seyahatten sonra \u00e7ok iyi bir uyku \u00e7ektim.    <\/p>\n\n\n\n<p>Ameliyattan 4 hafta sonra bug\u00fcn, hi\u00e7 a\u011fr\u0131 hissetmiyorum ve morluklar\u0131m kalmad\u0131. \u0130zler o kadar k\u00fc\u00e7\u00fck ki neredeyse g\u00f6r\u00fcnmez. Nihai sonu\u00e7lar\u0131 g\u00f6rmek i\u00e7in hen\u00fcz \u00e7ok erken olmas\u0131na ra\u011fmen, g\u00f6rd\u00fcklerimden memnun olmak beni \u00e7ok mutlu ediyor!  <br>Jeanette Kramer<\/p>\n\n\n\n<div class=\"wp-block-group is-layout-grid wp-container-core-group-is-layout-baef362d wp-block-group-is-layout-grid\">\n<p><a href=\"https:\/\/medicaltravel.at\/home\/agb\/\" data-type=\"page\" data-id=\"2191\" target=\"_blank\" rel=\"noopener\"><\/a><a href=\"https:\/\/medicaltravel.net\/tr\/hasta-yorumlari\/antalya-turkiyede-medicaltravel-araciligiyla-goz-lazeri-tedavim\/\" data-type=\"link\" data-id=\"https:\/\/medicaltravel.net\/testimonials\/my-laser-eye-treatment-in-antalya-turkey-via-medicaltravel\/\"><a href=\"https:\/\/medicaltravel.ch\/tr\/hasta-raporlari\/referanslar-tavsiyeler-tedaviler-degerlendirmeler-turkiye-istanbul\/istanbulda-meme-kuecueltme-liposuctioni-hakkinda-hasta-yorumu\/\" data-type=\"link\" data-id=\"https:\/\/medicaltravel.ch\/tr\/hasta-raporlari\/referanslar-tavsiyeler-tedaviler-degerlendirmeler-turkiye-istanbul\/istanbulda-meme-kuecueltme-liposuctioni-hakkinda-hasta-yorumu\/\" target=\"_blank\" rel=\"noopener\">\u00d6nceki rapor<\/a><\/a><\/p>\n\n\n\n<p class=\"has-text-align-right wp-container-content-5e2576f9\"><a href=\"https:\/\/medicaltravel.at\/home\/impressum\/\" data-type=\"page\" data-id=\"2193\" target=\"_blank\" rel=\"noopener\"><\/a><a href=\"https:\/\/medicaltravel.at\/home\/berichte-von-patienten\/erfahrungsberichte\/erfahrungsbericht-zahnbehandlung-in-istanbul\/\" data-type=\"page\" data-id=\"981\" target=\"_blank\" rel=\"noopener\"><\/a><a href=\"https:\/\/medicaltravel.net\/tr\/hasta-yorumlari\/istanbulda-dis-tedavim\/\" data-type=\"link\" data-id=\"https:\/\/medicaltravel.net\/testimonials\/my-dental-treatment-in-istanbul\/\"><a href=\"https:\/\/medicaltravel.ch\/tr\/hasta-raporlari\/referanslar-tavsiyeler-tedaviler-degerlendirmeler-turkiye-istanbul\/deneyim-raporu-goez-kapagi-kaldirma-istanbulda-goez-kapagi-ameliyati-hasta-yorumu\/\" data-type=\"link\" data-id=\"https:\/\/medicaltravel.ch\/tr\/hasta-raporlari\/referanslar-tavsiyeler-tedaviler-degerlendirmeler-turkiye-istanbul\/deneyim-raporu-goez-kapagi-kaldirma-istanbulda-goez-kapagi-ameliyati-hasta-yorumu\/\" target=\"_blank\" rel=\"noopener\">Bir sonraki rapor<\/a><\/a><\/p>\n<\/div>\n","protected":false},"excerpt":{"rendered":"<p>\u0130stanbul Ac\u0131badem Hastanesi\u2019nde liposuction (ya\u011f ald\u0131rma) ameliyat\u0131m \u2013 Rapor\u2013 Pazar, 07. A\u011fustos 2011 07 A\u011fustos 2011 Pazartesi g\u00fcn\u00fc yaz\u0131ld\u0131 Uzun s\u00fcredir kal\u00e7a ve bacaklar\u0131mdaki ya\u011flardan rahats\u0131z oluyordum. Hangi diyet veya sporu denediysem bu b\u00f6lgeleri inceltemedim. Ameliyatlar hakk\u0131nda internet ara\u015ft\u0131rmas\u0131 yap\u0131yordum. Sonu\u00e7lar\u0131 ve olas\u0131 riskleri \u00e7ok dikkatli bir \u015fekilde inceledim. Hastalar taraf\u0131ndan yaz\u0131lm\u0131\u015f \u00e7ok say\u0131da olumlu deneyim buldum. Sonu\u00e7lar ger\u00e7ekten m\u00fckemmel g\u00f6r\u00fcn\u00fcyordu. Bunun \u00fczerine liposuction yapt\u0131rmaya karar verdim. \u015eimdi yap\u0131lacak tek \u015fey do\u011fru cerrah\u0131 bulmakt\u0131. Bir meslekta\u015f\u0131m g\u00f6z ameliyat\u0131 i\u00e7in \u0130stanbul\u2019a gitmi\u015fti; bu bana cerrahi bir i\u015flem i\u00e7in \u0130stanbul\u2019a gitme fikrini verdi. Ayr\u0131ca tatilde olup de\u011fi\u015fmi\u015f bir \u015fekilde geri d\u00f6nme fikrini de \u00e7ok sevdim. Swisslasik\u2019ten cerrah hakk\u0131nda bilgi talep ettim ve hemen \u00f6zge\u00e7mi\u015fini g\u00f6nderdiler. G\u00f6r\u00fcn\u00fc\u015fe g\u00f6re estetik cerrahiler i\u00e7in en iyi adres Bay \u015e\u00fckr\u00fc Yazar\u2019d\u0131. \u00d6ncelikle, T\u00fcrkiye\u2019de ameliyat olma fikri bana biraz garip geldi; ancak iyice d\u00fc\u015f\u00fcnd\u00fc\u011f\u00fcmde, risklerin her yerde ayn\u0131 oldu\u011funu fark ettim. Hastane i\u00e7in sanal bir tur mevcuttu ve ilk bak\u0131\u015fta ger\u00e7ekten etkilendim. Bunun \u00fczerine ameliyat olmaya karar verdim ve ba\u015fvurdum. Meslekta\u015f\u0131mla birlikte Z\u00fcrih\u2019ten \u0130stanbul\u2019a u\u00e7tuk. Ac\u0131badem Hastanesi\u2019nin \u015fof\u00f6r\u00fc beni havaalan\u0131nda kar\u015f\u0131lad\u0131 ve cerrah\u0131n \u00f6n muayenesi i\u00e7in hastaneye g\u00f6t\u00fcrd\u00fc. Hastanede, yan\u0131mda bulunan \u015eeyma beni kar\u015f\u0131lad\u0131. Sadece \u0130ngilizce konu\u015fabiliyordu, ancak ben \u0130ngilizceyi \u00e7ok iyi bildi\u011fim i\u00e7in sorun olmad\u0131. Kimlik bilgilerimi verdikten sonra cerrahla randevum ba\u015flad\u0131. Cerrah v\u00fccuduma bakt\u0131, ya\u011f\u0131n hangi b\u00f6lgelerden al\u0131naca\u011f\u0131n\u0131 g\u00f6sterdi ve riskleri bir kez daha anlatt\u0131. Ayr\u0131ca narkoz hakk\u0131nda da konu\u015ftuk; ben narkozu tercih etmedi\u011fim i\u00e7in anestezi uzman\u0131 da geldi ve lokal anestezi talep ettim. Ard\u0131ndan kan\u0131m al\u0131nd\u0131 ve otelime geri g\u00f6t\u00fcr\u00fcld\u00fcm. Ertesi g\u00fcn saat 07.00\u2019de \u015fof\u00f6r beni al\u0131p hastaneye g\u00f6t\u00fcrd\u00fc. Odam g\u00f6sterildi ve yerle\u015firken doktor geldi, ya\u011f\u0131n al\u0131naca\u011f\u0131 b\u00f6lgeleri i\u015faretledi. Ard\u0131ndan narkoz uzman\u0131 geldi ve hangi t\u00fcr narkozu istedi\u011fimi benimle tart\u0131\u015ft\u0131. K\u0131sa s\u00fcre sonra ameliyat odas\u0131na al\u0131nd\u0131m. Narkoz verildi ve yar\u0131 uyku halindeydim. Ameliyat\u0131 hi\u00e7 hissetmedim. 2 saat sonra uyand\u0131r\u0131ld\u0131m ve operasyonun bitti\u011fi s\u00f6ylendi. Bir s\u00fcre uyanma odas\u0131nda kald\u0131m, ard\u0131ndan hem\u015fire beni odama g\u00f6t\u00fcrd\u00fc. Kendimi \u00e7ok iyi hissediyordum ama biraz sersemlemi\u015ftim. Birka\u00e7 saat sonra Bay \u015e\u00fckr\u00fc Yazar gelerek iyili\u011fim hakk\u0131nda bilgi ald\u0131; a\u011fr\u0131m olup olmad\u0131\u011f\u0131n\u0131 sordu. Bana a\u011fr\u0131 kesici i\u00e7eren serum verildi ve yemek verildi. Ameliyattan sonra aya\u011fa kalkman\u0131n \u00f6nemli oldu\u011fu s\u00f6ylendi\u011fi i\u00e7in bir hem\u015fire aya\u011fa kalkmama yard\u0131m etti. Tuvalete gidene kadar biraz sersemledim ama y\u00fcr\u00fcyebiliyordum. Hem\u015fireler \u00e7ok samimiydi ve bana \u00e7ok \u00f6zen g\u00f6sterdiler. Bazen ileti\u015fim kurmakta zorland\u0131k ama jestlerle her \u015feyi a\u015ft\u0131k. Ak\u015fam ge\u00e7 saatlerde kendi ba\u015f\u0131ma y\u00fcr\u00fcyebildim. Hastanede bir gece kald\u0131m ve kal\u00e7alar\u0131m\u0131 ve bacaklar\u0131m\u0131 ilk kez g\u00f6rebildim. Her yer morluklarla kapl\u0131 olmas\u0131na ra\u011fmen kal\u00e7alar\u0131mda belirgin bir de\u011fi\u015fiklik oldu\u011funu g\u00f6rd\u00fcm ve \u00e7ok mutlu oldum. Bana bir re\u00e7ete verildi ve ila\u00e7lar\u0131m\u0131 nas\u0131l alaca\u011f\u0131m anlat\u0131ld\u0131. Ard\u0131ndan gen\u00e7 bir g\u00f6revli ila\u00e7lar\u0131m\u0131 getirdi. Hastaneden \u00e7\u0131kma zaman\u0131 geldi\u011finde \u015fof\u00f6r beni otelime g\u00f6t\u00fcrd\u00fc. Hastaneden ve hizmetten \u00e7ok memnun kald\u0131\u011f\u0131m\u0131 s\u00f6yleyebilirim. Servis m\u00fckemmeldi ve tek ki\u015filik oda adeta bir otel odas\u0131 gibiydi. Ger\u00e7ekten harikayd\u0131! B\u00fct\u00fcn g\u00fcn \u00e7ok yorgundum ama zaman zaman y\u00fcr\u00fcd\u00fcm. \u015eimdi a\u011fr\u0131y\u0131 hissetmeye ba\u015flad\u0131m. A\u011fr\u0131, kas tutulmas\u0131na benziyordu. Gece, ila\u00e7lar sayesinde sorunsuz ge\u00e7ti. Ertesi g\u00fcn du\u015f ald\u0131m. Her \u015fey yolundayd\u0131 ama a\u011fr\u0131 devam ediyordu ve hareketlerim \u00e7ok sertti. Ameliyat b\u00f6lgeleri \u00e7ok k\u00f6t\u00fc g\u00f6r\u00fcn\u00fcyordu. Ancak iyi bilgilendirildi\u011fim i\u00e7in bunun normal oldu\u011funu biliyordum. Ayn\u0131 g\u00fcn Kapal\u0131\u00e7ar\u015f\u0131\u2019y\u0131 bile gezdim ama \u00e7ok \u00e7abuk yoruldum ve otele d\u00f6nd\u00fc\u011f\u00fcm\u00fczde \u00e7ok rahatlad\u0131m. Ertesi g\u00fcn \u0130svi\u00e7re\u2019ye u\u00e7tum. U\u00e7u\u015f sorunsuz ge\u00e7ti ve eve d\u00f6nm\u00fc\u015f olmaktan \u00e7ok memnun oldum. Bana verilen \u00f6zel k\u0131yafetlerden kurtulup du\u015f alabildim. A\u011fr\u0131 belirgin \u015fekilde azalm\u0131\u015ft\u0131 ve \u00e7ok daha rahat hareket edebiliyordum. Seyahatten sonra \u00e7ok iyi bir uyku \u00e7ektim. Ameliyattan 4 hafta sonra bug\u00fcn, hi\u00e7 a\u011fr\u0131 hissetmiyorum ve morluklar\u0131m kalmad\u0131. \u0130zler o kadar k\u00fc\u00e7\u00fck ki neredeyse g\u00f6r\u00fcnmez. Nihai sonu\u00e7lar\u0131 g\u00f6rmek i\u00e7in hen\u00fcz \u00e7ok erken olmas\u0131na ra\u011fmen, g\u00f6rd\u00fcklerimden memnun olmak beni \u00e7ok mutlu ediyor! Jeanette Kramer \u00d6nceki rapor Bir sonraki rapor<\/p>\n","protected":false},"author":4,"featured_media":0,"parent":2800,"menu_order":0,"comment_status":"closed","ping_status":"closed","template":"","meta":{"_joinchat":[],"footnotes":""},"class_list":["post-2818","page","type-page","status-publish","hentry"],"acf":[],"_links":{"self":[{"href":"https:\/\/medicaltravel.net\/tr\/wp-json\/wp\/v2\/pages\/2818","targetHints":{"allow":["GET"]}}],"collection":[{"href":"https:\/\/medicaltravel.net\/tr\/wp-json\/wp\/v2\/pages"}],"about":[{"href":"https:\/\/medicaltravel.net\/tr\/wp-json\/wp\/v2\/types\/page"}],"author":[{"embeddable":true,"href":"https:\/\/medicaltravel.net\/tr\/wp-json\/wp\/v2\/users\/4"}],"replies":[{"embeddable":true,"href":"https:\/\/medicaltravel.net\/tr\/wp-json\/wp\/v2\/comments?post=2818"}],"version-history":[{"count":2,"href":"https:\/\/medicaltravel.net\/tr\/wp-json\/wp\/v2\/pages\/2818\/revisions"}],"predecessor-version":[{"id":3318,"href":"https:\/\/medicaltravel.net\/tr\/wp-json\/wp\/v2\/pages\/2818\/revisions\/3318"}],"up":[{"embeddable":true,"href":"https:\/\/medicaltravel.net\/tr\/wp-json\/wp\/v2\/pages\/2800"}],"wp:attachment":[{"href":"https:\/\/medicaltravel.net\/tr\/wp-json\/wp\/v2\/media?parent=2818"}],"curies":[{"name":"wp","href":"https:\/\/api.w.org\/{rel}","templated":true}]}}