{"id":2820,"date":"2025-09-29T10:01:18","date_gmt":"2025-09-29T09:01:18","guid":{"rendered":"https:\/\/medicaltravel.net\/hasta-yorumlari\/istanbul-turkiyede-burun-ameliyatim-deneyimi\/"},"modified":"2026-01-13T13:54:03","modified_gmt":"2026-01-13T12:54:03","slug":"istanbul-turkiyede-burun-ameliyatim-deneyimi","status":"publish","type":"page","link":"https:\/\/medicaltravel.net\/tr\/hasta-yorumlari\/istanbul-turkiyede-burun-ameliyatim-deneyimi\/","title":{"rendered":"\u0130stanbul-T\u00fcrkiye\u2019de burun ameliyat\u0131m deneyimi"},"content":{"rendered":"\n<h3 class=\"wp-block-heading\">\u0130STANBUL-T\u00dcRK\u0130YE\u2019DE BURUN AMEL\u0130YATIM DENEY\u0130M\u0130<\/h3>\n\n\n\n<p>\u2013 Rapor\u2013 Per\u015fembe, 20 Aral\u0131k 2018 <\/p>\n\n\n\n<p>\u0130nternette \u00e7e\u015fitli estetik kliniklerini ara\u015ft\u0131rd\u0131ktan sonra, Medical Travel\u2019in web sitesi beni en \u00e7ok etkiledi.<\/p>\n\n\n\n<p>Burun ucu d\u00fczeltmesi ile ilgileniyordum. Dan\u0131\u015fmanl\u0131k almak i\u00e7in, tedavi olacak doktor Prof. Ersoy ile Z\u00fcrih\u2019te Bay Kara arac\u0131l\u0131\u011f\u0131yla ki\u015fisel bir g\u00f6r\u00fc\u015fme yapabildim. <\/p>\n\n\n\n<p>G\u00f6r\u00fc\u015fmeden sonra tekrar d\u00fc\u015f\u00fcnmek i\u00e7in biraz zamana ihtiyac\u0131m vard\u0131.<\/p>\n\n\n\n<p>Anla\u015fma gere\u011fi, Bay Kara benim i\u00e7in t\u00fcm seyahati organize etti; u\u00e7u\u015f, otel, hastane konaklamas\u0131, terc\u00fcman.<\/p>\n\n\n\n<p>Bu konuda hi\u00e7bir \u015feyle ilgilenmek zorunda olmamam beni \u00e7ok memnun etti. \u00dcstelik her \u015fey m\u00fckemmel bir \u015fekilde ilerledi. <\/p>\n\n\n\n<p>Her zaman otelden \u00e7ok dakik bir \u015fekilde al\u0131nd\u0131m. Otel m\u00fckemmeldi, odalar \u00e7ok geni\u015fti ve kahvalt\u0131s\u0131 harikayd\u0131. <\/p>\n\n\n\n<p>Ameliyat\u0131n kendisi hastanede sorunsuz ge\u00e7ti. Ameliyattan sonra, genel anestezi sonras\u0131 gerekli oldu\u011fu i\u00e7in bir s\u00fcre hastanede kald\u0131m. Oda \u00e7ok g\u00fczel ve tamamen temizdi.  <\/p>\n\n\n\n<p>\u0130lk yedi g\u00fcn boyunca burun al\u00e7\u0131dayd\u0131. Bir hafta sonra al\u00e7\u0131 \u00e7\u0131kar\u0131ld\u0131 ve \u00f6zel bir bant yap\u0131\u015ft\u0131r\u0131ld\u0131. T\u00fcm diki\u015fler al\u0131nd\u0131.  <\/p>\n\n\n\n<p>Bant \u00e7\u0131kar\u0131ld\u0131ktan sonra burun h\u00e2l\u00e2 birka\u00e7 g\u00fcn \u015fi\u015fti ve nihai sonu\u00e7 ortaya \u00e7\u0131kmaya ba\u015flad\u0131. Benim i\u00e7in sonu\u00e7 hemen belirgin olmad\u0131\u011f\u0131ndan, ilk ba\u015fta biraz hayal k\u0131r\u0131kl\u0131\u011f\u0131na u\u011frad\u0131m. <\/p>\n\n\n\n<p>Ama \u015fimdi, \u0130stanbul\u2019dan alt\u0131 hafta sonra \u00e7ok memnunum ve burnun \u00e7ok daha d\u00fczg\u00fcn oldu\u011funu net bir \u015fekilde g\u00f6rebiliyorum.<\/p>\n\n\n\n<p>Ameliyattan sonra bana antibiyotik ve a\u011fr\u0131 kesici verildi ve bunlar\u0131 ayr\u0131 \u00f6dedim. Genel olarak, her \u015fey \u00e7ok iyi organize edilmi\u015f ve tamamen profesyoneldi. <\/p>\n\n\n\n<p>Benim i\u00e7in ameliyat buna de\u011ferdi.<br>Sayg\u0131lar\u0131mla<\/p>\n\n\n\n<p>Claudia Rudolf<\/p>\n\n\n\n<div class=\"wp-block-group is-layout-grid wp-container-core-group-is-layout-baef362d wp-block-group-is-layout-grid\">\n<p><\/p>\n\n\n\n<p class=\"has-text-align-right wp-container-content-5e2576f9\"><a href=\"https:\/\/medicaltravel.at\/home\/impressum\/\" data-type=\"page\" data-id=\"2193\" target=\"_blank\" rel=\"noopener\"><\/a><a href=\"https:\/\/medicaltravel.at\/home\/berichte-von-patienten\/erfahrungsberichte\/erfahrungsbericht-zahnbehandlung-in-istanbul\/\" data-type=\"page\" data-id=\"981\" target=\"_blank\" rel=\"noopener\"><\/a><a href=\"https:\/\/medicaltravel.net\/tr\/hasta-yorumlari\/yuksek-hizmet-en-iyi-sonuclar\/\" data-type=\"link\" data-id=\"https:\/\/medicaltravel.net\/testimonials\/high-service-best-results\/\"><a href=\"https:\/\/medicaltravel.ch\/tr\/hasta-raporlari\/referanslar-tavsiyeler-tedaviler-degerlendirmeler-turkiye-istanbul\/deneyim-raporu-goez-kapagi-kaldirma-istanbulda-goez-kapagi-ameliyati-hasta-yorumu\/\" data-type=\"link\" data-id=\"https:\/\/medicaltravel.ch\/tr\/hasta-raporlari\/referanslar-tavsiyeler-tedaviler-degerlendirmeler-turkiye-istanbul\/deneyim-raporu-goez-kapagi-kaldirma-istanbulda-goez-kapagi-ameliyati-hasta-yorumu\/\" target=\"_blank\" rel=\"noopener\">Bir sonraki rapor<\/a><\/a><\/p>\n<\/div>\n","protected":false},"excerpt":{"rendered":"<p>\u0130STANBUL-T\u00dcRK\u0130YE\u2019DE BURUN AMEL\u0130YATIM DENEY\u0130M\u0130 \u2013 Rapor\u2013 Per\u015fembe, 20 Aral\u0131k 2018 \u0130nternette \u00e7e\u015fitli estetik kliniklerini ara\u015ft\u0131rd\u0131ktan sonra, Medical Travel\u2019in web sitesi beni en \u00e7ok etkiledi. Burun ucu d\u00fczeltmesi ile ilgileniyordum. Dan\u0131\u015fmanl\u0131k almak i\u00e7in, tedavi olacak doktor Prof. Ersoy ile Z\u00fcrih\u2019te Bay Kara arac\u0131l\u0131\u011f\u0131yla ki\u015fisel bir g\u00f6r\u00fc\u015fme yapabildim. G\u00f6r\u00fc\u015fmeden sonra tekrar d\u00fc\u015f\u00fcnmek i\u00e7in biraz zamana ihtiyac\u0131m vard\u0131. Anla\u015fma gere\u011fi, Bay Kara benim i\u00e7in t\u00fcm seyahati organize etti; u\u00e7u\u015f, otel, hastane konaklamas\u0131, terc\u00fcman. Bu konuda hi\u00e7bir \u015feyle ilgilenmek zorunda olmamam beni \u00e7ok memnun etti. \u00dcstelik her \u015fey m\u00fckemmel bir \u015fekilde ilerledi. Her zaman otelden \u00e7ok dakik bir \u015fekilde al\u0131nd\u0131m. Otel m\u00fckemmeldi, odalar \u00e7ok geni\u015fti ve kahvalt\u0131s\u0131 harikayd\u0131. Ameliyat\u0131n kendisi hastanede sorunsuz ge\u00e7ti. Ameliyattan sonra, genel anestezi sonras\u0131 gerekli oldu\u011fu i\u00e7in bir s\u00fcre hastanede kald\u0131m. Oda \u00e7ok g\u00fczel ve tamamen temizdi. \u0130lk yedi g\u00fcn boyunca burun al\u00e7\u0131dayd\u0131. Bir hafta sonra al\u00e7\u0131 \u00e7\u0131kar\u0131ld\u0131 ve \u00f6zel bir bant yap\u0131\u015ft\u0131r\u0131ld\u0131. T\u00fcm diki\u015fler al\u0131nd\u0131. Bant \u00e7\u0131kar\u0131ld\u0131ktan sonra burun h\u00e2l\u00e2 birka\u00e7 g\u00fcn \u015fi\u015fti ve nihai sonu\u00e7 ortaya \u00e7\u0131kmaya ba\u015flad\u0131. Benim i\u00e7in sonu\u00e7 hemen belirgin olmad\u0131\u011f\u0131ndan, ilk ba\u015fta biraz hayal k\u0131r\u0131kl\u0131\u011f\u0131na u\u011frad\u0131m. Ama \u015fimdi, \u0130stanbul\u2019dan alt\u0131 hafta sonra \u00e7ok memnunum ve burnun \u00e7ok daha d\u00fczg\u00fcn oldu\u011funu net bir \u015fekilde g\u00f6rebiliyorum. Ameliyattan sonra bana antibiyotik ve a\u011fr\u0131 kesici verildi ve bunlar\u0131 ayr\u0131 \u00f6dedim. Genel olarak, her \u015fey \u00e7ok iyi organize edilmi\u015f ve tamamen profesyoneldi. Benim i\u00e7in ameliyat buna de\u011ferdi.Sayg\u0131lar\u0131mla Claudia Rudolf Bir sonraki rapor<\/p>\n","protected":false},"author":4,"featured_media":0,"parent":2800,"menu_order":0,"comment_status":"closed","ping_status":"closed","template":"","meta":{"_joinchat":[],"footnotes":""},"class_list":["post-2820","page","type-page","status-publish","hentry"],"acf":[],"_links":{"self":[{"href":"https:\/\/medicaltravel.net\/tr\/wp-json\/wp\/v2\/pages\/2820","targetHints":{"allow":["GET"]}}],"collection":[{"href":"https:\/\/medicaltravel.net\/tr\/wp-json\/wp\/v2\/pages"}],"about":[{"href":"https:\/\/medicaltravel.net\/tr\/wp-json\/wp\/v2\/types\/page"}],"author":[{"embeddable":true,"href":"https:\/\/medicaltravel.net\/tr\/wp-json\/wp\/v2\/users\/4"}],"replies":[{"embeddable":true,"href":"https:\/\/medicaltravel.net\/tr\/wp-json\/wp\/v2\/comments?post=2820"}],"version-history":[{"count":2,"href":"https:\/\/medicaltravel.net\/tr\/wp-json\/wp\/v2\/pages\/2820\/revisions"}],"predecessor-version":[{"id":3312,"href":"https:\/\/medicaltravel.net\/tr\/wp-json\/wp\/v2\/pages\/2820\/revisions\/3312"}],"up":[{"embeddable":true,"href":"https:\/\/medicaltravel.net\/tr\/wp-json\/wp\/v2\/pages\/2800"}],"wp:attachment":[{"href":"https:\/\/medicaltravel.net\/tr\/wp-json\/wp\/v2\/media?parent=2820"}],"curies":[{"name":"wp","href":"https:\/\/api.w.org\/{rel}","templated":true}]}}