{"id":2822,"date":"2025-09-29T10:02:22","date_gmt":"2025-09-29T09:02:22","guid":{"rendered":"https:\/\/medicaltravel.net\/hasta-yorumlari\/hizmet-organizasyon-muhtesem-bir-hastane-ve-harika-fiyat\/"},"modified":"2026-01-13T13:55:48","modified_gmt":"2026-01-13T12:55:48","slug":"hizmet-organizasyon-muhtesem-bir-hastane-ve-harika-fiyat","status":"publish","type":"page","link":"https:\/\/medicaltravel.net\/tr\/hasta-yorumlari\/hizmet-organizasyon-muhtesem-bir-hastane-ve-harika-fiyat\/","title":{"rendered":"Hizmet, organizasyon, muhte\u015fem bir hastane ve harika fiyat"},"content":{"rendered":"\n<h3 class=\"wp-block-heading\">Hizmet, organizasyon, muhte\u015fem bir hastane ve harika fiyat<\/h3>\n\n\n\n<p>\u2013 Rapor\u2013 Sal\u0131, 06 Kas\u0131m 2012 <\/p>\n\n\n\n<p>06 Kas\u0131m 2012 Sal\u0131 Bir y\u0131l \u00f6nce, e\u011fitim sonras\u0131 kursumdan birisiyle kar\u015f\u0131la\u015ft\u0131m; kendisi Swisslasik\u2019in yard\u0131m\u0131yla \u0130stanbul\u2019a gidip g\u00f6z ameliyat\u0131 olmu\u015f. Bana bir\u00e7ok \u015fey anlatt\u0131 ve k\u0131sa s\u00fcre sonra baz\u0131 di\u011fer s\u0131n\u0131f arkada\u015flar\u0131m da birlikte \u0130stanbul\u2019a gittiler. Hepsi \u00e7ok memnundu ve oray\u0131 ger\u00e7ekten \u00e7ok be\u011fendiler. Ben 46 ya\u015f\u0131ndayken, kendime Varilux g\u00f6zl\u00fck almak zorundayd\u0131m ve bunun bana yakla\u015f\u0131k 1.000 CHF\u2019a mal olaca\u011f\u0131n\u0131 biliyordum. Ayr\u0131ca her 4\u20135 y\u0131lda bir yenisini almak zorundayd\u0131m. O anda her \u015fey \u00e7ok netle\u015fti; lazer g\u00f6z tedavisi yapt\u0131racakt\u0131m. Tercihim a\u00e7\u0131kt\u0131 \u00e7\u00fcnk\u00fc Swisslasik hakk\u0131nda \u00e7ok iyi \u015feyler duymu\u015ftum. Z\u00fcrih\u2019e gittik ve bilgilendirme gecesi etkinli\u011finde detaylar\u0131 \u00f6\u011frendim. \u00c7ok iyi bilgilendirildik, t\u00fcm sorular\u0131m\u0131za tatmin edici cevaplar ald\u0131k ve bilin\u00e7li bir \u015fekilde geri d\u00f6nd\u00fck.       <\/p>\n\n\n\n<p>Bir hafta sonra, Bay Karaagacl\u0131 ile ileti\u015fime ge\u00e7tim ve bize teklifleri g\u00f6nderdi. Ard\u0131ndan 3 ki\u015filik bir rezervasyon yapt\u0131m: o\u011flum, k\u0131z\u0131m ve ben. Sonunda 13 Ekim geldi; seyahat zaman\u0131yd\u0131 ve hepimiz \u00e7ok mutluyduk. \u00c7ok g\u00fczel bir u\u00e7u\u015f yapt\u0131k ve havaalan\u0131nda ger\u00e7ekten kibar bir beyefendi bizi kar\u015f\u0131lad\u0131. Otelimiz \u015fehir merkezindeydi; temiz, sakin ve sevimli bir oteldi. \u015eehri 3 g\u00fcn boyunca ke\u015ffettik ve Per\u015fembe g\u00fcn\u00fc; tedavi zaman\u0131m geldi. Hastanenin taksisi sabah otelden bizi ald\u0131 ve oraya vard\u0131\u011f\u0131m\u0131zda, ana dilimi \u00e7ok iyi konu\u015fan nazik bir beyefendi bizi kar\u015f\u0131lad\u0131 ve o andan itibaren bizi hi\u00e7 yaln\u0131z b\u0131rakmad\u0131. Akl\u0131m\u0131za gelen her soruyu sorduk ve bizi bekleyen tedaviye ra\u011fmen \u00e7ok rahat ve huzurlu hissettik. Heyecan elbette vard\u0131 ama her \u015fey sorunsuz ge\u00e7ti.<br><br>Baz\u0131 muayeneler ve testlerin ard\u0131ndan doktorumuzla son bir g\u00f6r\u00fc\u015fme yapt\u0131k. Kendisi yumu\u015fak ve rahatlat\u0131c\u0131 bir ses tonuna sahip \u00e7ok nazik bir beyefendiydi; bu y\u00fczden hep iyi ellerde oldu\u011fumu hissettim. Ameliyat en fazla 8 dakika s\u00fcrd\u00fc. G\u00f6zlerimin \u00f6n\u00fcnde heyecan, stres ve adeta havai fi\u015fekler\u2026 ama hepsi \u00e7ok h\u0131zl\u0131 bitti. Ameliyattan \u00f6nce, g\u00f6z ya\u015farmas\u0131n\u0131n ameliyattan sonraki yakla\u015f\u0131k 4 saat boyunca devam edebilece\u011fi, \u0131\u015f\u0131\u011f\u0131n rahats\u0131z edebilece\u011fi veya hafif bir batma hissi olabilece\u011fi s\u00f6ylendi. Ama ard\u0131ndan daha net bir g\u00f6r\u00fc\u015f kazanaca\u011f\u0131m belirtildi. Her \u015fey \u00f6yle oldu. Ameliyat tamamen a\u011fr\u0131s\u0131z ge\u00e7ti ve sonraki 4 saat pek ho\u015f olmasa da dayan\u0131labilirdi.              <\/p>\n\n\n\n<p>Otele geri g\u00f6t\u00fcr\u00fcld\u00fck ve 2 saat uyuduk. Uyand\u0131\u011f\u0131m\u0131zda d\u00fcnya tamamen farkl\u0131 g\u00f6r\u00fcn\u00fcyordu. Ertesi g\u00fcn harika hissettik. Tabii ki g\u00fcne\u015f g\u00f6zl\u00fc\u011f\u00fc takarak al\u0131\u015fveri\u015fe \u00e7\u0131kt\u0131k. Ger\u00e7ekten harikayd\u0131.   <\/p>\n\n\n\n<p>\u00c7ocu\u011fum g\u00f6zl\u00fcks\u00fcz bir g\u00fcn\u00fc hat\u0131rlam\u0131yor ama g\u00f6zl\u00fck takmadan g\u00f6rebilmek inan\u0131lmaz ama ger\u00e7ek bir deneyimdi!<br>Swisslasik\u2019i herkese tavsiye ediyorum. Hepsi ger\u00e7ek oldu.<br>Hizmet, organizasyon, muhte\u015fem bir hastane ve harika bir fiyat! <\/p>\n\n\n\n<p>Martina W\u00e4lle<\/p>\n\n\n\n<div class=\"wp-block-group is-layout-grid wp-container-core-group-is-layout-baef362d wp-block-group-is-layout-grid\">\n<p><a href=\"https:\/\/medicaltravel.at\/home\/agb\/\" data-type=\"page\" data-id=\"2191\" target=\"_blank\" rel=\"noopener\"><\/a><a href=\"https:\/\/medicaltravel.net\/tr\/hasta-yorumlari\/yuksek-hizmet-en-iyi-sonuclar\/\" data-type=\"link\" data-id=\"https:\/\/medicaltravel.net\/testimonials\/high-service-best-results\/\"><a href=\"https:\/\/medicaltravel.ch\/tr\/hasta-raporlari\/referanslar-tavsiyeler-tedaviler-degerlendirmeler-turkiye-istanbul\/istanbulda-meme-kuecueltme-liposuctioni-hakkinda-hasta-yorumu\/\" data-type=\"link\" data-id=\"https:\/\/medicaltravel.ch\/tr\/hasta-raporlari\/referanslar-tavsiyeler-tedaviler-degerlendirmeler-turkiye-istanbul\/istanbulda-meme-kuecueltme-liposuctioni-hakkinda-hasta-yorumu\/\" target=\"_blank\" rel=\"noopener\">\u00d6nceki rapor<\/a><\/a><\/p>\n\n\n\n<p class=\"has-text-align-right wp-container-content-5e2576f9\"><a href=\"https:\/\/medicaltravel.at\/home\/impressum\/\" data-type=\"page\" data-id=\"2193\" target=\"_blank\" rel=\"noopener\"><\/a><a href=\"https:\/\/medicaltravel.at\/home\/berichte-von-patienten\/erfahrungsberichte\/erfahrungsbericht-zahnbehandlung-in-istanbul\/\" data-type=\"page\" data-id=\"981\" target=\"_blank\" rel=\"noopener\"><\/a><a href=\"https:\/\/medicaltravel.net\/tr\/hasta-yorumlari\/dita-cecchinin-11-eylul-2012-tarihinde-istanbuldaki-deneyimleri\/\" data-type=\"link\" data-id=\"https:\/\/medicaltravel.net\/testimonials\/experiences-of-dita-cecchin-s-in-istanbul-on-the-11th-of-september-2012\/\"><a href=\"https:\/\/medicaltravel.ch\/tr\/hasta-raporlari\/referanslar-tavsiyeler-tedaviler-degerlendirmeler-turkiye-istanbul\/deneyim-raporu-goez-kapagi-kaldirma-istanbulda-goez-kapagi-ameliyati-hasta-yorumu\/\" data-type=\"link\" data-id=\"https:\/\/medicaltravel.ch\/tr\/hasta-raporlari\/referanslar-tavsiyeler-tedaviler-degerlendirmeler-turkiye-istanbul\/deneyim-raporu-goez-kapagi-kaldirma-istanbulda-goez-kapagi-ameliyati-hasta-yorumu\/\" target=\"_blank\" rel=\"noopener\">Bir sonraki rapor<\/a><\/a><\/p>\n<\/div>\n","protected":false},"excerpt":{"rendered":"<p>Hizmet, organizasyon, muhte\u015fem bir hastane ve harika fiyat \u2013 Rapor\u2013 Sal\u0131, 06 Kas\u0131m 2012 06 Kas\u0131m 2012 Sal\u0131 Bir y\u0131l \u00f6nce, e\u011fitim sonras\u0131 kursumdan birisiyle kar\u015f\u0131la\u015ft\u0131m; kendisi Swisslasik\u2019in yard\u0131m\u0131yla \u0130stanbul\u2019a gidip g\u00f6z ameliyat\u0131 olmu\u015f. Bana bir\u00e7ok \u015fey anlatt\u0131 ve k\u0131sa s\u00fcre sonra baz\u0131 di\u011fer s\u0131n\u0131f arkada\u015flar\u0131m da birlikte \u0130stanbul\u2019a gittiler. Hepsi \u00e7ok memnundu ve oray\u0131 ger\u00e7ekten \u00e7ok be\u011fendiler. Ben 46 ya\u015f\u0131ndayken, kendime Varilux g\u00f6zl\u00fck almak zorundayd\u0131m ve bunun bana yakla\u015f\u0131k 1.000 CHF\u2019a mal olaca\u011f\u0131n\u0131 biliyordum. Ayr\u0131ca her 4\u20135 y\u0131lda bir yenisini almak zorundayd\u0131m. O anda her \u015fey \u00e7ok netle\u015fti; lazer g\u00f6z tedavisi yapt\u0131racakt\u0131m. Tercihim a\u00e7\u0131kt\u0131 \u00e7\u00fcnk\u00fc Swisslasik hakk\u0131nda \u00e7ok iyi \u015feyler duymu\u015ftum. Z\u00fcrih\u2019e gittik ve bilgilendirme gecesi etkinli\u011finde detaylar\u0131 \u00f6\u011frendim. \u00c7ok iyi bilgilendirildik, t\u00fcm sorular\u0131m\u0131za tatmin edici cevaplar ald\u0131k ve bilin\u00e7li bir \u015fekilde geri d\u00f6nd\u00fck. Bir hafta sonra, Bay Karaagacl\u0131 ile ileti\u015fime ge\u00e7tim ve bize teklifleri g\u00f6nderdi. Ard\u0131ndan 3 ki\u015filik bir rezervasyon yapt\u0131m: o\u011flum, k\u0131z\u0131m ve ben. Sonunda 13 Ekim geldi; seyahat zaman\u0131yd\u0131 ve hepimiz \u00e7ok mutluyduk. \u00c7ok g\u00fczel bir u\u00e7u\u015f yapt\u0131k ve havaalan\u0131nda ger\u00e7ekten kibar bir beyefendi bizi kar\u015f\u0131lad\u0131. Otelimiz \u015fehir merkezindeydi; temiz, sakin ve sevimli bir oteldi. \u015eehri 3 g\u00fcn boyunca ke\u015ffettik ve Per\u015fembe g\u00fcn\u00fc; tedavi zaman\u0131m geldi. Hastanenin taksisi sabah otelden bizi ald\u0131 ve oraya vard\u0131\u011f\u0131m\u0131zda, ana dilimi \u00e7ok iyi konu\u015fan nazik bir beyefendi bizi kar\u015f\u0131lad\u0131 ve o andan itibaren bizi hi\u00e7 yaln\u0131z b\u0131rakmad\u0131. Akl\u0131m\u0131za gelen her soruyu sorduk ve bizi bekleyen tedaviye ra\u011fmen \u00e7ok rahat ve huzurlu hissettik. Heyecan elbette vard\u0131 ama her \u015fey sorunsuz ge\u00e7ti. Baz\u0131 muayeneler ve testlerin ard\u0131ndan doktorumuzla son bir g\u00f6r\u00fc\u015fme yapt\u0131k. Kendisi yumu\u015fak ve rahatlat\u0131c\u0131 bir ses tonuna sahip \u00e7ok nazik bir beyefendiydi; bu y\u00fczden hep iyi ellerde oldu\u011fumu hissettim. Ameliyat en fazla 8 dakika s\u00fcrd\u00fc. G\u00f6zlerimin \u00f6n\u00fcnde heyecan, stres ve adeta havai fi\u015fekler\u2026 ama hepsi \u00e7ok h\u0131zl\u0131 bitti. Ameliyattan \u00f6nce, g\u00f6z ya\u015farmas\u0131n\u0131n ameliyattan sonraki yakla\u015f\u0131k 4 saat boyunca devam edebilece\u011fi, \u0131\u015f\u0131\u011f\u0131n rahats\u0131z edebilece\u011fi veya hafif bir batma hissi olabilece\u011fi s\u00f6ylendi. Ama ard\u0131ndan daha net bir g\u00f6r\u00fc\u015f kazanaca\u011f\u0131m belirtildi. Her \u015fey \u00f6yle oldu. Ameliyat tamamen a\u011fr\u0131s\u0131z ge\u00e7ti ve sonraki 4 saat pek ho\u015f olmasa da dayan\u0131labilirdi. Otele geri g\u00f6t\u00fcr\u00fcld\u00fck ve 2 saat uyuduk. Uyand\u0131\u011f\u0131m\u0131zda d\u00fcnya tamamen farkl\u0131 g\u00f6r\u00fcn\u00fcyordu. Ertesi g\u00fcn harika hissettik. Tabii ki g\u00fcne\u015f g\u00f6zl\u00fc\u011f\u00fc takarak al\u0131\u015fveri\u015fe \u00e7\u0131kt\u0131k. Ger\u00e7ekten harikayd\u0131. \u00c7ocu\u011fum g\u00f6zl\u00fcks\u00fcz bir g\u00fcn\u00fc hat\u0131rlam\u0131yor ama g\u00f6zl\u00fck takmadan g\u00f6rebilmek inan\u0131lmaz ama ger\u00e7ek bir deneyimdi!Swisslasik\u2019i herkese tavsiye ediyorum. Hepsi ger\u00e7ek oldu.Hizmet, organizasyon, muhte\u015fem bir hastane ve harika bir fiyat! Martina W\u00e4lle \u00d6nceki rapor Bir sonraki rapor<\/p>\n","protected":false},"author":4,"featured_media":0,"parent":2800,"menu_order":0,"comment_status":"closed","ping_status":"closed","template":"","meta":{"_joinchat":[],"footnotes":""},"class_list":["post-2822","page","type-page","status-publish","hentry"],"acf":[],"_links":{"self":[{"href":"https:\/\/medicaltravel.net\/tr\/wp-json\/wp\/v2\/pages\/2822","targetHints":{"allow":["GET"]}}],"collection":[{"href":"https:\/\/medicaltravel.net\/tr\/wp-json\/wp\/v2\/pages"}],"about":[{"href":"https:\/\/medicaltravel.net\/tr\/wp-json\/wp\/v2\/types\/page"}],"author":[{"embeddable":true,"href":"https:\/\/medicaltravel.net\/tr\/wp-json\/wp\/v2\/users\/4"}],"replies":[{"embeddable":true,"href":"https:\/\/medicaltravel.net\/tr\/wp-json\/wp\/v2\/comments?post=2822"}],"version-history":[{"count":2,"href":"https:\/\/medicaltravel.net\/tr\/wp-json\/wp\/v2\/pages\/2822\/revisions"}],"predecessor-version":[{"id":3314,"href":"https:\/\/medicaltravel.net\/tr\/wp-json\/wp\/v2\/pages\/2822\/revisions\/3314"}],"up":[{"embeddable":true,"href":"https:\/\/medicaltravel.net\/tr\/wp-json\/wp\/v2\/pages\/2800"}],"wp:attachment":[{"href":"https:\/\/medicaltravel.net\/tr\/wp-json\/wp\/v2\/media?parent=2822"}],"curies":[{"name":"wp","href":"https:\/\/api.w.org\/{rel}","templated":true}]}}