{"id":2824,"date":"2025-09-29T10:03:26","date_gmt":"2025-09-29T09:03:26","guid":{"rendered":"https:\/\/medicaltravel.net\/hasta-yorumlari\/istanbulda-tatil-ve-250-ml-silikon-implant-ile-meme-buyutme-operasyonu\/"},"modified":"2026-01-13T13:57:28","modified_gmt":"2026-01-13T12:57:28","slug":"istanbulda-tatil-ve-250-ml-silikon-implant-ile-meme-buyutme-operasyonu","status":"publish","type":"page","link":"https:\/\/medicaltravel.net\/tr\/hasta-yorumlari\/istanbulda-tatil-ve-250-ml-silikon-implant-ile-meme-buyutme-operasyonu\/","title":{"rendered":"\u0130stanbul\u2019da tatil ve 250 ml silikon implant ile meme b\u00fcy\u00fctme operasyonu"},"content":{"rendered":"\n<h3 class=\"wp-block-heading\">Tatil ve 250 ml silikon implantlarla meme b\u00fcy\u00fctme \u0130stanbul\u2019da bir arada<\/h3>\n\n\n\n<p>\u2013 Rapor tarihi: Pazartesi, 15 Ekim 2012 <\/p>\n\n\n\n<p>Yaz\u0131ld\u0131\u011f\u0131 tarih: 15 Ekim 2012 Pazartesi<br>26 ya\u015f\u0131ndaki Ramona S.\u2019nin estetik cerrahi deneyimi<\/p>\n\n\n\n<p>\u0130svi\u00e7re\u2019de bir dermatolog taraf\u0131ndan yap\u0131lan makro jel tedavisinden sonra ya\u015fad\u0131\u011f\u0131m k\u00f6t\u00fc deneyimi telafi etmek i\u00e7in T\u00fcrkiye\u2019de bir haftal\u0131k tatil yapmaya karar verdim. 2012 bahar\u0131nda, her iki g\u00f6\u011fs\u00fcme 140 ml hyaluronik asit jel enjekte edilerek yap\u0131lan bir makro jel tedavisi g\u00f6rd\u00fcm. Ameliyat ve ameliyatla ilgili izlerden korktu\u011fum i\u00e7in enjeksiyonun iyi bir alternatif oldu\u011funu d\u00fc\u015f\u00fcnd\u00fcm.   <\/p>\n\n\n\n<p>Ba\u015flang\u0131\u00e7ta her \u015fey yolunda g\u00f6r\u00fcn\u00fcyordu. Fark \u00e7ok belirgin olmasa da, benim i\u00e7in g\u00f6\u011f\u00fcslerimin b\u00fcy\u00fcmesi \u00e7ok \u00f6nemliydi ve o anda sonu\u00e7tan memnundum. Amac\u0131m, ameliyat karar\u0131 vermeden \u00f6nce g\u00f6\u011f\u00fcs \u015feklimin nas\u0131l de\u011fi\u015fti\u011fini ve b\u00fcy\u00fcd\u00fc\u011f\u00fcn\u00fc g\u00f6rmekti.<br><br>Ne yaz\u0131k ki, makro jel enjekte edilen delikler \u015fi\u015fliklere d\u00f6n\u00fc\u015ferek hem g\u00f6ze hem de dokunuldu\u011funda hissedilen ho\u015f olmayan bir g\u00f6r\u00fcnt\u00fcye yol a\u00e7t\u0131. Bu nedenle dermatolo\u011fum, i\u00e7eride biriken hyaluronik asit jelinin bir k\u0131sm\u0131n\u0131 serbest b\u0131rakmak i\u00e7in enjeksiyon deliklerini yeniden a\u00e7mak zorunda kald\u0131. Yine de, bu delikler tam olarak kapanmad\u0131 ve haftalar sonra bile belirgin bir miktar jel s\u0131zmaya devam ediyordu.     <\/p>\n\n\n\n<p>Sa\u011f g\u00f6\u011fs\u00fcmde jel ciddi \u015fekilde birikmi\u015fti ve k\u00fc\u00e7\u00fck bir elma b\u00fcy\u00fckl\u00fc\u011f\u00fcnde jel \u00e7\u0131kar\u0131ld\u0131\u011f\u0131nda iki g\u00f6\u011f\u00fcs aras\u0131ndaki fark g\u00f6r\u00fcn\u00fcr h\u00e2le gelmi\u015fti. Bu nedenle sol g\u00f6\u011f\u00fcsten de jeli \u00e7\u0131karmak gerekti. Kalan jeli tamamen almak i\u00e7in dermatolog, delikleri yeniden a\u00e7t\u0131 ve m\u00fcmk\u00fcn oldu\u011funca fazla malzemeyi \u00e7\u0131karmaya \u00e7al\u0131\u015ft\u0131.<br><br>\u0130\u015flemin olumsuz sonucu nedeniyle, doktor makul bir \u015fekilde masraflar\u0131n b\u00fcy\u00fck bir k\u0131sm\u0131n\u0131 \u00fccretlendirmedi ve ayr\u0131ca baz\u0131 malzeme masraflar\u0131n\u0131 geri \u00f6dedi. G\u00f6r\u00fcn\u00fc\u015fe g\u00f6re doktor, makro jel tedavisini \u00fc\u00e7 y\u00fcz\u00fcn \u00fczerinde kad\u0131na uygulam\u0131\u015f ve benim durumum d\u0131\u015f\u0131nda b\u00f6yle bir olumsuz vaka ile kar\u015f\u0131la\u015fmam\u0131\u015ft\u0131.<br><br>T\u00fcm bu ya\u015fad\u0131klar\u0131m ve g\u00f6\u011f\u00fcslerimde h\u00e2l\u00e2 bir iyile\u015fme olmamas\u0131 sebebiyle, implant yerle\u015ftirmek amac\u0131yla mamoplasti yapt\u0131rmaya karar verdim. \u0130nternette ara\u015ft\u0131rma yapt\u0131m ve \u00e7evremdeki cerrahlar \u00fczerinden olas\u0131l\u0131klar, s\u00fcre\u00e7 ve maliyetler hakk\u0131nda bilgi ald\u0131m. Mamoplasti ameliyat\u0131 \u0130svi\u00e7re\u2019de \u00e7ok pahal\u0131yd\u0131 ve bir \u0130svi\u00e7reli cerrah taraf\u0131ndan yap\u0131lan operasyon, yabanc\u0131 bir cerrah\u0131nkinden mutlaka daha iyi olmak zorunda de\u011fildi. Bu konuyu yurt d\u0131\u015f\u0131nda mamoplasti yapt\u0131rm\u0131\u015f arkada\u015flar\u0131mla konu\u015funca, yurt d\u0131\u015f\u0131ndaki mamoplasti uygulamalar\u0131n\u0131n daha iyi ve profesyonel oldu\u011funu g\u00f6rd\u00fcm. Estetik cerrahilerin \u0130svi\u00e7re\u2019ye k\u0131yasla daha s\u0131k yurt d\u0131\u015f\u0131nda yap\u0131ld\u0131\u011f\u0131 ve \u00f6nceki k\u00f6t\u00fc deneyimimi g\u00f6z \u00f6n\u00fcnde bulundurdu\u011fumda, yurt d\u0131\u015f\u0131ndaki cerrahlara g\u00fcvenim daha da artt\u0131.<br><br>Sonras\u0131nda Swisslasik\u2019i internetten g\u00f6rd\u00fcm ve \u00f6nce e-posta yoluyla, sonra \u015fahsen bu arac\u0131 \u015firketle ileti\u015fime ge\u00e7tim. \u00c7ok h\u0131zl\u0131 ve samimi bir dan\u0131\u015fmanl\u0131k hizmetiyle arad\u0131\u011f\u0131m t\u00fcm bilgileri ald\u0131m. G\u00f6\u011f\u00fcslerin b\u00fcy\u00fckl\u00fc\u011f\u00fc ve di\u011fer detaylar, \u0130stanbul\u2019da estetik cerrahla yap\u0131lacak muayene sonras\u0131nda belirlenecekti. Ben de \u0130stanbul\u2019da Ac\u0131badem Hastanesi\u2019ni tercih ettim ve estetik cerrah taraf\u0131ndan \u00f6n muayene i\u00e7in bir randevu ayarland\u0131.          <\/p>\n\n\n\n<p>U\u00e7aktan indi\u011fimde, refakat\u00e7im beni kar\u015f\u0131lad\u0131 ve \u00f6zel bir ara\u00e7la otele g\u00f6t\u00fcr\u00fcld\u00fck. \u015eof\u00f6r \u00e7ok dakikti. Ertesi g\u00fcn otelden al\u0131n\u0131p hastanedeki \u00f6n muayene randevuma tam zaman\u0131nda g\u00f6t\u00fcr\u00fcld\u00fcm.<br><br>\u00d6nceki k\u00f6t\u00fc makro jel deneyimimden kaynaklanan \u00f6zel bir durum nedeniyle, cerrah g\u00f6\u011f\u00fcslerime 250 ml silikon yerle\u015ftirmeden \u00f6nce kalan miktar\u0131 g\u00f6rmek i\u00e7in ultrason muayenesi istedi. Cerrah, kalan malzemenin g\u00f6\u011f\u00fcslerimde nas\u0131l da\u011f\u0131ld\u0131\u011f\u0131n\u0131 bilmeden ve ilgili enfeksiyon riskini de\u011ferlendirmeden ameliyata ba\u015flamay\u0131 tercih etmedi. Ben de bu \u00f6n muayeneleri kesinlikle onaylad\u0131m, \u00e7\u00fcnk\u00fc enfeksiyon riskinin d\u00fc\u015f\u00fck olmas\u0131n\u0131 ger\u00e7ekten istiyordum. Ayr\u0131ca, doktorun sa\u011fl\u0131\u011f\u0131m konusunda ger\u00e7ekten endi\u015felenmesini ve emin olmadan cerrahi bir operasyon yapmay\u0131 tercih etmemesini g\u00f6rmek \u00e7ok ho\u015ftu.      <\/p>\n\n\n\n<p>Bana, kalan makro jel miktar\u0131 \u00e7ok fazla olsayd\u0131 hem benim hem de onun g\u00fcvenli\u011fi i\u00e7in ameliyat\u0131 kabul etmeyece\u011fini s\u00f6yledi. Ultrason sonu\u00e7lar\u0131, her iki g\u00f6\u011f\u00fcste de g\u00f6\u011f\u00fcs hatt\u0131nda az miktarda makro jel oldu\u011funu g\u00f6sterdi. Ayr\u0131ca, sol g\u00f6\u011f\u00fcste k\u00fc\u00e7\u00fck bir miktar pektoralis kas\u0131na da enjekte edilmi\u015fti! Elbette pektoralis kas\u0131ndaki jeli \u00e7\u0131karmak m\u00fcmk\u00fcn de\u011fildi. Bu durum do\u011fal yollarla \u00e7\u00f6z\u00fclmek zorundayd\u0131 ve enjeksiyon tarihinden itibaren yakla\u015f\u0131k bir ila bir bu\u00e7uk y\u0131l s\u00fcrecekti.   <\/p>\n\n\n\n<p>Doktorlar sonu\u00e7lar\u0131m\u0131 g\u00f6rd\u00fckten sonra, cerrah ameliyata onay verdi. Silikon implantlar\u0131 yerle\u015ftirmeden \u00f6nce, jeli m\u00fcmk\u00fcn oldu\u011funca \u00e7\u0131karmay\u0131 planl\u0131yordu. Ayr\u0131ca enfeksiyon riskini en aza indirmek i\u00e7in, en az iki g\u00fcn hastanede kalmam\u0131 \u00f6nerdi ve ben de kabul ettim. B\u00f6ylece ameliyat ertesi g\u00fcn ba\u015flayabilecekti.   <\/p>\n\n\n\n<p>Ameliyathane \u00f6n haz\u0131rl\u0131k odas\u0131nda cerrah i\u015faretlemeleri yapt\u0131 ve son detaylar konu\u015fuldu. Daha sonra ameliyat \u00f6nl\u00fc\u011f\u00fc ve destekleyici \u00e7oraplar\u0131m\u0131 giydikten sonra sedyeyle ameliyathane odas\u0131na g\u00f6t\u00fcr\u00fcld\u00fcm. Sedyeden ameliyat masas\u0131na aktar\u0131ld\u0131\u011f\u0131mda narkoz verildi ve huzurlu, rahat bir uykuya dald\u0131m. Uyand\u0131\u011f\u0131mda ameliyat\u0131n bitmi\u015f oldu\u011funu tam olarak fark edemedim; bu nedenle doktorlara ne zaman ba\u015flayacaklar\u0131n\u0131 sordum. Bana her \u015feyin bitti\u011fini ve ameliyat\u0131n ba\u015far\u0131l\u0131 oldu\u011funu s\u00f6ylediler. G\u00f6\u011f\u00fcslerime bakt\u0131\u011f\u0131mda fark\u0131 ve m\u00fckemmel sonucu hemen fark ettim. K\u0131sa bir dinlenme s\u00fcresinden sonra tek ki\u015filik odaya al\u0131nd\u0131m. Ac\u0131badem Maslak Hastanesi\u2019ndeki oda \u00e7ok iyi dekore edilmi\u015fti ve sonraki iki g\u00fcn boyunca hi\u00e7bir eksik hissetmedim. Hem\u015fireler ve bak\u0131m personeli \u00e7ok samimi ve \u015fefkatliydi. Yemekler lezzetliydi; hem geleneksel T\u00fcrk mutfa\u011f\u0131 hem de modern mutfak se\u00e7enekleri sunuluyordu. Her \u00f6\u011f\u00fcnde, refakat\u00e7imin yiyece\u011fi i\u00e7in iki tepsi getiriliyordu, b\u00f6ylece onun yiyece\u011fi her zaman haz\u0131rd\u0131.            <\/p>\n\n\n\n<p>\u0130kinci gecenin ard\u0131ndan drenler \u00e7\u0131kar\u0131ld\u0131. A\u011fr\u0131, tolere edilebilir s\u0131n\u0131rlar i\u00e7indeydi. \u00d6zellikle sabahlar\u0131 ve ak\u015fam saatlerinde rahats\u0131z edici bir bask\u0131 hissi oluyordu. Yine de, birka\u00e7 g\u00fcn i\u00e7inde ya az miktarda ya da hi\u00e7 a\u011fr\u0131 kesici kullanmadan bu durumu y\u00f6netebildim. G\u00f6\u011f\u00fcslerim \u015fi\u015fti ve ciltleri do\u011fal olarak bir s\u00fcre daha gergin kald\u0131. G\u00f6\u011f\u00fcs derisinin yumu\u015famas\u0131 ve nihai \u015feklinin olu\u015fmas\u0131 i\u00e7in genellikle iki ila d\u00f6rt ay ge\u00e7mesi gerekiyordu.     <\/p>\n\n\n\n<p>Ancak ameliyattan hemen sonra ve bu iki g\u00fcn\u00fcn ard\u0131ndan, g\u00fczel ve b\u00fcy\u00fck bir g\u00f6r\u00fcn\u00fcme sahip olduklar\u0131n\u0131 g\u00f6rebildim. Sonu\u00e7 \u00e7ok g\u00fczel ve simetrikti. Yeni v\u00fccut \u015feklimden \u00e7ok memnun kald\u0131m! Mutlu ve sa\u011fl\u0131kl\u0131 bir ruh h\u00e2liyle hastaneden ayr\u0131lmama izin verildi ve b\u00f6ylece birka\u00e7 g\u00fcn \u0130stanbul\u2019un tad\u0131n\u0131 \u00e7\u0131karabildim. Eve d\u00f6nmeden birka\u00e7 g\u00fcn \u00f6nce, 10 g\u00fcnl\u00fck \u0130stanbul yolculu\u011fumun sonunda doktor son bir t\u0131bbi kontrol yapt\u0131. U\u00e7u\u015f s\u0131ras\u0131nda hi\u00e7 a\u011fr\u0131 hissetmedim ve sonras\u0131ndaki g\u00fcnler ya da haftalar boyunca da hi\u00e7bir sorun ya\u015famad\u0131m. Ameliyat\u0131n \u00fczerinden iki ay ge\u00e7ti. \u0130zler do\u011fal olarak biraz k\u0131rm\u0131z\u0131, ancak iyile\u015fme s\u00fcreci \u00e7ok iyi gidiyor. Hastanede verdikleri destekleyici s\u00fctyen m\u00fckemmel uyuyor; gece g\u00fcnd\u00fcz, hatta spor yaparken bile giyiyorum.        <\/p>\n\n\n\n<p>T\u00fcrkiye\u2019de ge\u00e7irdi\u011fim ameliyatla ilgili sadece iyi \u015feyler s\u00f6yleyebilirim ve estetik ameliyat olmak isteyen herkese bu yeri g\u00f6n\u00fcl rahatl\u0131\u011f\u0131yla tavsiye ediyorum.<\/p>\n\n\n\n<div class=\"wp-block-group is-layout-grid wp-container-core-group-is-layout-baef362d wp-block-group-is-layout-grid\">\n<p><a href=\"https:\/\/medicaltravel.at\/home\/agb\/\" data-type=\"page\" data-id=\"2191\" target=\"_blank\" rel=\"noopener\"><\/a><a href=\"https:\/\/medicaltravel.net\/tr\/hasta-yorumlari\/dita-cecchinin-11-eylul-2012-tarihinde-istanbuldaki-deneyimleri\/\" data-type=\"link\" data-id=\"https:\/\/medicaltravel.net\/testimonials\/experiences-of-dita-cecchin-s-in-istanbul-on-the-11th-of-september-2012\/\"><a href=\"https:\/\/medicaltravel.ch\/tr\/hasta-raporlari\/referanslar-tavsiyeler-tedaviler-degerlendirmeler-turkiye-istanbul\/istanbulda-meme-kuecueltme-liposuctioni-hakkinda-hasta-yorumu\/\" data-type=\"link\" data-id=\"https:\/\/medicaltravel.ch\/tr\/hasta-raporlari\/referanslar-tavsiyeler-tedaviler-degerlendirmeler-turkiye-istanbul\/istanbulda-meme-kuecueltme-liposuctioni-hakkinda-hasta-yorumu\/\" target=\"_blank\" rel=\"noopener\">\u00d6nceki rapor<\/a><\/a><\/p>\n\n\n\n<p class=\"has-text-align-right wp-container-content-5e2576f9\"><a href=\"https:\/\/medicaltravel.at\/home\/impressum\/\" data-type=\"page\" data-id=\"2193\" target=\"_blank\" rel=\"noopener\"><\/a><a href=\"https:\/\/medicaltravel.at\/home\/berichte-von-patienten\/erfahrungsberichte\/erfahrungsbericht-zahnbehandlung-in-istanbul\/\" data-type=\"page\" data-id=\"981\" target=\"_blank\" rel=\"noopener\"><\/a><a href=\"https:\/\/medicaltravel.net\/tr\/hasta-yorumlari\/antalya-turkiyede-medicaltravel-araciligiyla-goz-lazeri-tedavim\/\" data-type=\"link\" data-id=\"https:\/\/medicaltravel.net\/testimonials\/my-laser-eye-treatment-in-antalya-turkey-via-medicaltravel\/\"><a href=\"https:\/\/medicaltravel.ch\/tr\/hasta-raporlari\/referanslar-tavsiyeler-tedaviler-degerlendirmeler-turkiye-istanbul\/deneyim-raporu-goez-kapagi-kaldirma-istanbulda-goez-kapagi-ameliyati-hasta-yorumu\/\" data-type=\"link\" data-id=\"https:\/\/medicaltravel.ch\/tr\/hasta-raporlari\/referanslar-tavsiyeler-tedaviler-degerlendirmeler-turkiye-istanbul\/deneyim-raporu-goez-kapagi-kaldirma-istanbulda-goez-kapagi-ameliyati-hasta-yorumu\/\" target=\"_blank\" rel=\"noopener\">Bir sonraki rapor<\/a><\/a><\/p>\n<\/div>\n","protected":false},"excerpt":{"rendered":"<p>Tatil ve 250 ml silikon implantlarla meme b\u00fcy\u00fctme \u0130stanbul\u2019da bir arada \u2013 Rapor tarihi: Pazartesi, 15 Ekim 2012 Yaz\u0131ld\u0131\u011f\u0131 tarih: 15 Ekim 2012 Pazartesi26 ya\u015f\u0131ndaki Ramona S.\u2019nin estetik cerrahi deneyimi \u0130svi\u00e7re\u2019de bir dermatolog taraf\u0131ndan yap\u0131lan makro jel tedavisinden sonra ya\u015fad\u0131\u011f\u0131m k\u00f6t\u00fc deneyimi telafi etmek i\u00e7in T\u00fcrkiye\u2019de bir haftal\u0131k tatil yapmaya karar verdim. 2012 bahar\u0131nda, her iki g\u00f6\u011fs\u00fcme 140 ml hyaluronik asit jel enjekte edilerek yap\u0131lan bir makro jel tedavisi g\u00f6rd\u00fcm. Ameliyat ve ameliyatla ilgili izlerden korktu\u011fum i\u00e7in enjeksiyonun iyi bir alternatif oldu\u011funu d\u00fc\u015f\u00fcnd\u00fcm. Ba\u015flang\u0131\u00e7ta her \u015fey yolunda g\u00f6r\u00fcn\u00fcyordu. Fark \u00e7ok belirgin olmasa da, benim i\u00e7in g\u00f6\u011f\u00fcslerimin b\u00fcy\u00fcmesi \u00e7ok \u00f6nemliydi ve o anda sonu\u00e7tan memnundum. Amac\u0131m, ameliyat karar\u0131 vermeden \u00f6nce g\u00f6\u011f\u00fcs \u015feklimin nas\u0131l de\u011fi\u015fti\u011fini ve b\u00fcy\u00fcd\u00fc\u011f\u00fcn\u00fc g\u00f6rmekti. Ne yaz\u0131k ki, makro jel enjekte edilen delikler \u015fi\u015fliklere d\u00f6n\u00fc\u015ferek hem g\u00f6ze hem de dokunuldu\u011funda hissedilen ho\u015f olmayan bir g\u00f6r\u00fcnt\u00fcye yol a\u00e7t\u0131. Bu nedenle dermatolo\u011fum, i\u00e7eride biriken hyaluronik asit jelinin bir k\u0131sm\u0131n\u0131 serbest b\u0131rakmak i\u00e7in enjeksiyon deliklerini yeniden a\u00e7mak zorunda kald\u0131. Yine de, bu delikler tam olarak kapanmad\u0131 ve haftalar sonra bile belirgin bir miktar jel s\u0131zmaya devam ediyordu. Sa\u011f g\u00f6\u011fs\u00fcmde jel ciddi \u015fekilde birikmi\u015fti ve k\u00fc\u00e7\u00fck bir elma b\u00fcy\u00fckl\u00fc\u011f\u00fcnde jel \u00e7\u0131kar\u0131ld\u0131\u011f\u0131nda iki g\u00f6\u011f\u00fcs aras\u0131ndaki fark g\u00f6r\u00fcn\u00fcr h\u00e2le gelmi\u015fti. Bu nedenle sol g\u00f6\u011f\u00fcsten de jeli \u00e7\u0131karmak gerekti. Kalan jeli tamamen almak i\u00e7in dermatolog, delikleri yeniden a\u00e7t\u0131 ve m\u00fcmk\u00fcn oldu\u011funca fazla malzemeyi \u00e7\u0131karmaya \u00e7al\u0131\u015ft\u0131. \u0130\u015flemin olumsuz sonucu nedeniyle, doktor makul bir \u015fekilde masraflar\u0131n b\u00fcy\u00fck bir k\u0131sm\u0131n\u0131 \u00fccretlendirmedi ve ayr\u0131ca baz\u0131 malzeme masraflar\u0131n\u0131 geri \u00f6dedi. G\u00f6r\u00fcn\u00fc\u015fe g\u00f6re doktor, makro jel tedavisini \u00fc\u00e7 y\u00fcz\u00fcn \u00fczerinde kad\u0131na uygulam\u0131\u015f ve benim durumum d\u0131\u015f\u0131nda b\u00f6yle bir olumsuz vaka ile kar\u015f\u0131la\u015fmam\u0131\u015ft\u0131. T\u00fcm bu ya\u015fad\u0131klar\u0131m ve g\u00f6\u011f\u00fcslerimde h\u00e2l\u00e2 bir iyile\u015fme olmamas\u0131 sebebiyle, implant yerle\u015ftirmek amac\u0131yla mamoplasti yapt\u0131rmaya karar verdim. \u0130nternette ara\u015ft\u0131rma yapt\u0131m ve \u00e7evremdeki cerrahlar \u00fczerinden olas\u0131l\u0131klar, s\u00fcre\u00e7 ve maliyetler hakk\u0131nda bilgi ald\u0131m. Mamoplasti ameliyat\u0131 \u0130svi\u00e7re\u2019de \u00e7ok pahal\u0131yd\u0131 ve bir \u0130svi\u00e7reli cerrah taraf\u0131ndan yap\u0131lan operasyon, yabanc\u0131 bir cerrah\u0131nkinden mutlaka daha iyi olmak zorunda de\u011fildi. Bu konuyu yurt d\u0131\u015f\u0131nda mamoplasti yapt\u0131rm\u0131\u015f arkada\u015flar\u0131mla konu\u015funca, yurt d\u0131\u015f\u0131ndaki mamoplasti uygulamalar\u0131n\u0131n daha iyi ve profesyonel oldu\u011funu g\u00f6rd\u00fcm. Estetik cerrahilerin \u0130svi\u00e7re\u2019ye k\u0131yasla daha s\u0131k yurt d\u0131\u015f\u0131nda yap\u0131ld\u0131\u011f\u0131 ve \u00f6nceki k\u00f6t\u00fc deneyimimi g\u00f6z \u00f6n\u00fcnde bulundurdu\u011fumda, yurt d\u0131\u015f\u0131ndaki cerrahlara g\u00fcvenim daha da artt\u0131. Sonras\u0131nda Swisslasik\u2019i internetten g\u00f6rd\u00fcm ve \u00f6nce e-posta yoluyla, sonra \u015fahsen bu arac\u0131 \u015firketle ileti\u015fime ge\u00e7tim. \u00c7ok h\u0131zl\u0131 ve samimi bir dan\u0131\u015fmanl\u0131k hizmetiyle arad\u0131\u011f\u0131m t\u00fcm bilgileri ald\u0131m. G\u00f6\u011f\u00fcslerin b\u00fcy\u00fckl\u00fc\u011f\u00fc ve di\u011fer detaylar, \u0130stanbul\u2019da estetik cerrahla yap\u0131lacak muayene sonras\u0131nda belirlenecekti. Ben de \u0130stanbul\u2019da Ac\u0131badem Hastanesi\u2019ni tercih ettim ve estetik cerrah taraf\u0131ndan \u00f6n muayene i\u00e7in bir randevu ayarland\u0131. U\u00e7aktan indi\u011fimde, refakat\u00e7im beni kar\u015f\u0131lad\u0131 ve \u00f6zel bir ara\u00e7la otele g\u00f6t\u00fcr\u00fcld\u00fck. \u015eof\u00f6r \u00e7ok dakikti. Ertesi g\u00fcn otelden al\u0131n\u0131p hastanedeki \u00f6n muayene randevuma tam zaman\u0131nda g\u00f6t\u00fcr\u00fcld\u00fcm. \u00d6nceki k\u00f6t\u00fc makro jel deneyimimden kaynaklanan \u00f6zel bir durum nedeniyle, cerrah g\u00f6\u011f\u00fcslerime 250 ml silikon yerle\u015ftirmeden \u00f6nce kalan miktar\u0131 g\u00f6rmek i\u00e7in ultrason muayenesi istedi. Cerrah, kalan malzemenin g\u00f6\u011f\u00fcslerimde nas\u0131l da\u011f\u0131ld\u0131\u011f\u0131n\u0131 bilmeden ve ilgili enfeksiyon riskini de\u011ferlendirmeden ameliyata ba\u015flamay\u0131 tercih etmedi. Ben de bu \u00f6n muayeneleri kesinlikle onaylad\u0131m, \u00e7\u00fcnk\u00fc enfeksiyon riskinin d\u00fc\u015f\u00fck olmas\u0131n\u0131 ger\u00e7ekten istiyordum. Ayr\u0131ca, doktorun sa\u011fl\u0131\u011f\u0131m konusunda ger\u00e7ekten endi\u015felenmesini ve emin olmadan cerrahi bir operasyon yapmay\u0131 tercih etmemesini g\u00f6rmek \u00e7ok ho\u015ftu. Bana, kalan makro jel miktar\u0131 \u00e7ok fazla olsayd\u0131 hem benim hem de onun g\u00fcvenli\u011fi i\u00e7in ameliyat\u0131 kabul etmeyece\u011fini s\u00f6yledi. Ultrason sonu\u00e7lar\u0131, her iki g\u00f6\u011f\u00fcste de g\u00f6\u011f\u00fcs hatt\u0131nda az miktarda makro jel oldu\u011funu g\u00f6sterdi. Ayr\u0131ca, sol g\u00f6\u011f\u00fcste k\u00fc\u00e7\u00fck bir miktar pektoralis kas\u0131na da enjekte edilmi\u015fti! Elbette pektoralis kas\u0131ndaki jeli \u00e7\u0131karmak m\u00fcmk\u00fcn de\u011fildi. Bu durum do\u011fal yollarla \u00e7\u00f6z\u00fclmek zorundayd\u0131 ve enjeksiyon tarihinden itibaren yakla\u015f\u0131k bir ila bir bu\u00e7uk y\u0131l s\u00fcrecekti. Doktorlar sonu\u00e7lar\u0131m\u0131 g\u00f6rd\u00fckten sonra, cerrah ameliyata onay verdi. Silikon implantlar\u0131 yerle\u015ftirmeden \u00f6nce, jeli m\u00fcmk\u00fcn oldu\u011funca \u00e7\u0131karmay\u0131 planl\u0131yordu. Ayr\u0131ca enfeksiyon riskini en aza indirmek i\u00e7in, en az iki g\u00fcn hastanede kalmam\u0131 \u00f6nerdi ve ben de kabul ettim. B\u00f6ylece ameliyat ertesi g\u00fcn ba\u015flayabilecekti. Ameliyathane \u00f6n haz\u0131rl\u0131k odas\u0131nda cerrah i\u015faretlemeleri yapt\u0131 ve son detaylar konu\u015fuldu. Daha sonra ameliyat \u00f6nl\u00fc\u011f\u00fc ve destekleyici \u00e7oraplar\u0131m\u0131 giydikten sonra sedyeyle ameliyathane odas\u0131na g\u00f6t\u00fcr\u00fcld\u00fcm. Sedyeden ameliyat masas\u0131na aktar\u0131ld\u0131\u011f\u0131mda narkoz verildi ve huzurlu, rahat bir uykuya dald\u0131m. Uyand\u0131\u011f\u0131mda ameliyat\u0131n bitmi\u015f oldu\u011funu tam olarak fark edemedim; bu nedenle doktorlara ne zaman ba\u015flayacaklar\u0131n\u0131 sordum. Bana her \u015feyin bitti\u011fini ve ameliyat\u0131n ba\u015far\u0131l\u0131 oldu\u011funu s\u00f6ylediler. G\u00f6\u011f\u00fcslerime bakt\u0131\u011f\u0131mda fark\u0131 ve m\u00fckemmel sonucu hemen fark ettim. K\u0131sa bir dinlenme s\u00fcresinden sonra tek ki\u015filik odaya al\u0131nd\u0131m. Ac\u0131badem Maslak Hastanesi\u2019ndeki oda \u00e7ok iyi dekore edilmi\u015fti ve sonraki iki g\u00fcn boyunca hi\u00e7bir eksik hissetmedim. Hem\u015fireler ve bak\u0131m personeli \u00e7ok samimi ve \u015fefkatliydi. Yemekler lezzetliydi; hem geleneksel T\u00fcrk mutfa\u011f\u0131 hem de modern mutfak se\u00e7enekleri sunuluyordu. Her \u00f6\u011f\u00fcnde, refakat\u00e7imin yiyece\u011fi i\u00e7in iki tepsi getiriliyordu, b\u00f6ylece onun yiyece\u011fi her zaman haz\u0131rd\u0131. \u0130kinci gecenin ard\u0131ndan drenler \u00e7\u0131kar\u0131ld\u0131. A\u011fr\u0131, tolere edilebilir s\u0131n\u0131rlar i\u00e7indeydi. \u00d6zellikle sabahlar\u0131 ve ak\u015fam saatlerinde rahats\u0131z edici bir bask\u0131 hissi oluyordu. Yine de, birka\u00e7 g\u00fcn i\u00e7inde ya az miktarda ya da hi\u00e7 a\u011fr\u0131 kesici kullanmadan bu durumu y\u00f6netebildim. G\u00f6\u011f\u00fcslerim \u015fi\u015fti ve ciltleri do\u011fal olarak bir s\u00fcre daha gergin kald\u0131. G\u00f6\u011f\u00fcs derisinin yumu\u015famas\u0131 ve nihai \u015feklinin olu\u015fmas\u0131 i\u00e7in genellikle iki ila d\u00f6rt ay ge\u00e7mesi gerekiyordu. Ancak ameliyattan hemen sonra ve bu iki g\u00fcn\u00fcn ard\u0131ndan, g\u00fczel ve b\u00fcy\u00fck bir g\u00f6r\u00fcn\u00fcme sahip olduklar\u0131n\u0131 g\u00f6rebildim. Sonu\u00e7 \u00e7ok g\u00fczel ve simetrikti. Yeni v\u00fccut \u015feklimden \u00e7ok memnun kald\u0131m! Mutlu ve sa\u011fl\u0131kl\u0131 bir ruh h\u00e2liyle hastaneden ayr\u0131lmama izin verildi ve b\u00f6ylece birka\u00e7 g\u00fcn \u0130stanbul\u2019un tad\u0131n\u0131 \u00e7\u0131karabildim. Eve d\u00f6nmeden birka\u00e7 g\u00fcn \u00f6nce, 10 g\u00fcnl\u00fck \u0130stanbul yolculu\u011fumun sonunda doktor son bir t\u0131bbi kontrol yapt\u0131. U\u00e7u\u015f s\u0131ras\u0131nda hi\u00e7 a\u011fr\u0131 hissetmedim ve sonras\u0131ndaki g\u00fcnler ya da haftalar boyunca da hi\u00e7bir sorun ya\u015famad\u0131m. Ameliyat\u0131n \u00fczerinden iki ay ge\u00e7ti. \u0130zler do\u011fal olarak biraz k\u0131rm\u0131z\u0131, ancak iyile\u015fme s\u00fcreci \u00e7ok iyi gidiyor. Hastanede verdikleri destekleyici s\u00fctyen m\u00fckemmel uyuyor; gece g\u00fcnd\u00fcz, hatta spor yaparken bile giyiyorum. T\u00fcrkiye\u2019de ge\u00e7irdi\u011fim ameliyatla ilgili sadece iyi \u015feyler s\u00f6yleyebilirim ve estetik ameliyat olmak isteyen herkese bu yeri g\u00f6n\u00fcl rahatl\u0131\u011f\u0131yla tavsiye ediyorum. \u00d6nceki rapor Bir sonraki rapor<\/p>\n","protected":false},"author":4,"featured_media":0,"parent":2800,"menu_order":0,"comment_status":"closed","ping_status":"closed","template":"","meta":{"_joinchat":[],"footnotes":""},"class_list":["post-2824","page","type-page","status-publish","hentry"],"acf":[],"_links":{"self":[{"href":"https:\/\/medicaltravel.net\/tr\/wp-json\/wp\/v2\/pages\/2824","targetHints":{"allow":["GET"]}}],"collection":[{"href":"https:\/\/medicaltravel.net\/tr\/wp-json\/wp\/v2\/pages"}],"about":[{"href":"https:\/\/medicaltravel.net\/tr\/wp-json\/wp\/v2\/types\/page"}],"author":[{"embeddable":true,"href":"https:\/\/medicaltravel.net\/tr\/wp-json\/wp\/v2\/users\/4"}],"replies":[{"embeddable":true,"href":"https:\/\/medicaltravel.net\/tr\/wp-json\/wp\/v2\/comments?post=2824"}],"version-history":[{"count":4,"href":"https:\/\/medicaltravel.net\/tr\/wp-json\/wp\/v2\/pages\/2824\/revisions"}],"predecessor-version":[{"id":3316,"href":"https:\/\/medicaltravel.net\/tr\/wp-json\/wp\/v2\/pages\/2824\/revisions\/3316"}],"up":[{"embeddable":true,"href":"https:\/\/medicaltravel.net\/tr\/wp-json\/wp\/v2\/pages\/2800"}],"wp:attachment":[{"href":"https:\/\/medicaltravel.net\/tr\/wp-json\/wp\/v2\/media?parent=2824"}],"curies":[{"name":"wp","href":"https:\/\/api.w.org\/{rel}","templated":true}]}}