{"id":2829,"date":"2025-09-29T09:40:12","date_gmt":"2025-09-29T08:40:12","guid":{"rendered":"https:\/\/medicaltravel.net\/travmatoloji\/"},"modified":"2026-01-11T18:17:13","modified_gmt":"2026-01-11T17:17:13","slug":"travmatoloji","status":"publish","type":"page","link":"https:\/\/medicaltravel.net\/tr\/travmatoloji\/","title":{"rendered":"Travmatoloji"},"content":{"rendered":"\t\t<div data-elementor-type=\"wp-page\" data-elementor-id=\"2829\" class=\"elementor elementor-2829 elementor-73\" data-elementor-post-type=\"page\">\n\t\t\t\t<div class=\"elementor-element elementor-element-b6b5493 e-flex e-con-boxed wpr-particle-no wpr-jarallax-no wpr-parallax-no wpr-sticky-section-no e-con e-parent\" data-id=\"b6b5493\" data-element_type=\"container\" data-e-type=\"container\">\n\t\t\t\t\t<div class=\"e-con-inner\">\n\t\t<div class=\"elementor-element elementor-element-0067a35 e-con-full e-flex wpr-particle-no wpr-jarallax-no wpr-parallax-no wpr-sticky-section-no e-con e-child\" data-id=\"0067a35\" data-element_type=\"container\" data-e-type=\"container\">\n\t\t\t\t<div class=\"elementor-element elementor-element-9c090eb elementor-widget elementor-widget-button\" data-id=\"9c090eb\" data-element_type=\"widget\" data-e-type=\"widget\" data-widget_type=\"button.default\">\n\t\t\t\t\t\t\t\t\t\t<a class=\"elementor-button elementor-button-link elementor-size-sm\" href=\"https:\/\/medicaltravel.net\/traumatology\/orthopedics\/\">\n\t\t\t\t\t\t<span class=\"elementor-button-content-wrapper\">\n\t\t\t\t\t\t\t\t\t<span class=\"elementor-button-text\">Ortopedi T\u00fcrkiye<\/span>\n\t\t\t\t\t<\/span>\n\t\t\t\t\t<\/a>\n\t\t\t\t\t\t\t\t<\/div>\n\t\t\t\t<div class=\"elementor-element elementor-element-c23482b elementor-widget elementor-widget-button\" data-id=\"c23482b\" data-element_type=\"widget\" data-e-type=\"widget\" data-widget_type=\"button.default\">\n\t\t\t\t\t\t\t\t\t\t<a class=\"elementor-button elementor-button-link elementor-size-sm\" href=\"https:\/\/medicaltravel.net\/traumatology\/pediatric-hand-surgery\/\">\n\t\t\t\t\t\t<span class=\"elementor-button-content-wrapper\">\n\t\t\t\t\t\t\t\t\t<span class=\"elementor-button-text\">Pediatrik El Cerrahisi<\/span>\n\t\t\t\t\t<\/span>\n\t\t\t\t\t<\/a>\n\t\t\t\t\t\t\t\t<\/div>\n\t\t\t\t<\/div>\n\t\t\t\t<div class=\"elementor-element elementor-element-537188de elementor-widget elementor-widget-text-editor\" data-id=\"537188de\" data-element_type=\"widget\" data-e-type=\"widget\" data-widget_type=\"text-editor.default\">\n\t\t\t\t\t\t\t\t\t\n<h3 class=\"wp-block-heading\">ORTOPED\u0130 VE TRAVMATOLOJ\u0130 T\u00dcRK\u0130YE<\/h3>\n\n<figure class=\"wp-block-image size-full\"><img fetchpriority=\"high\" decoding=\"async\" width=\"560\" height=\"260\" class=\"wp-image-229\" src=\"https:\/\/medicaltravel.net\/wp-content\/uploads\/2025\/09\/MG_0750.jpg\" alt=\"\" srcset=\"https:\/\/medicaltravel.net\/wp-content\/uploads\/2025\/09\/MG_0750.jpg 560w, https:\/\/medicaltravel.net\/wp-content\/uploads\/2025\/09\/MG_0750-300x139.jpg 300w\" sizes=\"(max-width: 560px) 100vw, 560px\" \/><\/figure>\n\n<p id=\"caption-attachment-406\">Yurt D\u0131\u015f\u0131nda Ortopedik Cerrahi<\/p>\n\n<h3 class=\"wp-block-heading\">ORTOPED\u0130 VE SPOR HASTALIKLARI<\/h3>\n\n<p>Ac\u0131badem\u2019in Ortopedi ve Travmatoloji B\u00f6l\u00fcmleri, her ya\u015ftan hastaya bir\u00e7ok ortopedik hastal\u0131kta en y\u00fcksek kalitede bak\u0131m sunmaktad\u0131r. Ac\u0131badem\u2019deki ortopedik cerrahlar, genel ortopedi, ortopedik rehabilitasyon, spor yaralanmalar\u0131, artroskopi ve diz cerrahisi, omuz ve dirsek cerrahisi, el ve bilek mikrocerrahisi, ayak ve ayak bile\u011fi cerrahisi, kal\u00e7a cerrahisi, eklem protezi, mikrocerrahi, kas-iskelet onkolojisi, transplantasyon, omurga cerrahisi, rehabilitasyon m\u00fchendisli\u011fi, travma ve pediatrik ortopedi gibi pek \u00e7ok alanda uzmanla\u015fm\u0131\u015ft\u0131r. <\/p>\n\t\t\t\t\t\t\t\t<\/div>\n\t\t\t\t\t<\/div>\n\t\t\t\t<\/div>\n\t\t\t\t<\/div>\n\t\t","protected":false},"excerpt":{"rendered":"<p>Ortopedi T\u00fcrkiye Pediatrik El Cerrahisi ORTOPED\u0130 VE TRAVMATOLOJ\u0130 T\u00dcRK\u0130YE Yurt D\u0131\u015f\u0131nda Ortopedik Cerrahi ORTOPED\u0130 VE SPOR HASTALIKLARI Ac\u0131badem\u2019in Ortopedi ve Travmatoloji B\u00f6l\u00fcmleri, her ya\u015ftan hastaya bir\u00e7ok ortopedik hastal\u0131kta en y\u00fcksek kalitede bak\u0131m sunmaktad\u0131r. Ac\u0131badem\u2019deki ortopedik cerrahlar, genel ortopedi, ortopedik rehabilitasyon, spor yaralanmalar\u0131, artroskopi ve diz cerrahisi, omuz ve dirsek cerrahisi, el ve bilek mikrocerrahisi, ayak ve ayak bile\u011fi cerrahisi, kal\u00e7a cerrahisi, eklem protezi, mikrocerrahi, kas-iskelet onkolojisi, transplantasyon, omurga cerrahisi, rehabilitasyon m\u00fchendisli\u011fi, travma ve pediatrik ortopedi gibi pek \u00e7ok alanda uzmanla\u015fm\u0131\u015ft\u0131r.<\/p>\n","protected":false},"author":4,"featured_media":0,"parent":0,"menu_order":0,"comment_status":"closed","ping_status":"closed","template":"","meta":{"_joinchat":[],"footnotes":""},"class_list":["post-2829","page","type-page","status-publish","hentry"],"acf":[],"_links":{"self":[{"href":"https:\/\/medicaltravel.net\/tr\/wp-json\/wp\/v2\/pages\/2829","targetHints":{"allow":["GET"]}}],"collection":[{"href":"https:\/\/medicaltravel.net\/tr\/wp-json\/wp\/v2\/pages"}],"about":[{"href":"https:\/\/medicaltravel.net\/tr\/wp-json\/wp\/v2\/types\/page"}],"author":[{"embeddable":true,"href":"https:\/\/medicaltravel.net\/tr\/wp-json\/wp\/v2\/users\/4"}],"replies":[{"embeddable":true,"href":"https:\/\/medicaltravel.net\/tr\/wp-json\/wp\/v2\/comments?post=2829"}],"version-history":[{"count":7,"href":"https:\/\/medicaltravel.net\/tr\/wp-json\/wp\/v2\/pages\/2829\/revisions"}],"predecessor-version":[{"id":2837,"href":"https:\/\/medicaltravel.net\/tr\/wp-json\/wp\/v2\/pages\/2829\/revisions\/2837"}],"wp:attachment":[{"href":"https:\/\/medicaltravel.net\/tr\/wp-json\/wp\/v2\/media?parent=2829"}],"curies":[{"name":"wp","href":"https:\/\/api.w.org\/{rel}","templated":true}]}}