{"id":2838,"date":"2025-09-29T09:41:36","date_gmt":"2025-09-29T08:41:36","guid":{"rendered":"https:\/\/medicaltravel.net\/travmatoloji\/ortopedi-turkiye\/"},"modified":"2026-01-11T18:42:49","modified_gmt":"2026-01-11T17:42:49","slug":"ortopedi-turkiye","status":"publish","type":"page","link":"https:\/\/medicaltravel.net\/tr\/travmatoloji\/ortopedi-turkiye\/","title":{"rendered":"Ortopedi T\u00fcrkiye"},"content":{"rendered":"\t\t<div data-elementor-type=\"wp-page\" data-elementor-id=\"2838\" class=\"elementor elementor-2838 elementor-75\" data-elementor-post-type=\"page\">\n\t\t\t\t<div class=\"elementor-element elementor-element-5f0d698b e-flex e-con-boxed wpr-particle-no wpr-jarallax-no wpr-parallax-no wpr-sticky-section-no e-con e-parent\" data-id=\"5f0d698b\" data-element_type=\"container\" data-e-type=\"container\">\n\t\t\t\t\t<div class=\"e-con-inner\">\n\t\t<div class=\"elementor-element elementor-element-abbd749 e-con-full e-flex wpr-particle-no wpr-jarallax-no wpr-parallax-no wpr-sticky-section-no e-con e-child\" data-id=\"abbd749\" data-element_type=\"container\" data-e-type=\"container\">\n\t\t\t\t<div class=\"elementor-element elementor-element-862cec9 elementor-widget elementor-widget-button\" data-id=\"862cec9\" data-element_type=\"widget\" data-e-type=\"widget\" data-widget_type=\"button.default\">\n\t\t\t\t\t\t\t\t\t\t<a class=\"elementor-button elementor-button-link elementor-size-sm\" href=\"https:\/\/medicaltravel.net\/tr\/travmatoloji\/ortopedi-turkiye\/\">\n\t\t\t\t\t\t<span class=\"elementor-button-content-wrapper\">\n\t\t\t\t\t\t\t\t\t<span class=\"elementor-button-text\">Ortopedi T\u00fcrkiye<\/span>\n\t\t\t\t\t<\/span>\n\t\t\t\t\t<\/a>\n\t\t\t\t\t\t\t\t<\/div>\n\t\t\t\t<div class=\"elementor-element elementor-element-58b76ce elementor-widget elementor-widget-button\" data-id=\"58b76ce\" data-element_type=\"widget\" data-e-type=\"widget\" data-widget_type=\"button.default\">\n\t\t\t\t\t\t\t\t\t\t<a class=\"elementor-button elementor-button-link elementor-size-sm\" href=\"https:\/\/medicaltravel.net\/traumatology\/pediatric-hand-surgery\/\">\n\t\t\t\t\t\t<span class=\"elementor-button-content-wrapper\">\n\t\t\t\t\t\t\t\t\t<span class=\"elementor-button-text\">Pediatrik El Cerrahisi<\/span>\n\t\t\t\t\t<\/span>\n\t\t\t\t\t<\/a>\n\t\t\t\t\t\t\t\t<\/div>\n\t\t\t\t<\/div>\n\t\t\t\t<div class=\"elementor-element elementor-element-5ab97260 elementor-widget elementor-widget-text-editor\" data-id=\"5ab97260\" data-element_type=\"widget\" data-e-type=\"widget\" data-widget_type=\"text-editor.default\">\n\t\t\t\t\t\t\t\t\t\n<h3 class=\"wp-block-heading\">ORTOPED\u0130<\/h3>\n\n<figure class=\"wp-block-image size-full\"><img fetchpriority=\"high\" decoding=\"async\" width=\"500\" height=\"233\" class=\"wp-image-232\" src=\"https:\/\/medicaltravel.net\/wp-content\/uploads\/2025\/09\/csm_Orthopedics_578b4a0f99.jpg\" alt=\"\" srcset=\"https:\/\/medicaltravel.net\/wp-content\/uploads\/2025\/09\/csm_Orthopedics_578b4a0f99.jpg 500w, https:\/\/medicaltravel.net\/wp-content\/uploads\/2025\/09\/csm_Orthopedics_578b4a0f99-300x140.jpg 300w\" sizes=\"(max-width: 500px) 100vw, 500px\" \/><\/figure>\n\n<p id=\"caption-attachment-649\">Ac\u0131badem Sa\u011fl\u0131k Grubu\u2019nun bir par\u00e7as\u0131 olan, JCI akredite, \u00e7ok uzmanl\u0131k alanl\u0131 bir t\u0131p merkezi.<\/p>\n\n<p>Ortopedi B\u00f6l\u00fcm\u00fc\u2019nde, t\u00fcm kas ve iskelet sistemi ile omurga hastal\u0131klar\u0131 ve travmalar\u0131 i\u00e7in modern tan\u0131 teknikleri ve son teknoloji tedavi se\u00e7enekleri sunulmaktad\u0131r.<br><strong>Uygulamalar \u015funlard\u0131r:<\/strong><\/p>\n\n<ul class=\"wp-block-list\">\n<li>Skolyoz ve Omurga Cerrahileri<\/li>\n\n<li>Kas ve \u0130skelet Sistemi K\u0131r\u0131k Travmalar\u0131\n<ul class=\"wp-block-list\">\n<li>Eklem \u00c7\u0131k\u0131klar\u0131<\/li>\n\n<li>Kas ve tendon y\u0131rt\u0131klar\u0131 ve kopmalar\u0131<\/li>\n\n<li>Politravma hastalar\u0131nda k\u0131r\u0131k ve \u00e7\u0131k\u0131klar\u0131n y\u00f6netimi<\/li>\n<\/ul>\n<\/li>\n\n<li>Artroskopik Cerrahiler (omuz, kal\u00e7a, diz, ayak bile\u011fi ve bilek)\n<ul class=\"wp-block-list\">\n<li>Gonartroz ve koksartroz<\/li>\n\n<li>Kal\u00e7a ve diz protezi<\/li>\n\n<li>Protez enfeksiyonu ve kay\u0131plar\u0131nda revizyon operasyonlar\u0131<\/li>\n\n<li>Periaketab\u00fcler ve y\u00fcksek tibial osteotomi operasyonlar\u0131<\/li>\n<\/ul>\n<\/li>\n\n<li>Omurga Cerrahisi\n<ul class=\"wp-block-list\">\n<li>Omurga Deformiteleri (skolyoz, kifoz)<\/li>\n\n<li>Spondilolistezis (omurun kaymas\u0131)<\/li>\n\n<li>Degeneratif Omurga Hastal\u0131klar\u0131<\/li>\n\n<li>Omurga Travmalar\u0131 (servikal, torakal, lomber, sakral)<\/li>\n\n<li>Omurga Enfeksiyonlar\u0131 (Omurga t\u00fcberk\u00fclozu, spesifik olmayan enfeksiyonlar)<\/li>\n\n<li>Omurga T\u00fcm\u00f6rleri (Primer \u2013 Metastatik)<\/li>\n<\/ul>\n<\/li>\n\n<li>Ortopedik Deformiteler<\/li>\n\n<li>Kemik Uzatma Ameliyatlar\u0131\n<ul class=\"wp-block-list\">\n<li>Kemik deformitelerinde eksternal fiksasyon uygulamalar\u0131<\/li>\n\n<li>K\u0131r\u0131\u015fmam\u0131\u015f k\u0131r\u0131klar ve kemik enfeksiyonlar\u0131<\/li>\n<\/ul>\n<\/li>\n\n<li>Kal\u00e7a Ekleminin \u00c7e\u015fitli Pediatrik Hastal\u0131klar\u0131 (Do\u011fu\u015ftan Kal\u00e7a \u00c7\u0131k\u0131\u011f\u0131, Aseptik Nekrozlar)\n<ul class=\"wp-block-list\">\n<li>Do\u011fu\u015ftan kal\u00e7a \u00e7\u0131k\u0131\u011f\u0131, pesequinovanus, hemimelya gibi t\u00fcm do\u011fu\u015ftan ve geli\u015fimsel sorunlar<\/li>\n\n<li>Perthes hastal\u0131\u011f\u0131, kemik ve yumu\u015fak doku sorunlar\u0131, kemik enfeksiyonlar\u0131, topallama ve boy farklar\u0131 gibi t\u00fcm \u00e7ocukluk ortopedik hastal\u0131klar\u0131<\/li>\n\n<li>Her t\u00fcrl\u00fc travma ve spor yaralanmalar\u0131, k\u0131r\u0131klar, tendon ve ba\u011f y\u0131rt\u0131klar\u0131<\/li>\n\n<li>Serebral palsi, miyelodisplazi, do\u011fumsal fel\u00e7, Charcot-Marie-Tooth hastal\u0131\u011f\u0131 gibi n\u00f6ro-m\u00fcsk\u00fcler problemler<\/li>\n<\/ul>\n<\/li>\n\n<li>Diz Protezi Ameliyat\u0131<\/li>\n\n<li>Kal\u00e7a Protezi Ameliyat\u0131<\/li>\n\n<li>Ayak ve Ayak Bile\u011fi Hastal\u0131klar\u0131 (Halluks Valgus vb.)<\/li>\n\n<li>Artroplastik M\u00fcdahaleler (kal\u00e7a, diz, omuz, endoprotez ameliyatlar\u0131)<\/li>\n\n<li>El Hastal\u0131klar\u0131 ve El Ameliyatlar\u0131 (Mikrocerrahi m\u00fcdahaleler de yap\u0131lmaktad\u0131r)\n<ul class=\"wp-block-list\">\n<li>\u00dcst ekstremite cerrahisi<\/li>\n\n<li>El, bilek ve kol cerrahisi<\/li>\n\n<li>Mikrocerrahi<\/li>\n\n<li>Yeniden dikme operasyonu<\/li>\n\n<li>Serbest doku nakilleri<\/li>\n\n<li>T\u00fcm akut ve \u00fcst ekstremite travmalar\u0131, eklem protezleri ve k\u00fc\u00e7\u00fck eklemlerin artroskopik tedavilerinin rekonstr\u00fcksiyonu<\/li>\n\n<li>Do\u011fu\u015ftan el deformitelerinin rekonstr\u00fcksiyonu<\/li>\n<\/ul>\n<\/li>\n\n<li>Kas ve \u0130skelet Sistemi T\u00fcm\u00f6rleri<\/li>\n<\/ul>\n\t\t\t\t\t\t\t\t<\/div>\n\t\t\t\t\t<\/div>\n\t\t\t\t<\/div>\n\t\t\t\t<\/div>\n\t\t","protected":false},"excerpt":{"rendered":"<p>Ortopedi T\u00fcrkiye Pediatrik El Cerrahisi ORTOPED\u0130 Ac\u0131badem Sa\u011fl\u0131k Grubu\u2019nun bir par\u00e7as\u0131 olan, JCI akredite, \u00e7ok uzmanl\u0131k alanl\u0131 bir t\u0131p merkezi. Ortopedi B\u00f6l\u00fcm\u00fc\u2019nde, t\u00fcm kas ve iskelet sistemi ile omurga hastal\u0131klar\u0131 ve travmalar\u0131 i\u00e7in modern tan\u0131 teknikleri ve son teknoloji tedavi se\u00e7enekleri sunulmaktad\u0131r.Uygulamalar \u015funlard\u0131r: Skolyoz ve Omurga Cerrahileri Kas ve \u0130skelet Sistemi K\u0131r\u0131k Travmalar\u0131 Eklem \u00c7\u0131k\u0131klar\u0131 Kas ve tendon y\u0131rt\u0131klar\u0131 ve kopmalar\u0131 Politravma hastalar\u0131nda k\u0131r\u0131k ve \u00e7\u0131k\u0131klar\u0131n y\u00f6netimi Artroskopik Cerrahiler (omuz, kal\u00e7a, diz, ayak bile\u011fi ve bilek) Gonartroz ve koksartroz Kal\u00e7a ve diz protezi Protez enfeksiyonu ve kay\u0131plar\u0131nda revizyon operasyonlar\u0131 Periaketab\u00fcler ve y\u00fcksek tibial osteotomi operasyonlar\u0131 Omurga Cerrahisi Omurga Deformiteleri (skolyoz, kifoz) Spondilolistezis (omurun kaymas\u0131) Degeneratif Omurga Hastal\u0131klar\u0131 Omurga Travmalar\u0131 (servikal, torakal, lomber, sakral) Omurga Enfeksiyonlar\u0131 (Omurga t\u00fcberk\u00fclozu, spesifik olmayan enfeksiyonlar) Omurga T\u00fcm\u00f6rleri (Primer \u2013 Metastatik) Ortopedik Deformiteler Kemik Uzatma Ameliyatlar\u0131 Kemik deformitelerinde eksternal fiksasyon uygulamalar\u0131 K\u0131r\u0131\u015fmam\u0131\u015f k\u0131r\u0131klar ve kemik enfeksiyonlar\u0131 Kal\u00e7a Ekleminin \u00c7e\u015fitli Pediatrik Hastal\u0131klar\u0131 (Do\u011fu\u015ftan Kal\u00e7a \u00c7\u0131k\u0131\u011f\u0131, Aseptik Nekrozlar) Do\u011fu\u015ftan kal\u00e7a \u00e7\u0131k\u0131\u011f\u0131, pesequinovanus, hemimelya gibi t\u00fcm do\u011fu\u015ftan ve geli\u015fimsel sorunlar Perthes hastal\u0131\u011f\u0131, kemik ve yumu\u015fak doku sorunlar\u0131, kemik enfeksiyonlar\u0131, topallama ve boy farklar\u0131 gibi t\u00fcm \u00e7ocukluk ortopedik hastal\u0131klar\u0131 Her t\u00fcrl\u00fc travma ve spor yaralanmalar\u0131, k\u0131r\u0131klar, tendon ve ba\u011f y\u0131rt\u0131klar\u0131 Serebral palsi, miyelodisplazi, do\u011fumsal fel\u00e7, Charcot-Marie-Tooth hastal\u0131\u011f\u0131 gibi n\u00f6ro-m\u00fcsk\u00fcler problemler Diz Protezi Ameliyat\u0131 Kal\u00e7a Protezi Ameliyat\u0131 Ayak ve Ayak Bile\u011fi Hastal\u0131klar\u0131 (Halluks Valgus vb.) Artroplastik M\u00fcdahaleler (kal\u00e7a, diz, omuz, endoprotez ameliyatlar\u0131) El Hastal\u0131klar\u0131 ve El Ameliyatlar\u0131 (Mikrocerrahi m\u00fcdahaleler de yap\u0131lmaktad\u0131r) \u00dcst ekstremite cerrahisi El, bilek ve kol cerrahisi Mikrocerrahi Yeniden dikme operasyonu Serbest doku nakilleri T\u00fcm akut ve \u00fcst ekstremite travmalar\u0131, eklem protezleri ve k\u00fc\u00e7\u00fck eklemlerin artroskopik tedavilerinin rekonstr\u00fcksiyonu Do\u011fu\u015ftan el deformitelerinin rekonstr\u00fcksiyonu Kas ve \u0130skelet Sistemi T\u00fcm\u00f6rleri<\/p>\n","protected":false},"author":4,"featured_media":0,"parent":2829,"menu_order":0,"comment_status":"closed","ping_status":"closed","template":"","meta":{"_joinchat":[],"footnotes":""},"class_list":["post-2838","page","type-page","status-publish","hentry"],"acf":[],"_links":{"self":[{"href":"https:\/\/medicaltravel.net\/tr\/wp-json\/wp\/v2\/pages\/2838","targetHints":{"allow":["GET"]}}],"collection":[{"href":"https:\/\/medicaltravel.net\/tr\/wp-json\/wp\/v2\/pages"}],"about":[{"href":"https:\/\/medicaltravel.net\/tr\/wp-json\/wp\/v2\/types\/page"}],"author":[{"embeddable":true,"href":"https:\/\/medicaltravel.net\/tr\/wp-json\/wp\/v2\/users\/4"}],"replies":[{"embeddable":true,"href":"https:\/\/medicaltravel.net\/tr\/wp-json\/wp\/v2\/comments?post=2838"}],"version-history":[{"count":3,"href":"https:\/\/medicaltravel.net\/tr\/wp-json\/wp\/v2\/pages\/2838\/revisions"}],"predecessor-version":[{"id":2841,"href":"https:\/\/medicaltravel.net\/tr\/wp-json\/wp\/v2\/pages\/2838\/revisions\/2841"}],"up":[{"embeddable":true,"href":"https:\/\/medicaltravel.net\/tr\/wp-json\/wp\/v2\/pages\/2829"}],"wp:attachment":[{"href":"https:\/\/medicaltravel.net\/tr\/wp-json\/wp\/v2\/media?parent=2838"}],"curies":[{"name":"wp","href":"https:\/\/api.w.org\/{rel}","templated":true}]}}