{"id":2843,"date":"2025-09-29T09:42:59","date_gmt":"2025-09-29T08:42:59","guid":{"rendered":"https:\/\/medicaltravel.net\/travmatoloji\/pediatrik-el-cerrahisi\/"},"modified":"2026-01-11T18:50:50","modified_gmt":"2026-01-11T17:50:50","slug":"pediatrik-el-cerrahisi","status":"publish","type":"page","link":"https:\/\/medicaltravel.net\/tr\/travmatoloji\/pediatrik-el-cerrahisi\/","title":{"rendered":"Pediatrik El Cerrahisi"},"content":{"rendered":"\t\t<div data-elementor-type=\"wp-page\" data-elementor-id=\"2843\" class=\"elementor elementor-2843 elementor-77\" data-elementor-post-type=\"page\">\n\t\t\t\t<div class=\"elementor-element elementor-element-5438d988 e-flex e-con-boxed wpr-particle-no wpr-jarallax-no wpr-parallax-no wpr-sticky-section-no e-con e-parent\" data-id=\"5438d988\" data-element_type=\"container\" data-e-type=\"container\">\n\t\t\t\t\t<div class=\"e-con-inner\">\n\t\t<div class=\"elementor-element elementor-element-6e98674 e-con-full e-flex wpr-particle-no wpr-jarallax-no wpr-parallax-no wpr-sticky-section-no e-con e-child\" data-id=\"6e98674\" data-element_type=\"container\" data-e-type=\"container\">\n\t\t\t\t<div class=\"elementor-element elementor-element-c7eb107 elementor-widget elementor-widget-button\" data-id=\"c7eb107\" data-element_type=\"widget\" data-e-type=\"widget\" data-widget_type=\"button.default\">\n\t\t\t\t\t\t\t\t\t\t<a class=\"elementor-button elementor-button-link elementor-size-sm\" href=\"https:\/\/medicaltravel.net\/tr\/travmatoloji\/ortopedi-turkiye\/\">\n\t\t\t\t\t\t<span class=\"elementor-button-content-wrapper\">\n\t\t\t\t\t\t\t\t\t<span class=\"elementor-button-text\">Ortopedi T\u00fcrkiye<\/span>\n\t\t\t\t\t<\/span>\n\t\t\t\t\t<\/a>\n\t\t\t\t\t\t\t\t<\/div>\n\t\t\t\t<div class=\"elementor-element elementor-element-162a777 elementor-widget elementor-widget-button\" data-id=\"162a777\" data-element_type=\"widget\" data-e-type=\"widget\" data-widget_type=\"button.default\">\n\t\t\t\t\t\t\t\t\t\t<a class=\"elementor-button elementor-button-link elementor-size-sm\" href=\"https:\/\/medicaltravel.net\/tr\/travmatoloji\/pediatrik-el-cerrahisi\/\">\n\t\t\t\t\t\t<span class=\"elementor-button-content-wrapper\">\n\t\t\t\t\t\t\t\t\t<span class=\"elementor-button-text\">Pediatrik El Cerrahisi<\/span>\n\t\t\t\t\t<\/span>\n\t\t\t\t\t<\/a>\n\t\t\t\t\t\t\t\t<\/div>\n\t\t\t\t<\/div>\n\t\t\t\t<div class=\"elementor-element elementor-element-57364dab elementor-widget elementor-widget-text-editor\" data-id=\"57364dab\" data-element_type=\"widget\" data-e-type=\"widget\" data-widget_type=\"text-editor.default\">\n\t\t\t\t\t\t\t\t\t\n<h3 class=\"wp-block-heading\">EL VE PER\u0130FER\u0130K S\u0130N\u0130R CERRAH\u0130S\u0130 KL\u0130N\u0130\u011e\u0130<\/h3>\n\n<figure class=\"wp-block-image size-full\"><img fetchpriority=\"high\" decoding=\"async\" width=\"600\" height=\"400\" class=\"wp-image-234\" src=\"https:\/\/medicaltravel.net\/wp-content\/uploads\/2025\/09\/congenital-differences-of-the-hand.jpg\" alt=\"\" srcset=\"https:\/\/medicaltravel.net\/wp-content\/uploads\/2025\/09\/congenital-differences-of-the-hand.jpg 600w, https:\/\/medicaltravel.net\/wp-content\/uploads\/2025\/09\/congenital-differences-of-the-hand-300x200.jpg 300w\" sizes=\"(max-width: 600px) 100vw, 600px\" \/><\/figure>\n\n<p id=\"caption-attachment-410\">E\u011fer \u00e7ocu\u011funuzun elleriyle ili\u015fkili kas ve iskelet sistemi sorunlar\u0131 varsa, Ac\u0131badem Hastanesi T\u00fcrkiye\u2019de en iyi pediatrik el cerrahisi ve ilgili tedavileri sunmaktad\u0131r.<\/p>\n\n<h3 class=\"wp-block-heading\">Do\u011fumsal El Farkl\u0131l\u0131klar\u0131<\/h3>\n\n<p>Do\u011fumsal, do\u011fumda mevcut olan anlam\u0131na gelir. Do\u011fumsal el fark\u0131, fet\u00fcs rahimdeyken elin normal olu\u015fumunda meydana gelen bir farkl\u0131l\u0131kt\u0131r. <\/p>\n\n<p>Do\u011fumsal el farkl\u0131l\u0131klar\u0131n\u0131n yayg\u0131n t\u00fcrleri<\/p>\n\n<p>Bu farkl\u0131l\u0131klar, elde eksik veya fazla par\u00e7alar (\u015eekil 1), elin baz\u0131 b\u00f6l\u00fcmlerinin a\u015f\u0131r\u0131 veya yetersiz geli\u015fimi (\u015eekil 2) ve elin baz\u0131 k\u0131s\u0131mlar\u0131n\u0131n birle\u015fik olmas\u0131 (\u015eekil 3) olarak s\u0131n\u0131fland\u0131r\u0131labilir. Her yirmi \u00e7ocuktan biri normalden farkl\u0131 olarak do\u011far. \u00c7ocu\u011fun, do\u011fumsal el farkl\u0131l\u0131klar\u0131n\u0131 de\u011ferlendirmek ve tedavi ihtiya\u00e7lar\u0131n\u0131 belirlemek i\u00e7in bir el cerrah\u0131 taraf\u0131ndan muayene edilmesi gerekir.  <\/p>\n\n<p>Farkl\u0131 ellere sahip bir bebek sahibi olmak<\/p>\n\n<p>Do\u011fu\u015ftan el anomalisine sahip bir \u00e7ocuk do\u011far do\u011fmaz, ebeveynler su\u00e7luluk hissedebilir. Bu normal bir tepkidir. Her aile bireyi kendi duygular\u0131yla ba\u015fa \u00e7\u0131kmal\u0131d\u0131r \u00e7\u00fcnk\u00fc do\u011fu\u015ftan el farkl\u0131l\u0131\u011f\u0131n\u0131n anne, baba veya doktordan kaynaklanmas\u0131 \u00e7ok nadirdir. Bebe\u011fin kolunu olu\u015fturma \u015fekli onun i\u00e7in normaldir ve a\u011fr\u0131s\u0131zd\u0131r.   <\/p>\n\n<p>Do\u011fu\u015ftan el farkl\u0131l\u0131klar\u0131 tedavi edilebilir mi?<\/p>\n\n<p>\u00c7ocu\u011fun tedavi ihtiya\u00e7lar\u0131n\u0131 belirlemek i\u00e7in bir el cerrah\u0131 taraf\u0131ndan de\u011ferlendirilmesi gerekir. Baz\u0131 do\u011fu\u015ftan el farkl\u0131l\u0131klar\u0131 genetik bozukluklar veya di\u011fer t\u0131bbi durumlarla birlikte g\u00f6r\u00fclebilir ve ek incelemeler gerekebilir. Farkl\u0131l\u0131k, t\u00fcr\u00fcne ve yerine ba\u011fl\u0131 olarak tedavi edilebilir. \u00d6rne\u011fin, fazla parmaklar cerrahi olarak al\u0131nabilir ve kalan parmaklar\u0131n yeniden yap\u0131land\u0131r\u0131lmas\u0131 yap\u0131labilir (\u015fekil 1). Birle\u015fik parmaklar ayr\u0131labilir (\u015fekil 3) ve cerrahi ile el fonksiyonu geli\u015ftirilebilir (\u015fekil 2). Fonksiyonun iyile\u015ftirilmesi i\u00e7in rehabilitasyon gerekebilir. Baz\u0131 durumlarda ise herhangi bir m\u00fcdahale gerekli olmayabilir.      <\/p>\n\n<p>\u015eekil A\u00e7\u0131klamalar\u0131<\/p>\n\n<p>\u015eekil 1: Fazladan ba\u015fparmak cerrahi ile \u00e7\u0131kar\u0131ld\u0131<br>\u015eekil 2: Ba\u015fparmak olu\u015fum bozukluklar\u0131nda i\u015faret parma\u011f\u0131 ba\u015fparmak olarak kullan\u0131labilir<br>\u015eekil 3: Cerrahi ile ayr\u0131lan yap\u0131\u015f\u0131k parmaklar\u0131n uzun d\u00f6nem sonucu<br>(Foto\u011fraflar Ac\u0131badem Kad\u0131k\u00f6y Hastanesi El ve \u00dcst Ekstremite Cerrahisi B\u00f6l\u00fcm\u00fcnden al\u0131nm\u0131\u015ft\u0131r)<\/p>\n\t\t\t\t\t\t\t\t<\/div>\n\t\t\t\t\t<\/div>\n\t\t\t\t<\/div>\n\t\t\t\t<\/div>\n\t\t","protected":false},"excerpt":{"rendered":"<p>Ortopedi T\u00fcrkiye Pediatrik El Cerrahisi EL VE PER\u0130FER\u0130K S\u0130N\u0130R CERRAH\u0130S\u0130 KL\u0130N\u0130\u011e\u0130 E\u011fer \u00e7ocu\u011funuzun elleriyle ili\u015fkili kas ve iskelet sistemi sorunlar\u0131 varsa, Ac\u0131badem Hastanesi T\u00fcrkiye\u2019de en iyi pediatrik el cerrahisi ve ilgili tedavileri sunmaktad\u0131r. Do\u011fumsal El Farkl\u0131l\u0131klar\u0131 Do\u011fumsal, do\u011fumda mevcut olan anlam\u0131na gelir. Do\u011fumsal el fark\u0131, fet\u00fcs rahimdeyken elin normal olu\u015fumunda meydana gelen bir farkl\u0131l\u0131kt\u0131r. Do\u011fumsal el farkl\u0131l\u0131klar\u0131n\u0131n yayg\u0131n t\u00fcrleri Bu farkl\u0131l\u0131klar, elde eksik veya fazla par\u00e7alar (\u015eekil 1), elin baz\u0131 b\u00f6l\u00fcmlerinin a\u015f\u0131r\u0131 veya yetersiz geli\u015fimi (\u015eekil 2) ve elin baz\u0131 k\u0131s\u0131mlar\u0131n\u0131n birle\u015fik olmas\u0131 (\u015eekil 3) olarak s\u0131n\u0131fland\u0131r\u0131labilir. Her yirmi \u00e7ocuktan biri normalden farkl\u0131 olarak do\u011far. \u00c7ocu\u011fun, do\u011fumsal el farkl\u0131l\u0131klar\u0131n\u0131 de\u011ferlendirmek ve tedavi ihtiya\u00e7lar\u0131n\u0131 belirlemek i\u00e7in bir el cerrah\u0131 taraf\u0131ndan muayene edilmesi gerekir. Farkl\u0131 ellere sahip bir bebek sahibi olmak Do\u011fu\u015ftan el anomalisine sahip bir \u00e7ocuk do\u011far do\u011fmaz, ebeveynler su\u00e7luluk hissedebilir. Bu normal bir tepkidir. Her aile bireyi kendi duygular\u0131yla ba\u015fa \u00e7\u0131kmal\u0131d\u0131r \u00e7\u00fcnk\u00fc do\u011fu\u015ftan el farkl\u0131l\u0131\u011f\u0131n\u0131n anne, baba veya doktordan kaynaklanmas\u0131 \u00e7ok nadirdir. Bebe\u011fin kolunu olu\u015fturma \u015fekli onun i\u00e7in normaldir ve a\u011fr\u0131s\u0131zd\u0131r. Do\u011fu\u015ftan el farkl\u0131l\u0131klar\u0131 tedavi edilebilir mi? \u00c7ocu\u011fun tedavi ihtiya\u00e7lar\u0131n\u0131 belirlemek i\u00e7in bir el cerrah\u0131 taraf\u0131ndan de\u011ferlendirilmesi gerekir. Baz\u0131 do\u011fu\u015ftan el farkl\u0131l\u0131klar\u0131 genetik bozukluklar veya di\u011fer t\u0131bbi durumlarla birlikte g\u00f6r\u00fclebilir ve ek incelemeler gerekebilir. Farkl\u0131l\u0131k, t\u00fcr\u00fcne ve yerine ba\u011fl\u0131 olarak tedavi edilebilir. \u00d6rne\u011fin, fazla parmaklar cerrahi olarak al\u0131nabilir ve kalan parmaklar\u0131n yeniden yap\u0131land\u0131r\u0131lmas\u0131 yap\u0131labilir (\u015fekil 1). Birle\u015fik parmaklar ayr\u0131labilir (\u015fekil 3) ve cerrahi ile el fonksiyonu geli\u015ftirilebilir (\u015fekil 2). Fonksiyonun iyile\u015ftirilmesi i\u00e7in rehabilitasyon gerekebilir. Baz\u0131 durumlarda ise herhangi bir m\u00fcdahale gerekli olmayabilir. \u015eekil A\u00e7\u0131klamalar\u0131 \u015eekil 1: Fazladan ba\u015fparmak cerrahi ile \u00e7\u0131kar\u0131ld\u0131\u015eekil 2: Ba\u015fparmak olu\u015fum bozukluklar\u0131nda i\u015faret parma\u011f\u0131 ba\u015fparmak olarak kullan\u0131labilir\u015eekil 3: Cerrahi ile ayr\u0131lan yap\u0131\u015f\u0131k parmaklar\u0131n uzun d\u00f6nem sonucu(Foto\u011fraflar Ac\u0131badem Kad\u0131k\u00f6y Hastanesi El ve \u00dcst Ekstremite Cerrahisi B\u00f6l\u00fcm\u00fcnden al\u0131nm\u0131\u015ft\u0131r)<\/p>\n","protected":false},"author":4,"featured_media":0,"parent":2829,"menu_order":0,"comment_status":"closed","ping_status":"closed","template":"","meta":{"_joinchat":[],"footnotes":""},"class_list":["post-2843","page","type-page","status-publish","hentry"],"acf":[],"_links":{"self":[{"href":"https:\/\/medicaltravel.net\/tr\/wp-json\/wp\/v2\/pages\/2843","targetHints":{"allow":["GET"]}}],"collection":[{"href":"https:\/\/medicaltravel.net\/tr\/wp-json\/wp\/v2\/pages"}],"about":[{"href":"https:\/\/medicaltravel.net\/tr\/wp-json\/wp\/v2\/types\/page"}],"author":[{"embeddable":true,"href":"https:\/\/medicaltravel.net\/tr\/wp-json\/wp\/v2\/users\/4"}],"replies":[{"embeddable":true,"href":"https:\/\/medicaltravel.net\/tr\/wp-json\/wp\/v2\/comments?post=2843"}],"version-history":[{"count":3,"href":"https:\/\/medicaltravel.net\/tr\/wp-json\/wp\/v2\/pages\/2843\/revisions"}],"predecessor-version":[{"id":2846,"href":"https:\/\/medicaltravel.net\/tr\/wp-json\/wp\/v2\/pages\/2843\/revisions\/2846"}],"up":[{"embeddable":true,"href":"https:\/\/medicaltravel.net\/tr\/wp-json\/wp\/v2\/pages\/2829"}],"wp:attachment":[{"href":"https:\/\/medicaltravel.net\/tr\/wp-json\/wp\/v2\/media?parent=2843"}],"curies":[{"name":"wp","href":"https:\/\/api.w.org\/{rel}","templated":true}]}}