{"id":2848,"date":"2025-09-29T08:48:44","date_gmt":"2025-09-29T07:48:44","guid":{"rendered":"https:\/\/medicaltravel.net\/turkiyede-tedaviler\/"},"modified":"2026-01-11T18:59:57","modified_gmt":"2026-01-11T17:59:57","slug":"turkiyede-tedaviler","status":"publish","type":"page","link":"https:\/\/medicaltravel.net\/tr\/turkiyede-tedaviler\/","title":{"rendered":"T\u00fcrkiye\u2019de tedaviler"},"content":{"rendered":"\t\t<div data-elementor-type=\"wp-page\" data-elementor-id=\"2848\" class=\"elementor elementor-2848 elementor-11\" data-elementor-post-type=\"page\">\n\t\t\t\t<div class=\"elementor-element elementor-element-389c188f e-flex e-con-boxed wpr-particle-no wpr-jarallax-no wpr-parallax-no wpr-sticky-section-no e-con e-parent\" data-id=\"389c188f\" data-element_type=\"container\" data-e-type=\"container\">\n\t\t\t\t\t<div class=\"e-con-inner\">\n\t\t<div class=\"elementor-element elementor-element-3e67b17 e-con-full e-flex wpr-particle-no wpr-jarallax-no wpr-parallax-no wpr-sticky-section-no e-con e-child\" data-id=\"3e67b17\" data-element_type=\"container\" data-e-type=\"container\">\n\t\t\t\t<div class=\"elementor-element elementor-element-30da2da elementor-widget elementor-widget-button\" data-id=\"30da2da\" data-element_type=\"widget\" data-e-type=\"widget\" data-widget_type=\"button.default\">\n\t\t\t\t\t\t\t\t\t\t<a class=\"elementor-button elementor-button-link elementor-size-sm\" href=\"https:\/\/medicaltravel.net\/treatments-in-turkey\/medical-travel\/\">\n\t\t\t\t\t\t<span class=\"elementor-button-content-wrapper\">\n\t\t\t\t\t\t\t\t\t<span class=\"elementor-button-text\">Medical Travel<\/span>\n\t\t\t\t\t<\/span>\n\t\t\t\t\t<\/a>\n\t\t\t\t\t\t\t\t<\/div>\n\t\t\t\t<div class=\"elementor-element elementor-element-c772def elementor-widget elementor-widget-button\" data-id=\"c772def\" data-element_type=\"widget\" data-e-type=\"widget\" data-widget_type=\"button.default\">\n\t\t\t\t\t\t\t\t\t\t<a class=\"elementor-button elementor-button-link elementor-size-sm\" href=\"https:\/\/medicaltravel.net\/treatments-in-turkey\/laser-facts\/\">\n\t\t\t\t\t\t<span class=\"elementor-button-content-wrapper\">\n\t\t\t\t\t\t\t\t\t<span class=\"elementor-button-text\">Lazer Hakk\u0131nda Bilgiler<\/span>\n\t\t\t\t\t<\/span>\n\t\t\t\t\t<\/a>\n\t\t\t\t\t\t\t\t<\/div>\n\t\t\t\t<div class=\"elementor-element elementor-element-57f30fa elementor-widget elementor-widget-button\" data-id=\"57f30fa\" data-element_type=\"widget\" data-e-type=\"widget\" data-widget_type=\"button.default\">\n\t\t\t\t\t\t\t\t\t\t<a class=\"elementor-button elementor-button-link elementor-size-sm\" href=\"https:\/\/medicaltravel.net\/treatments-in-turkey\/istanbul\/\">\n\t\t\t\t\t\t<span class=\"elementor-button-content-wrapper\">\n\t\t\t\t\t\t\t\t\t<span class=\"elementor-button-text\">\u015eehirler<\/span>\n\t\t\t\t\t<\/span>\n\t\t\t\t\t<\/a>\n\t\t\t\t\t\t\t\t<\/div>\n\t\t\t\t<div class=\"elementor-element elementor-element-7453a9c elementor-widget elementor-widget-button\" data-id=\"7453a9c\" data-element_type=\"widget\" data-e-type=\"widget\" data-widget_type=\"button.default\">\n\t\t\t\t\t\t\t\t\t\t<a class=\"elementor-button elementor-button-link elementor-size-sm\" href=\"https:\/\/medicaltravel.net\/treatments-in-turkey\/operation-dates\/\">\n\t\t\t\t\t\t<span class=\"elementor-button-content-wrapper\">\n\t\t\t\t\t\t\t\t\t<span class=\"elementor-button-text\">Ameliyat Tarihleri<\/span>\n\t\t\t\t\t<\/span>\n\t\t\t\t\t<\/a>\n\t\t\t\t\t\t\t\t<\/div>\n\t\t\t\t<\/div>\n\t\t\t\t<div class=\"elementor-element elementor-element-584502fc elementor-widget elementor-widget-text-editor\" data-id=\"584502fc\" data-element_type=\"widget\" data-e-type=\"widget\" data-widget_type=\"text-editor.default\">\n\t\t\t\t\t\t\t\t\t\n<h3 class=\"wp-block-heading\">T\u00fcrkiye\u2019de tedaviler<\/h3>\n\n<p>Birka\u00e7 g\u00fcn dinlenmeye ne dersiniz?<\/p>\n\n<p>Paket program\u0131m\u0131z sayesinde, tatilin tad\u0131n\u0131 \u00e7\u0131kar\u0131rken g\u00f6zlerinizi g\u00f6zl\u00fcks\u00fcz b\u0131rakabilirsiniz. <strong>T\u00fcrkiye\u2019de konaklad\u0131\u011f\u0131n\u0131zda<\/strong>, ameliyat\u0131n\u0131z stresli bir s\u00fcre\u00e7 yerine keyifli bir tatille hat\u0131rlayaca\u011f\u0131n\u0131z unutulmaz bir an\u0131 haline gelecektir. Her y\u0131l, \u00f6zellikle Avrupa\u2019dan binlerce hasta \u0130stanbul\u2019a gelmektedir. <\/p>\n\n<p>Ameliyat\u0131n\u0131z\u0131n ard\u0131ndan ge\u00e7irece\u011finiz tatil sayesinde, yaln\u0131zca ameliyat stresinden kurtulmakla kalmayacak, ayn\u0131 zamanda bu d\u00fcnya \u015fehrini kendi sa\u011fl\u0131kl\u0131 g\u00f6zlerinizle g\u00f6rme f\u0131rsat\u0131 da bulacaks\u0131n\u0131z. Lens veya g\u00f6zl\u00fck deste\u011fi olmadan bir d\u00fcnya \u015fehrini ilk kez deneyimleme f\u0131rsat\u0131n\u0131 ya\u015fayacaks\u0131n\u0131z. <\/p>\n\n<figure class=\"wp-block-image size-full\"><img fetchpriority=\"high\" decoding=\"async\" width=\"300\" height=\"206\" class=\"wp-image-148\" src=\"https:\/\/medicaltravel.net\/wp-content\/uploads\/2025\/09\/tuerkei001-300x206-1.jpg\" alt=\"\"><\/figure>\n\n<p id=\"caption-attachment-136\">\u0130stanbul\u2019a bir geziyle g\u00f6zl\u00fcklerinize veda edin<\/p>\n\n<p>Ameliyattan sonraki ilk g\u00fcnlerde \u00e7al\u0131\u015fmaman\u0131z tavsiye edildi\u011finden, bu zaman\u0131 <strong>T\u00fcrkiye\u2019de bir \u015fehir turu<\/strong> yaparak de\u011ferlendirebilirsiniz.<\/p>\n\n<p><strong>\u0130stanbul\u2019a ilk kez mi geliyorsunuz? L\u00fctfen SF taraf\u0131ndan haz\u0131rlanm\u0131\u015f \u0130stanbul program\u0131n\u0131 buradan inceleyin! <\/strong><\/p>\n\n<p><strong>T\u00fcrkiye sizi \u00e7a\u011f\u0131r\u0131yor! \u015eehirler hakk\u0131nda bilgi i\u00e7in buraya t\u0131klay\u0131n. <\/strong><\/p>\n\n<p><strong>Biliyor muydunuz, \u0130stanbul 2010 y\u0131l\u0131nda Avrupa\u2019n\u0131n k\u00fclt\u00fcr ba\u015fkenti se\u00e7ilmi\u015fti? Detayl\u0131 bilgiyi buradan bulabilirsiniz. <\/strong><\/p>\n\t\t\t\t\t\t\t\t<\/div>\n\t\t\t\t\t<\/div>\n\t\t\t\t<\/div>\n\t\t\t\t<\/div>\n\t\t","protected":false},"excerpt":{"rendered":"<p>Medical Travel Lazer Hakk\u0131nda Bilgiler \u015eehirler Ameliyat Tarihleri T\u00fcrkiye\u2019de tedaviler Birka\u00e7 g\u00fcn dinlenmeye ne dersiniz? Paket program\u0131m\u0131z sayesinde, tatilin tad\u0131n\u0131 \u00e7\u0131kar\u0131rken g\u00f6zlerinizi g\u00f6zl\u00fcks\u00fcz b\u0131rakabilirsiniz. T\u00fcrkiye\u2019de konaklad\u0131\u011f\u0131n\u0131zda, ameliyat\u0131n\u0131z stresli bir s\u00fcre\u00e7 yerine keyifli bir tatille hat\u0131rlayaca\u011f\u0131n\u0131z unutulmaz bir an\u0131 haline gelecektir. Her y\u0131l, \u00f6zellikle Avrupa\u2019dan binlerce hasta \u0130stanbul\u2019a gelmektedir. Ameliyat\u0131n\u0131z\u0131n ard\u0131ndan ge\u00e7irece\u011finiz tatil sayesinde, yaln\u0131zca ameliyat stresinden kurtulmakla kalmayacak, ayn\u0131 zamanda bu d\u00fcnya \u015fehrini kendi sa\u011fl\u0131kl\u0131 g\u00f6zlerinizle g\u00f6rme f\u0131rsat\u0131 da bulacaks\u0131n\u0131z. Lens veya g\u00f6zl\u00fck deste\u011fi olmadan bir d\u00fcnya \u015fehrini ilk kez deneyimleme f\u0131rsat\u0131n\u0131 ya\u015fayacaks\u0131n\u0131z. \u0130stanbul\u2019a bir geziyle g\u00f6zl\u00fcklerinize veda edin Ameliyattan sonraki ilk g\u00fcnlerde \u00e7al\u0131\u015fmaman\u0131z tavsiye edildi\u011finden, bu zaman\u0131 T\u00fcrkiye\u2019de bir \u015fehir turu yaparak de\u011ferlendirebilirsiniz. \u0130stanbul\u2019a ilk kez mi geliyorsunuz? L\u00fctfen SF taraf\u0131ndan haz\u0131rlanm\u0131\u015f \u0130stanbul program\u0131n\u0131 buradan inceleyin! T\u00fcrkiye sizi \u00e7a\u011f\u0131r\u0131yor! \u015eehirler hakk\u0131nda bilgi i\u00e7in buraya t\u0131klay\u0131n. Biliyor muydunuz, \u0130stanbul 2010 y\u0131l\u0131nda Avrupa\u2019n\u0131n k\u00fclt\u00fcr ba\u015fkenti se\u00e7ilmi\u015fti? Detayl\u0131 bilgiyi buradan bulabilirsiniz.<\/p>\n","protected":false},"author":4,"featured_media":0,"parent":0,"menu_order":0,"comment_status":"closed","ping_status":"closed","template":"","meta":{"_joinchat":[],"footnotes":""},"class_list":["post-2848","page","type-page","status-publish","hentry"],"acf":[],"_links":{"self":[{"href":"https:\/\/medicaltravel.net\/tr\/wp-json\/wp\/v2\/pages\/2848","targetHints":{"allow":["GET"]}}],"collection":[{"href":"https:\/\/medicaltravel.net\/tr\/wp-json\/wp\/v2\/pages"}],"about":[{"href":"https:\/\/medicaltravel.net\/tr\/wp-json\/wp\/v2\/types\/page"}],"author":[{"embeddable":true,"href":"https:\/\/medicaltravel.net\/tr\/wp-json\/wp\/v2\/users\/4"}],"replies":[{"embeddable":true,"href":"https:\/\/medicaltravel.net\/tr\/wp-json\/wp\/v2\/comments?post=2848"}],"version-history":[{"count":3,"href":"https:\/\/medicaltravel.net\/tr\/wp-json\/wp\/v2\/pages\/2848\/revisions"}],"predecessor-version":[{"id":2851,"href":"https:\/\/medicaltravel.net\/tr\/wp-json\/wp\/v2\/pages\/2848\/revisions\/2851"}],"wp:attachment":[{"href":"https:\/\/medicaltravel.net\/tr\/wp-json\/wp\/v2\/media?parent=2848"}],"curies":[{"name":"wp","href":"https:\/\/api.w.org\/{rel}","templated":true}]}}