{"id":2852,"date":"2025-09-29T10:38:23","date_gmt":"2025-09-29T09:38:23","guid":{"rendered":"https:\/\/medicaltravel.net\/turkiyede-tedaviler\/lazer-hakkinda-bilgiler\/"},"modified":"2026-01-11T19:35:03","modified_gmt":"2026-01-11T18:35:03","slug":"lazer-hakkinda-bilgiler","status":"publish","type":"page","link":"https:\/\/medicaltravel.net\/tr\/turkiyede-tedaviler\/lazer-hakkinda-bilgiler\/","title":{"rendered":"Lazer Hakk\u0131nda Bilgiler"},"content":{"rendered":"\t\t<div data-elementor-type=\"wp-page\" data-elementor-id=\"2852\" class=\"elementor elementor-2852 elementor-145\" data-elementor-post-type=\"page\">\n\t\t\t\t<div class=\"elementor-element elementor-element-7a037246 e-flex e-con-boxed wpr-particle-no wpr-jarallax-no wpr-parallax-no wpr-sticky-section-no e-con e-parent\" data-id=\"7a037246\" data-element_type=\"container\" data-e-type=\"container\">\n\t\t\t\t\t<div class=\"e-con-inner\">\n\t\t<div class=\"elementor-element elementor-element-f0da917 e-con-full e-flex wpr-particle-no wpr-jarallax-no wpr-parallax-no wpr-sticky-section-no e-con e-child\" data-id=\"f0da917\" data-element_type=\"container\" data-e-type=\"container\">\n\t\t\t\t<div class=\"elementor-element elementor-element-f66c462 elementor-widget elementor-widget-button\" data-id=\"f66c462\" data-element_type=\"widget\" data-e-type=\"widget\" data-widget_type=\"button.default\">\n\t\t\t\t\t\t\t\t\t\t<a class=\"elementor-button elementor-button-link elementor-size-sm\" href=\"https:\/\/medicaltravel.net\/home\/treatments-in-turkey\/medical-travel\/\">\n\t\t\t\t\t\t<span class=\"elementor-button-content-wrapper\">\n\t\t\t\t\t\t\t\t\t<span class=\"elementor-button-text\">Medical Travel<\/span>\n\t\t\t\t\t<\/span>\n\t\t\t\t\t<\/a>\n\t\t\t\t\t\t\t\t<\/div>\n\t\t\t\t<div class=\"elementor-element elementor-element-fe2f15f elementor-widget elementor-widget-button\" data-id=\"fe2f15f\" data-element_type=\"widget\" data-e-type=\"widget\" data-widget_type=\"button.default\">\n\t\t\t\t\t\t\t\t\t\t<a class=\"elementor-button elementor-button-link elementor-size-sm\" href=\"https:\/\/medicaltravel.net\/home\/treatments-in-turkey\/laser-facts\/\">\n\t\t\t\t\t\t<span class=\"elementor-button-content-wrapper\">\n\t\t\t\t\t\t\t\t\t<span class=\"elementor-button-text\">Lazer Hakk\u0131nda Bilgiler<\/span>\n\t\t\t\t\t<\/span>\n\t\t\t\t\t<\/a>\n\t\t\t\t\t\t\t\t<\/div>\n\t\t\t\t<div class=\"elementor-element elementor-element-d560e9b elementor-widget elementor-widget-button\" data-id=\"d560e9b\" data-element_type=\"widget\" data-e-type=\"widget\" data-widget_type=\"button.default\">\n\t\t\t\t\t\t\t\t\t\t<a class=\"elementor-button elementor-button-link elementor-size-sm\" href=\"https:\/\/medicaltravel.net\/home\/treatments-in-turkey\/istanbul\/\">\n\t\t\t\t\t\t<span class=\"elementor-button-content-wrapper\">\n\t\t\t\t\t\t\t\t\t<span class=\"elementor-button-text\">\u015eehirler<\/span>\n\t\t\t\t\t<\/span>\n\t\t\t\t\t<\/a>\n\t\t\t\t\t\t\t\t<\/div>\n\t\t\t\t<div class=\"elementor-element elementor-element-be1dbd2 elementor-widget elementor-widget-button\" data-id=\"be1dbd2\" data-element_type=\"widget\" data-e-type=\"widget\" data-widget_type=\"button.default\">\n\t\t\t\t\t\t\t\t\t\t<a class=\"elementor-button elementor-button-link elementor-size-sm\" href=\"https:\/\/medicaltravel.net\/home\/treatments-in-turkey\/operation-dates\/\">\n\t\t\t\t\t\t<span class=\"elementor-button-content-wrapper\">\n\t\t\t\t\t\t\t\t\t<span class=\"elementor-button-text\">Ameliyat Tarihleri<\/span>\n\t\t\t\t\t<\/span>\n\t\t\t\t\t<\/a>\n\t\t\t\t\t\t\t\t<\/div>\n\t\t\t\t<\/div>\n\t\t\t\t<div class=\"elementor-element elementor-element-515153a7 elementor-widget elementor-widget-text-editor\" data-id=\"515153a7\" data-element_type=\"widget\" data-e-type=\"widget\" data-widget_type=\"text-editor.default\">\n\t\t\t\t\t\t\t\t\t\n<h3 class=\"wp-block-heading\">LAZER: GER\u00c7EKLER<\/h3>\n\n<p><strong>T\u00fcrkiye\u2019de d\u00fczenlenen sa\u011fl\u0131k turizmi ile ilgili ger\u00e7ekler ve kli\u015feler. Ak\u0131ll\u0131ca m\u0131 yoksa \u00e7\u0131lg\u0131nca m\u0131 bir karar?  <\/strong><\/p>\n\n<p><strong>T\u00fcrkiye\u2019de<\/strong> d\u00fczenlenen sa\u011fl\u0131k turizmi hakk\u0131nda bir\u00e7ok kli\u015fe vard\u0131r, ancak ger\u00e7ekler farkl\u0131d\u0131r:<\/p>\n\n<p><strong>Kli\u015fe:<\/strong> \u0130stanbul\u2019daki kalite konusunda emin olunamaz. \u00d6zellikle hijyen standartlar\u0131? <br><strong>Ger\u00e7ek:<\/strong> G\u00f6z hastanelerimiz uluslararas\u0131 sertifikalara sahiptir ve bu her a\u00e7\u0131dan <strong>kalite<\/strong> demektir.<\/p>\n\n<p><strong>Kli\u015fe:<\/strong> \u0130svi\u00e7reli doktorlar kesinlikle daha fazla deneyime sahip olmal\u0131!<br><strong>Ger\u00e7ek:<\/strong> Hastanelerimizdeki doktorlar, 10 y\u0131l\u0131 a\u015fk\u0131n s\u00fcrede 20.000\u2019den fazla ameliyat deneyimine sahiptir. Avrupa\u2019daki hi\u00e7bir hastane ne say\u0131 olarak ne de uygulama deneyimi a\u00e7\u0131s\u0131ndan bu kadar yo\u011fun bir tecr\u00fcbeye sahip de\u011fildir. <\/p>\n\n<p><strong>Kli\u015fe:<\/strong> Yurt d\u0131\u015f\u0131ndaki ameliyatlar seri \u00fcretim gibi!<br><strong>Ger\u00e7ek: <\/strong>Her hasta i\u00e7in zaman tasarrufu sa\u011flamak amac\u0131yla kabul edilen hasta say\u0131s\u0131 \u00e7ok azd\u0131r.<\/p>\n\n<p id=\"caption-attachment-436\">Sa\u011fl\u0131k turizmi ile ilgili T\u00fcrkiye\u2019ye yap\u0131lan seyahatlerdeki kli\u015feler ve ger\u00e7ekler. Ger\u00e7ekleri \u00f6\u011frenin. <\/p>\n\n<p><strong>Kli\u015fe: <\/strong>Cihazlar kesinlikle yeni de\u011fildir, ikinci el piyasas\u0131ndan al\u0131nm\u0131\u015f olmal\u0131!<br><strong>Ger\u00e7ek:<\/strong> Hastanede 400 Hz Allegretto Wave Eye-Q, d\u00fcnyadaki en h\u0131zl\u0131 lazer g\u00f6z ameliyat\u0131 cihaz\u0131 bulunmaktad\u0131r. Cihaz piyasaya s\u00fcr\u00fcld\u00fc\u011f\u00fcnde, hastanemiz bu cihaza sahip olan ilk hastanelerden biriydi. <\/p>\n\n<p><strong>Kli\u015fe: <\/strong>Peki ya ileti\u015fim? T\u00fcrk\u00e7e konu\u015fam\u0131yorum! <br><strong>Ger\u00e7ek: <\/strong>Hastanemizde her zaman tam zamanl\u0131 Almanca\/\u0130ngilizce konu\u015fabilen terc\u00fcmanlar bulunmaktad\u0131r.<\/p>\n\n<p><strong>Kli\u015fe: <\/strong>Yurt d\u0131\u015f\u0131nda komplikasyonlar \u0130svi\u00e7re\u2019ye g\u00f6re daha s\u0131k olmal\u0131.<br><strong>Ger\u00e7ek:<\/strong> Bunu kan\u0131tlayan bilimsel bir veri yok. \u0130svi\u00e7re\u2019de ba\u015far\u0131 oran\u0131 y\u00fczde 90 iken, Swisslasik\u2019te y\u00fczde 95\u2019in \u00fczerindedir. <\/p>\n\n<p><strong>Kli\u015fe:<\/strong> Yurt d\u0131\u015f\u0131nda ikinci ameliyat say\u0131s\u0131 daha fazlad\u0131r.<br><strong>Ger\u00e7ek: <\/strong>Hastalar\u0131m\u0131z\u0131n yaln\u0131zca y\u00fczde 1\u2019inin ikinci bir ameliyat ge\u00e7irmesi gerekti. Avrupa uzmanlar\u0131 bu oran\u0131n yakla\u015f\u0131k y\u00fczde 10 oldu\u011funda ba\u015far\u0131l\u0131 say\u0131yor. <\/p>\n\n<p><strong>Kli\u015fe:<\/strong> Tan\u0131 ve t\u0131bbi kontroller olmadan ameliyat olmak do\u011fru de\u011fildir. T\u0131bbi seyahatlerde durum b\u00f6yledir. <br><strong>Ger\u00e7ek:<\/strong> Size her ikisini de sunuyoruz! Seyahatinizden \u00f6nce doktorlar\u0131m\u0131zla \u00f6n muayene ve kontrollerinizi yapt\u0131rabilirsiniz. <strong>\u00d6zel paket program\u0131m\u0131z <\/strong>sayesinde ameliyat sonras\u0131 kontrollerinizi de \u0130svi\u00e7re\u2019de yapt\u0131rabilirsiniz.  <\/p>\n\n<p><strong>Kli\u015fe: <\/strong>\u0130kinci bir ameliyat, yeni seyahat ve cerrahi masraflar demektir. O h\u00e2lde tamamen tasarruf sa\u011flan\u0131r! <br><strong>Ger\u00e7ek: <\/strong>Hastanemiz ikinci bir ameliyat\u0131 \u00fccretsiz olarak sunmaktad\u0131r. \u0130kinci bir ameliyat gerekirse, seyahat masraflar\u0131n\u0131z bize aittir. <\/p>\n\n<p><strong>Kli\u015fe:<\/strong> Ne? T\u00fcrkiye\u2019de g\u00f6z lazeri ameliyat\u0131 m\u0131 olacaks\u0131n\u0131z? Delirdiniz mi?  <br><strong>Ger\u00e7ek:<\/strong> L\u00fctfen <a href=\"https:\/\/medicaltravel.net\/home\/testimonials\/\">hizmetlerden memnun kalan hastalar\u0131m\u0131z\u0131n payla\u015ft\u0131\u011f\u0131 yorumlar\u0131<\/a> okuyun. Ard\u0131ndan kendi karar\u0131n\u0131z\u0131 verin, bunun \u201cak\u0131ll\u0131ca\u201d m\u0131 yoksa \u201cdelice\u201d mi bir karar oldu\u011funu.<\/p>\n\t\t\t\t\t\t\t\t<\/div>\n\t\t\t\t\t<\/div>\n\t\t\t\t<\/div>\n\t\t\t\t<\/div>\n\t\t","protected":false},"excerpt":{"rendered":"<p>Medical Travel Lazer Hakk\u0131nda Bilgiler \u015eehirler Ameliyat Tarihleri LAZER: GER\u00c7EKLER T\u00fcrkiye\u2019de d\u00fczenlenen sa\u011fl\u0131k turizmi ile ilgili ger\u00e7ekler ve kli\u015feler. Ak\u0131ll\u0131ca m\u0131 yoksa \u00e7\u0131lg\u0131nca m\u0131 bir karar? T\u00fcrkiye\u2019de d\u00fczenlenen sa\u011fl\u0131k turizmi hakk\u0131nda bir\u00e7ok kli\u015fe vard\u0131r, ancak ger\u00e7ekler farkl\u0131d\u0131r: Kli\u015fe: \u0130stanbul\u2019daki kalite konusunda emin olunamaz. \u00d6zellikle hijyen standartlar\u0131? Ger\u00e7ek: G\u00f6z hastanelerimiz uluslararas\u0131 sertifikalara sahiptir ve bu her a\u00e7\u0131dan kalite demektir. Kli\u015fe: \u0130svi\u00e7reli doktorlar kesinlikle daha fazla deneyime sahip olmal\u0131!Ger\u00e7ek: Hastanelerimizdeki doktorlar, 10 y\u0131l\u0131 a\u015fk\u0131n s\u00fcrede 20.000\u2019den fazla ameliyat deneyimine sahiptir. Avrupa\u2019daki hi\u00e7bir hastane ne say\u0131 olarak ne de uygulama deneyimi a\u00e7\u0131s\u0131ndan bu kadar yo\u011fun bir tecr\u00fcbeye sahip de\u011fildir. Kli\u015fe: Yurt d\u0131\u015f\u0131ndaki ameliyatlar seri \u00fcretim gibi!Ger\u00e7ek: Her hasta i\u00e7in zaman tasarrufu sa\u011flamak amac\u0131yla kabul edilen hasta say\u0131s\u0131 \u00e7ok azd\u0131r. Sa\u011fl\u0131k turizmi ile ilgili T\u00fcrkiye\u2019ye yap\u0131lan seyahatlerdeki kli\u015feler ve ger\u00e7ekler. Ger\u00e7ekleri \u00f6\u011frenin. Kli\u015fe: Cihazlar kesinlikle yeni de\u011fildir, ikinci el piyasas\u0131ndan al\u0131nm\u0131\u015f olmal\u0131!Ger\u00e7ek: Hastanede 400 Hz Allegretto Wave Eye-Q, d\u00fcnyadaki en h\u0131zl\u0131 lazer g\u00f6z ameliyat\u0131 cihaz\u0131 bulunmaktad\u0131r. Cihaz piyasaya s\u00fcr\u00fcld\u00fc\u011f\u00fcnde, hastanemiz bu cihaza sahip olan ilk hastanelerden biriydi. Kli\u015fe: Peki ya ileti\u015fim? T\u00fcrk\u00e7e konu\u015fam\u0131yorum! Ger\u00e7ek: Hastanemizde her zaman tam zamanl\u0131 Almanca\/\u0130ngilizce konu\u015fabilen terc\u00fcmanlar bulunmaktad\u0131r. Kli\u015fe: Yurt d\u0131\u015f\u0131nda komplikasyonlar \u0130svi\u00e7re\u2019ye g\u00f6re daha s\u0131k olmal\u0131.Ger\u00e7ek: Bunu kan\u0131tlayan bilimsel bir veri yok. \u0130svi\u00e7re\u2019de ba\u015far\u0131 oran\u0131 y\u00fczde 90 iken, Swisslasik\u2019te y\u00fczde 95\u2019in \u00fczerindedir. Kli\u015fe: Yurt d\u0131\u015f\u0131nda ikinci ameliyat say\u0131s\u0131 daha fazlad\u0131r.Ger\u00e7ek: Hastalar\u0131m\u0131z\u0131n yaln\u0131zca y\u00fczde 1\u2019inin ikinci bir ameliyat ge\u00e7irmesi gerekti. Avrupa uzmanlar\u0131 bu oran\u0131n yakla\u015f\u0131k y\u00fczde 10 oldu\u011funda ba\u015far\u0131l\u0131 say\u0131yor. Kli\u015fe: Tan\u0131 ve t\u0131bbi kontroller olmadan ameliyat olmak do\u011fru de\u011fildir. T\u0131bbi seyahatlerde durum b\u00f6yledir. Ger\u00e7ek: Size her ikisini de sunuyoruz! Seyahatinizden \u00f6nce doktorlar\u0131m\u0131zla \u00f6n muayene ve kontrollerinizi yapt\u0131rabilirsiniz. \u00d6zel paket program\u0131m\u0131z sayesinde ameliyat sonras\u0131 kontrollerinizi de \u0130svi\u00e7re\u2019de yapt\u0131rabilirsiniz. Kli\u015fe: \u0130kinci bir ameliyat, yeni seyahat ve cerrahi masraflar demektir. O h\u00e2lde tamamen tasarruf sa\u011flan\u0131r! Ger\u00e7ek: Hastanemiz ikinci bir ameliyat\u0131 \u00fccretsiz olarak sunmaktad\u0131r. \u0130kinci bir ameliyat gerekirse, seyahat masraflar\u0131n\u0131z bize aittir. Kli\u015fe: Ne? T\u00fcrkiye\u2019de g\u00f6z lazeri ameliyat\u0131 m\u0131 olacaks\u0131n\u0131z? Delirdiniz mi? Ger\u00e7ek: L\u00fctfen hizmetlerden memnun kalan hastalar\u0131m\u0131z\u0131n payla\u015ft\u0131\u011f\u0131 yorumlar\u0131 okuyun. Ard\u0131ndan kendi karar\u0131n\u0131z\u0131 verin, bunun \u201cak\u0131ll\u0131ca\u201d m\u0131 yoksa \u201cdelice\u201d mi bir karar oldu\u011funu.<\/p>\n","protected":false},"author":4,"featured_media":0,"parent":2848,"menu_order":0,"comment_status":"closed","ping_status":"closed","template":"","meta":{"_joinchat":[],"footnotes":""},"class_list":["post-2852","page","type-page","status-publish","hentry"],"acf":[],"_links":{"self":[{"href":"https:\/\/medicaltravel.net\/tr\/wp-json\/wp\/v2\/pages\/2852","targetHints":{"allow":["GET"]}}],"collection":[{"href":"https:\/\/medicaltravel.net\/tr\/wp-json\/wp\/v2\/pages"}],"about":[{"href":"https:\/\/medicaltravel.net\/tr\/wp-json\/wp\/v2\/types\/page"}],"author":[{"embeddable":true,"href":"https:\/\/medicaltravel.net\/tr\/wp-json\/wp\/v2\/users\/4"}],"replies":[{"embeddable":true,"href":"https:\/\/medicaltravel.net\/tr\/wp-json\/wp\/v2\/comments?post=2852"}],"version-history":[{"count":3,"href":"https:\/\/medicaltravel.net\/tr\/wp-json\/wp\/v2\/pages\/2852\/revisions"}],"predecessor-version":[{"id":2855,"href":"https:\/\/medicaltravel.net\/tr\/wp-json\/wp\/v2\/pages\/2852\/revisions\/2855"}],"up":[{"embeddable":true,"href":"https:\/\/medicaltravel.net\/tr\/wp-json\/wp\/v2\/pages\/2848"}],"wp:attachment":[{"href":"https:\/\/medicaltravel.net\/tr\/wp-json\/wp\/v2\/media?parent=2852"}],"curies":[{"name":"wp","href":"https:\/\/api.w.org\/{rel}","templated":true}]}}