{"id":2857,"date":"2025-09-29T08:51:00","date_gmt":"2025-09-29T07:51:00","guid":{"rendered":"https:\/\/medicaltravel.net\/turkiyede-tedaviler\/tibbi-seyahat-tip-turizmi-saglik-turizmi-turkiye\/"},"modified":"2026-01-11T20:27:23","modified_gmt":"2026-01-11T19:27:23","slug":"tibbi-seyahat-tip-turizmi-saglik-turizmi-turkiye","status":"publish","type":"page","link":"https:\/\/medicaltravel.net\/tr\/turkiyede-tedaviler\/tibbi-seyahat-tip-turizmi-saglik-turizmi-turkiye\/","title":{"rendered":"T\u0131bbi seyahat t\u0131p turizmi sa\u011fl\u0131k turizmi T\u00fcrkiye"},"content":{"rendered":"\t\t<div data-elementor-type=\"wp-page\" data-elementor-id=\"2857\" class=\"elementor elementor-2857 elementor-13\" data-elementor-post-type=\"page\">\n\t\t\t\t<div class=\"elementor-element elementor-element-5c7a12c3 e-flex e-con-boxed wpr-particle-no wpr-jarallax-no wpr-parallax-no wpr-sticky-section-no e-con e-parent\" data-id=\"5c7a12c3\" data-element_type=\"container\" data-e-type=\"container\">\n\t\t\t\t\t<div class=\"e-con-inner\">\n\t\t<div class=\"elementor-element elementor-element-9f596d5 e-con-full e-flex wpr-particle-no wpr-jarallax-no wpr-parallax-no wpr-sticky-section-no e-con e-child\" data-id=\"9f596d5\" data-element_type=\"container\" data-e-type=\"container\">\n\t\t\t\t<div class=\"elementor-element elementor-element-2193271 elementor-widget elementor-widget-button\" data-id=\"2193271\" data-element_type=\"widget\" data-e-type=\"widget\" data-widget_type=\"button.default\">\n\t\t\t\t\t\t\t\t\t\t<a class=\"elementor-button elementor-button-link elementor-size-sm\" href=\"https:\/\/medicaltravel.net\/tr\/turkiyede-tedaviler\/tibbi-seyahat-tip-turizmi-saglik-turizmi-turkiye\/\">\n\t\t\t\t\t\t<span class=\"elementor-button-content-wrapper\">\n\t\t\t\t\t\t\t\t\t<span class=\"elementor-button-text\">Sa\u011fl\u0131k Turizmi<\/span>\n\t\t\t\t\t<\/span>\n\t\t\t\t\t<\/a>\n\t\t\t\t\t\t\t\t<\/div>\n\t\t\t\t<div class=\"elementor-element elementor-element-10205f5 elementor-widget elementor-widget-button\" data-id=\"10205f5\" data-element_type=\"widget\" data-e-type=\"widget\" data-widget_type=\"button.default\">\n\t\t\t\t\t\t\t\t\t\t<a class=\"elementor-button elementor-button-link elementor-size-sm\" href=\"https:\/\/medicaltravel.net\/tr\/turkiyede-tedaviler\/lazer-hakkinda-bilgiler\/\">\n\t\t\t\t\t\t<span class=\"elementor-button-content-wrapper\">\n\t\t\t\t\t\t\t\t\t<span class=\"elementor-button-text\">Lazer Hakk\u0131nda Bilgiler<\/span>\n\t\t\t\t\t<\/span>\n\t\t\t\t\t<\/a>\n\t\t\t\t\t\t\t\t<\/div>\n\t\t\t\t<div class=\"elementor-element elementor-element-1b273c5 elementor-widget elementor-widget-button\" data-id=\"1b273c5\" data-element_type=\"widget\" data-e-type=\"widget\" data-widget_type=\"button.default\">\n\t\t\t\t\t\t\t\t\t\t<a class=\"elementor-button elementor-button-link elementor-size-sm\" href=\"https:\/\/medicaltravel.net\/tr\/turkiyede-tedaviler\/istanbuldaki-en-iyi-hastaneler-ve-kliniklerde-tibbi-tedaviler\/\">\n\t\t\t\t\t\t<span class=\"elementor-button-content-wrapper\">\n\t\t\t\t\t\t\t\t\t<span class=\"elementor-button-text\">\u015eehirler<\/span>\n\t\t\t\t\t<\/span>\n\t\t\t\t\t<\/a>\n\t\t\t\t\t\t\t\t<\/div>\n\t\t\t\t<div class=\"elementor-element elementor-element-60e834d elementor-widget elementor-widget-button\" data-id=\"60e834d\" data-element_type=\"widget\" data-e-type=\"widget\" data-widget_type=\"button.default\">\n\t\t\t\t\t\t\t\t\t\t<a class=\"elementor-button elementor-button-link elementor-size-sm\" href=\"https:\/\/medicaltravel.net\/tr\/turkiyede-tedaviler\/operasyon-tarihleri-turkiye-tatilleri\/\">\n\t\t\t\t\t\t<span class=\"elementor-button-content-wrapper\">\n\t\t\t\t\t\t\t\t\t<span class=\"elementor-button-text\">Ameliyat Tarihleri<\/span>\n\t\t\t\t\t<\/span>\n\t\t\t\t\t<\/a>\n\t\t\t\t\t\t\t\t<\/div>\n\t\t\t\t<\/div>\n\t\t\t\t<div class=\"elementor-element elementor-element-ce57aa elementor-widget elementor-widget-text-editor\" data-id=\"ce57aa\" data-element_type=\"widget\" data-e-type=\"widget\" data-widget_type=\"text-editor.default\">\n\t\t\t\t\t\t\t\t\t\n<h4 class=\"wp-block-heading\">T\u00dcRK\u0130YE\u2019YE TIBB\u0130 SEYAHAT<\/h4>\n\n<p>Sa\u011fl\u0131k turizmi (t\u0131bbi seyahat) ya da t\u0131bbi gezi olarak da adland\u0131r\u0131lan kavram, t\u0131bbi hizmet almak amac\u0131yla yurtd\u0131\u015f\u0131na seyahat etmeyi ifade eder.<\/p>\n\n<p>Genellikle bu seyahatler bir tatille birle\u015ftirilir. Sa\u011fl\u0131k turizmi kavram\u0131 yeni de\u011fildir. M.\u00d6. 4. y\u00fczy\u0131lda, Epidaurus, Akdeniz \u00e7evresinden gelen ve Anadolu\u2019yu ziyaret eden ki\u015filerin \u015fifa bulmak ve \u00e7e\u015fitli hastal\u0131klardan kurtulmak amac\u0131yla dua ettikleri ve tedavi g\u00f6rd\u00fckleri bir merkezdi.  <\/p>\n\n<p>Birka\u00e7 on y\u0131ld\u0131r, \u00d6l\u00fc Deniz\u2019de uygulanan tedaviler, sedef ve egzama gibi cilt hastal\u0131klar\u0131 i\u00e7in kabul g\u00f6rm\u00fc\u015f bir tedavi y\u00f6ntemi olarak de\u011ferlendirilmektedir.<\/p>\n\n<figure class=\"wp-block-image size-full\"><img fetchpriority=\"high\" decoding=\"async\" width=\"300\" height=\"225\" class=\"wp-image-150\" src=\"https:\/\/medicaltravel.net\/wp-content\/uploads\/2025\/09\/lasik011.jpg\" alt=\"\"><\/figure>\n\n<p id=\"caption-attachment-424\">Sa\u011fl\u0131k turizmi, daha d\u00fc\u015f\u00fck kaliteli bir hizmet almak anlam\u0131na gelmez. T\u00fcrkiye\u2019de sizi e\u015fit veya hatta daha iyi bir hizmet bekler. <\/p>\n\n<p><strong>Neden uzaklara seyahat edelim?<\/strong><\/p>\n\n<p><strong>Sa\u011fl\u0131k<\/strong> turizmi i\u00e7in birka\u00e7 neden vard\u0131r. Bunlardan baz\u0131lar\u0131 ameliyat i\u00e7in uzun bekleme s\u00fcreleri (\u0130ngiltere\u2019de oldu\u011fu gibi), ABD\u2019de sigorta kapsam\u0131n\u0131n yetersiz olmas\u0131, ameliyatta gizlilik, iklim, \u00e7evre, personel ve daha iyi bir hava ko\u015fuludur. <\/p>\n\n<p>Bat\u0131l\u0131 insanlar \u00f6zellikle di\u015f ve estetik ameliyatlar i\u00e7in yurt d\u0131\u015f\u0131na seyahat eder ve <strong>g\u00f6z lazer tedavileri i\u00e7in tercih ettikleri adres \u00f6zellikle T\u00fcrkiye\u2019dir.<\/strong><\/p>\n\n<p>Bunlar, Avrupa\u2019da sa\u011fl\u0131k sigortas\u0131 taraf\u0131ndan kar\u015f\u0131lanmayan hizmetlerdir ve bu nedenle fiyat \u00f6nemli hale gelir. Yurt d\u0131\u015f\u0131ndaki tedavi maliyetleri, genel olarak \u0130svi\u00e7re\u2019deki hastane ve doktorlar\u0131n talep etti\u011fi tarifelerin olduk\u00e7a alt\u0131ndad\u0131r. <\/p>\n\n<p>T\u00fcrkiye\u2019de sa\u011fl\u0131k turizmi hakk\u0131nda \u0130ngilizce bir raporu <a href=\"https:\/\/medicaltravel.net\/wp-content\/uploads\/2025\/09\/Medical_Tourism_Economic_Report.pdf\" target=\"_blank\" rel=\"noreferrer noopener\" data-type=\"link\" data-id=\"https:\/\/medicaltravel.net\/wp-content\/uploads\/2025\/09\/Medical_Tourism_Economic_Report.pdf\">burada<\/a> okuyabilirsiniz. Ayr\u0131ca <a href=\"https:\/\/en.wikipedia.org\/wiki\/Dental_tourism\" target=\"_blank\" rel=\"noreferrer noopener\">bu makaleyi<\/a> Wikipedia\u2019da \u201cdental tourism\u201d ba\u015fl\u0131\u011f\u0131 alt\u0131nda bulabilirsiniz. <\/p>\n\n<p><strong>Biliyor muydunuz, \u0130stanbul 2010 y\u0131l\u0131nda Avrupa\u2019n\u0131n k\u00fclt\u00fcr ba\u015fkenti se\u00e7ilmi\u015fti? Detayl\u0131 bilgiyi buradan bulabilirsiniz.<\/strong><\/p>\n\t\t\t\t\t\t\t\t<\/div>\n\t\t\t\t\t<\/div>\n\t\t\t\t<\/div>\n\t\t\t\t<\/div>\n\t\t","protected":false},"excerpt":{"rendered":"<p>Sa\u011fl\u0131k Turizmi Lazer Hakk\u0131nda Bilgiler \u015eehirler Ameliyat Tarihleri T\u00dcRK\u0130YE\u2019YE TIBB\u0130 SEYAHAT Sa\u011fl\u0131k turizmi (t\u0131bbi seyahat) ya da t\u0131bbi gezi olarak da adland\u0131r\u0131lan kavram, t\u0131bbi hizmet almak amac\u0131yla yurtd\u0131\u015f\u0131na seyahat etmeyi ifade eder. Genellikle bu seyahatler bir tatille birle\u015ftirilir. Sa\u011fl\u0131k turizmi kavram\u0131 yeni de\u011fildir. M.\u00d6. 4. y\u00fczy\u0131lda, Epidaurus, Akdeniz \u00e7evresinden gelen ve Anadolu\u2019yu ziyaret eden ki\u015filerin \u015fifa bulmak ve \u00e7e\u015fitli hastal\u0131klardan kurtulmak amac\u0131yla dua ettikleri ve tedavi g\u00f6rd\u00fckleri bir merkezdi. Birka\u00e7 on y\u0131ld\u0131r, \u00d6l\u00fc Deniz\u2019de uygulanan tedaviler, sedef ve egzama gibi cilt hastal\u0131klar\u0131 i\u00e7in kabul g\u00f6rm\u00fc\u015f bir tedavi y\u00f6ntemi olarak de\u011ferlendirilmektedir. Sa\u011fl\u0131k turizmi, daha d\u00fc\u015f\u00fck kaliteli bir hizmet almak anlam\u0131na gelmez. T\u00fcrkiye\u2019de sizi e\u015fit veya hatta daha iyi bir hizmet bekler. Neden uzaklara seyahat edelim? Sa\u011fl\u0131k turizmi i\u00e7in birka\u00e7 neden vard\u0131r. Bunlardan baz\u0131lar\u0131 ameliyat i\u00e7in uzun bekleme s\u00fcreleri (\u0130ngiltere\u2019de oldu\u011fu gibi), ABD\u2019de sigorta kapsam\u0131n\u0131n yetersiz olmas\u0131, ameliyatta gizlilik, iklim, \u00e7evre, personel ve daha iyi bir hava ko\u015fuludur. Bat\u0131l\u0131 insanlar \u00f6zellikle di\u015f ve estetik ameliyatlar i\u00e7in yurt d\u0131\u015f\u0131na seyahat eder ve g\u00f6z lazer tedavileri i\u00e7in tercih ettikleri adres \u00f6zellikle T\u00fcrkiye\u2019dir. Bunlar, Avrupa\u2019da sa\u011fl\u0131k sigortas\u0131 taraf\u0131ndan kar\u015f\u0131lanmayan hizmetlerdir ve bu nedenle fiyat \u00f6nemli hale gelir. Yurt d\u0131\u015f\u0131ndaki tedavi maliyetleri, genel olarak \u0130svi\u00e7re\u2019deki hastane ve doktorlar\u0131n talep etti\u011fi tarifelerin olduk\u00e7a alt\u0131ndad\u0131r. T\u00fcrkiye\u2019de sa\u011fl\u0131k turizmi hakk\u0131nda \u0130ngilizce bir raporu burada okuyabilirsiniz. Ayr\u0131ca bu makaleyi Wikipedia\u2019da \u201cdental tourism\u201d ba\u015fl\u0131\u011f\u0131 alt\u0131nda bulabilirsiniz. Biliyor muydunuz, \u0130stanbul 2010 y\u0131l\u0131nda Avrupa\u2019n\u0131n k\u00fclt\u00fcr ba\u015fkenti se\u00e7ilmi\u015fti? Detayl\u0131 bilgiyi buradan bulabilirsiniz.<\/p>\n","protected":false},"author":4,"featured_media":0,"parent":2848,"menu_order":0,"comment_status":"closed","ping_status":"closed","template":"","meta":{"_joinchat":[],"footnotes":""},"class_list":["post-2857","page","type-page","status-publish","hentry"],"acf":[],"_links":{"self":[{"href":"https:\/\/medicaltravel.net\/tr\/wp-json\/wp\/v2\/pages\/2857","targetHints":{"allow":["GET"]}}],"collection":[{"href":"https:\/\/medicaltravel.net\/tr\/wp-json\/wp\/v2\/pages"}],"about":[{"href":"https:\/\/medicaltravel.net\/tr\/wp-json\/wp\/v2\/types\/page"}],"author":[{"embeddable":true,"href":"https:\/\/medicaltravel.net\/tr\/wp-json\/wp\/v2\/users\/4"}],"replies":[{"embeddable":true,"href":"https:\/\/medicaltravel.net\/tr\/wp-json\/wp\/v2\/comments?post=2857"}],"version-history":[{"count":3,"href":"https:\/\/medicaltravel.net\/tr\/wp-json\/wp\/v2\/pages\/2857\/revisions"}],"predecessor-version":[{"id":2888,"href":"https:\/\/medicaltravel.net\/tr\/wp-json\/wp\/v2\/pages\/2857\/revisions\/2888"}],"up":[{"embeddable":true,"href":"https:\/\/medicaltravel.net\/tr\/wp-json\/wp\/v2\/pages\/2848"}],"wp:attachment":[{"href":"https:\/\/medicaltravel.net\/tr\/wp-json\/wp\/v2\/media?parent=2857"}],"curies":[{"name":"wp","href":"https:\/\/api.w.org\/{rel}","templated":true}]}}