{"id":2861,"date":"2025-09-29T08:52:33","date_gmt":"2025-09-29T07:52:33","guid":{"rendered":"https:\/\/medicaltravel.net\/turkiyede-tedaviler\/istanbuldaki-en-iyi-hastaneler-ve-kliniklerde-tibbi-tedaviler\/"},"modified":"2026-01-11T20:09:30","modified_gmt":"2026-01-11T19:09:30","slug":"istanbuldaki-en-iyi-hastaneler-ve-kliniklerde-tibbi-tedaviler","status":"publish","type":"page","link":"https:\/\/medicaltravel.net\/tr\/turkiyede-tedaviler\/istanbuldaki-en-iyi-hastaneler-ve-kliniklerde-tibbi-tedaviler\/","title":{"rendered":"\u0130stanbul\u2019daki en iyi hastaneler ve kliniklerde t\u0131bbi tedaviler"},"content":{"rendered":"\t\t<div data-elementor-type=\"wp-page\" data-elementor-id=\"2861\" class=\"elementor elementor-2861 elementor-15\" data-elementor-post-type=\"page\">\n\t\t\t\t<div class=\"elementor-element elementor-element-3946833e e-flex e-con-boxed wpr-particle-no wpr-jarallax-no wpr-parallax-no wpr-sticky-section-no e-con e-parent\" data-id=\"3946833e\" data-element_type=\"container\" data-e-type=\"container\">\n\t\t\t\t\t<div class=\"e-con-inner\">\n\t\t<div class=\"elementor-element elementor-element-a930248 e-con-full e-flex wpr-particle-no wpr-jarallax-no wpr-parallax-no wpr-sticky-section-no e-con e-child\" data-id=\"a930248\" data-element_type=\"container\" data-e-type=\"container\">\n\t\t\t\t<div class=\"elementor-element elementor-element-f104042 elementor-widget elementor-widget-button\" data-id=\"f104042\" data-element_type=\"widget\" data-e-type=\"widget\" data-widget_type=\"button.default\">\n\t\t\t\t\t\t\t\t\t\t<a class=\"elementor-button elementor-button-link elementor-size-sm\" href=\"https:\/\/medicaltravel.net\/tr\/turkiyede-tedaviler\/istanbuldaki-en-iyi-hastaneler-ve-kliniklerde-tibbi-tedaviler\/\">\n\t\t\t\t\t\t<span class=\"elementor-button-content-wrapper\">\n\t\t\t\t\t\t\t\t\t<span class=\"elementor-button-text\">\u0130stanbul<\/span>\n\t\t\t\t\t<\/span>\n\t\t\t\t\t<\/a>\n\t\t\t\t\t\t\t\t<\/div>\n\t\t\t\t<div class=\"elementor-element elementor-element-eb7ea56 elementor-widget elementor-widget-button\" data-id=\"eb7ea56\" data-element_type=\"widget\" data-e-type=\"widget\" data-widget_type=\"button.default\">\n\t\t\t\t\t\t\t\t\t\t<a class=\"elementor-button elementor-button-link elementor-size-sm\" href=\"https:\/\/medicaltravel.net\/treatments-in-turkey\/izmir\/\">\n\t\t\t\t\t\t<span class=\"elementor-button-content-wrapper\">\n\t\t\t\t\t\t\t\t\t<span class=\"elementor-button-text\">\u0130zmir<\/span>\n\t\t\t\t\t<\/span>\n\t\t\t\t\t<\/a>\n\t\t\t\t\t\t\t\t<\/div>\n\t\t\t\t<div class=\"elementor-element elementor-element-c94735a elementor-widget elementor-widget-button\" data-id=\"c94735a\" data-element_type=\"widget\" data-e-type=\"widget\" data-widget_type=\"button.default\">\n\t\t\t\t\t\t\t\t\t\t<a class=\"elementor-button elementor-button-link elementor-size-sm\" href=\"https:\/\/medicaltravel.net\/treatments-in-turkey\/antalya\/\">\n\t\t\t\t\t\t<span class=\"elementor-button-content-wrapper\">\n\t\t\t\t\t\t\t\t\t<span class=\"elementor-button-text\">Antalya<\/span>\n\t\t\t\t\t<\/span>\n\t\t\t\t\t<\/a>\n\t\t\t\t\t\t\t\t<\/div>\n\t\t\t\t<\/div>\n\t\t\t\t<div class=\"elementor-element elementor-element-7538270f elementor-widget elementor-widget-text-editor\" data-id=\"7538270f\" data-element_type=\"widget\" data-e-type=\"widget\" data-widget_type=\"text-editor.default\">\n\t\t\t\t\t\t\t\t\t\n<h3 class=\"wp-block-heading\">\u0130zmir\u2019deki en iyi hastaneler ve kliniklerde t\u0131bbi tedaviler<\/h3>\n\n<p>Bir tutam New York, bir serpi\u015ftirme Miami, bir dokunu\u015f San Francisco ve bir dilim M\u0131s\u0131r \u2026 T\u00fcm bu malzemeleri kar\u0131\u015ft\u0131r\u0131n ve kar\u0131\u015f\u0131ma Meksiko \u015eehri\u2019nin baharat\u0131n\u0131 ekleyin, ard\u0131ndan Viyana\u2019n\u0131n aromas\u0131n\u0131 kat\u0131n. \u0130\u015fte kar\u015f\u0131n\u0131zda \u0130stanbul\u2019un tad\u0131! <\/p>\n\n<p><strong>Bat\u0131 ve do\u011funun s\u0131ra d\u0131\u015f\u0131 bir kar\u0131\u015f\u0131m\u0131yla<\/strong> \u0130stanbul, ziyaret\u00e7ilerini b\u00fcy\u00fcler. \u0130stanbul, insanlara renkli \u00e7ar\u015f\u0131lar\u0131, kalabal\u0131k al\u0131\u015fveri\u015f merkezlerini, Do\u011fu ile Bat\u0131\u2019n\u0131n, gelenek ile modernli\u011fin kar\u0131\u015f\u0131m\u0131n\u0131 hat\u0131rlat\u0131r. Bo\u011fazi\u00e7i\u2019nde \u015f\u0131k oteller, eski kafeler, muhte\u015fem restoranlar ve bir\u00e7ok gece kul\u00fcb\u00fc bulunur. \u0130stanbul, <strong>\u00e7eli\u015fkiler \u015fehridir<\/strong>. Y\u00fczlerce \u00f6zelli\u011fi kucaklayan bu \u015fehir, kendi ba\u015f\u0131na bir hikayedir; masallara, sanat\u00e7\u0131lara, \u015fairlere ilham verir ve 1001 Gece Masallar\u0131\u2019ndan beslenir.    <\/p>\n\n<p>\u0130stanbul, Asya ve Avrupa olmak \u00fczere iki k\u0131ta \u00fczerine kurulmu\u015f bir \u015fehirdir. Bu iki k\u0131ta, Bo\u011fazi\u00e7i ile birbirinden ayr\u0131lmaktad\u0131r. Bo\u011fazi\u00e7i\u2019nin bir kolu olan Hali\u00e7, Avrupa k\u0131tas\u0131n\u0131 Kuzey ve G\u00fcney b\u00f6lgelerine ay\u0131r\u0131r.  <\/p>\n\n<p>G\u00fcney b\u00f6lgesinde <strong>Eski \u0130stanbul yer almaktad\u0131r<\/strong>. Sultanahmet Camii, Topkap\u0131 Saray\u0131 ve Ayasofya gibi en \u00fcnl\u00fc tarihi yap\u0131lar ve eserler bu b\u00f6lgede bulunmaktad\u0131r. <\/p>\n\n<p><strong>\u0130stanbul \u00e7ok dinamik bir tarihe sahiptir:<\/strong> \u015eehir M.\u00d6. 7. y\u00fczy\u0131lda kurulmu\u015ftur. O d\u00f6nemde Bizans olarak adland\u0131r\u0131lm\u0131\u015ft\u0131r. Merkezi konumu sayesinde Bizans, parlak bir ticaret metropol\u00fcne d\u00f6n\u00fc\u015fm\u00fc\u015ft\u00fcr.  <\/p>\n\n<p>\u015eehir <strong>Roma \u0130mparatorlu\u011fu\u2019na<\/strong> kat\u0131ld\u0131ktan sonra, M.\u00d6. 300 y\u0131l\u0131nda \u0130mparator Constantinus taraf\u0131ndan ba\u015fkent olarak belirlenmi\u015ftir. Yeni Roma olarak bilinen \u015fehir, daha sonra <strong>Konstantinopolis<\/strong> ad\u0131n\u0131 alm\u0131\u015ft\u0131r. <\/p>\n\n<p>Roma \u0130mparatorlu\u011fu\u2019nun b\u00f6l\u00fcnmesinden sonra Bizans \u0130mparatorlu\u011fu, Konstantinopolis\u2019in kontrol\u00fcn\u00fc elinde bulundurmu\u015f ve \u015fehir b\u00f6lgede siyasi ve k\u00fclt\u00fcrel bir merkez olmaya devam etmi\u015ftir. \u015eehir daha sonra Ha\u00e7l\u0131lar taraf\u0131ndan fethedilmi\u015f ve b\u00f6ylece Hristiyanl\u0131k \u015fehre girmi\u015ftir. Osmanl\u0131lar taraf\u0131ndan fethedilip ad\u0131 \u0130stanbul olana kadar Konstantinopolis bir d\u00fc\u015f\u00fc\u015f ya\u015fam\u0131\u015ft\u0131r. Bu fetih, \u015fehir i\u00e7in yeni bir y\u00fckseli\u015f anlam\u0131na gelmi\u015ftir.   <\/p>\n\n<p>\u0130stanbul ayn\u0131 zamanda bir <strong>al\u0131\u015fveri\u015f dura\u011f\u0131d\u0131r<\/strong>. Tarihi ve en b\u00fcy\u00fck Kapal\u0131\u00e7ar\u015f\u0131 ile say\u0131s\u0131z son derece modern al\u0131\u015fveri\u015f merkezleri ile bu muhte\u015fem konuma hayran kalacaks\u0131n\u0131z. Hastane, d\u00f6rt etkileyici al\u0131\u015fveri\u015f merkezi ile \u00e7evrilidir.  <\/p>\n\n<p>Ayr\u0131ca, \u0130stanbul\u2019da say\u0131s\u0131z <strong>lezzeti<\/strong> tatmay\u0131 unutmay\u0131n. Binlerce se\u00e7kin restoran, \u00e7e\u015fitli tatlar\u0131 sizlere sunar. <strong>Al\u0131\u015fveri\u015f ve restoranlarla<\/strong> ilgili \u00f6nerileri ki\u015fiselle\u015ftirilmi\u015f <strong>Medicaltravel<\/strong><strong>pass<\/strong>\u2019inizde bulabilirsiniz.  <\/p>\n\n<p>Bu hepsi de\u011fil; \u015fehir ayn\u0131 zamanda \u0130stanbul ya\u015fam\u0131n\u0131n ayr\u0131lmaz bir par\u00e7as\u0131 olan say\u0131s\u0131z k\u00fclt\u00fcrel etkinlik de sunuyor.<\/p>\n\n<p><strong>Size \u0130stanbul\u2019da harika bir tatil diliyoruz<\/strong><\/p>\n\n<figure class=\"wp-block-image size-full\"><img fetchpriority=\"high\" decoding=\"async\" width=\"300\" height=\"400\" class=\"wp-image-154\" src=\"https:\/\/medicaltravel.net\/wp-content\/uploads\/2025\/09\/tuerkei009.jpg\" alt=\"\" srcset=\"https:\/\/medicaltravel.net\/wp-content\/uploads\/2025\/09\/tuerkei009.jpg 300w, https:\/\/medicaltravel.net\/wp-content\/uploads\/2025\/09\/tuerkei009-225x300.jpg 225w\" sizes=\"(max-width: 300px) 100vw, 300px\" \/><\/figure>\n\n<p id=\"caption-attachment-442\">\u0130stanbul: Al\u0131\u015fveri\u015f ve k\u00fclt\u00fcr. Ameliyat\u0131n\u0131zla birle\u015ftirilmi\u015f tek bir seyahatte bu b\u00fcy\u00fcleyici d\u00fcnya \u015fehrinin ve tarihi miras\u0131n\u0131n tad\u0131n\u0131 \u00e7\u0131kar\u0131n. <\/p>\n\n<figure class=\"wp-block-image size-full\"><img decoding=\"async\" width=\"300\" height=\"206\" class=\"wp-image-156\" src=\"https:\/\/medicaltravel.net\/wp-content\/uploads\/2025\/09\/tuerkei005.jpg\" alt=\"\"><\/figure>\n\n<p id=\"caption-attachment-446\">\u0130stanbul\u2019da en iyi tedaviyi al\u0131n<\/p>\n\t\t\t\t\t\t\t\t<\/div>\n\t\t\t\t\t<\/div>\n\t\t\t\t<\/div>\n\t\t\t\t<\/div>\n\t\t","protected":false},"excerpt":{"rendered":"<p>\u0130stanbul \u0130zmir Antalya \u0130zmir\u2019deki en iyi hastaneler ve kliniklerde t\u0131bbi tedaviler Bir tutam New York, bir serpi\u015ftirme Miami, bir dokunu\u015f San Francisco ve bir dilim M\u0131s\u0131r \u2026 T\u00fcm bu malzemeleri kar\u0131\u015ft\u0131r\u0131n ve kar\u0131\u015f\u0131ma Meksiko \u015eehri\u2019nin baharat\u0131n\u0131 ekleyin, ard\u0131ndan Viyana\u2019n\u0131n aromas\u0131n\u0131 kat\u0131n. \u0130\u015fte kar\u015f\u0131n\u0131zda \u0130stanbul\u2019un tad\u0131! Bat\u0131 ve do\u011funun s\u0131ra d\u0131\u015f\u0131 bir kar\u0131\u015f\u0131m\u0131yla \u0130stanbul, ziyaret\u00e7ilerini b\u00fcy\u00fcler. \u0130stanbul, insanlara renkli \u00e7ar\u015f\u0131lar\u0131, kalabal\u0131k al\u0131\u015fveri\u015f merkezlerini, Do\u011fu ile Bat\u0131\u2019n\u0131n, gelenek ile modernli\u011fin kar\u0131\u015f\u0131m\u0131n\u0131 hat\u0131rlat\u0131r. Bo\u011fazi\u00e7i\u2019nde \u015f\u0131k oteller, eski kafeler, muhte\u015fem restoranlar ve bir\u00e7ok gece kul\u00fcb\u00fc bulunur. \u0130stanbul, \u00e7eli\u015fkiler \u015fehridir. Y\u00fczlerce \u00f6zelli\u011fi kucaklayan bu \u015fehir, kendi ba\u015f\u0131na bir hikayedir; masallara, sanat\u00e7\u0131lara, \u015fairlere ilham verir ve 1001 Gece Masallar\u0131\u2019ndan beslenir. \u0130stanbul, Asya ve Avrupa olmak \u00fczere iki k\u0131ta \u00fczerine kurulmu\u015f bir \u015fehirdir. Bu iki k\u0131ta, Bo\u011fazi\u00e7i ile birbirinden ayr\u0131lmaktad\u0131r. Bo\u011fazi\u00e7i\u2019nin bir kolu olan Hali\u00e7, Avrupa k\u0131tas\u0131n\u0131 Kuzey ve G\u00fcney b\u00f6lgelerine ay\u0131r\u0131r. G\u00fcney b\u00f6lgesinde Eski \u0130stanbul yer almaktad\u0131r. Sultanahmet Camii, Topkap\u0131 Saray\u0131 ve Ayasofya gibi en \u00fcnl\u00fc tarihi yap\u0131lar ve eserler bu b\u00f6lgede bulunmaktad\u0131r. \u0130stanbul \u00e7ok dinamik bir tarihe sahiptir: \u015eehir M.\u00d6. 7. y\u00fczy\u0131lda kurulmu\u015ftur. O d\u00f6nemde Bizans olarak adland\u0131r\u0131lm\u0131\u015ft\u0131r. Merkezi konumu sayesinde Bizans, parlak bir ticaret metropol\u00fcne d\u00f6n\u00fc\u015fm\u00fc\u015ft\u00fcr. \u015eehir Roma \u0130mparatorlu\u011fu\u2019na kat\u0131ld\u0131ktan sonra, M.\u00d6. 300 y\u0131l\u0131nda \u0130mparator Constantinus taraf\u0131ndan ba\u015fkent olarak belirlenmi\u015ftir. Yeni Roma olarak bilinen \u015fehir, daha sonra Konstantinopolis ad\u0131n\u0131 alm\u0131\u015ft\u0131r. Roma \u0130mparatorlu\u011fu\u2019nun b\u00f6l\u00fcnmesinden sonra Bizans \u0130mparatorlu\u011fu, Konstantinopolis\u2019in kontrol\u00fcn\u00fc elinde bulundurmu\u015f ve \u015fehir b\u00f6lgede siyasi ve k\u00fclt\u00fcrel bir merkez olmaya devam etmi\u015ftir. \u015eehir daha sonra Ha\u00e7l\u0131lar taraf\u0131ndan fethedilmi\u015f ve b\u00f6ylece Hristiyanl\u0131k \u015fehre girmi\u015ftir. Osmanl\u0131lar taraf\u0131ndan fethedilip ad\u0131 \u0130stanbul olana kadar Konstantinopolis bir d\u00fc\u015f\u00fc\u015f ya\u015fam\u0131\u015ft\u0131r. Bu fetih, \u015fehir i\u00e7in yeni bir y\u00fckseli\u015f anlam\u0131na gelmi\u015ftir. \u0130stanbul ayn\u0131 zamanda bir al\u0131\u015fveri\u015f dura\u011f\u0131d\u0131r. Tarihi ve en b\u00fcy\u00fck Kapal\u0131\u00e7ar\u015f\u0131 ile say\u0131s\u0131z son derece modern al\u0131\u015fveri\u015f merkezleri ile bu muhte\u015fem konuma hayran kalacaks\u0131n\u0131z. Hastane, d\u00f6rt etkileyici al\u0131\u015fveri\u015f merkezi ile \u00e7evrilidir. Ayr\u0131ca, \u0130stanbul\u2019da say\u0131s\u0131z lezzeti tatmay\u0131 unutmay\u0131n. Binlerce se\u00e7kin restoran, \u00e7e\u015fitli tatlar\u0131 sizlere sunar. Al\u0131\u015fveri\u015f ve restoranlarla ilgili \u00f6nerileri ki\u015fiselle\u015ftirilmi\u015f Medicaltravelpass\u2019inizde bulabilirsiniz. Bu hepsi de\u011fil; \u015fehir ayn\u0131 zamanda \u0130stanbul ya\u015fam\u0131n\u0131n ayr\u0131lmaz bir par\u00e7as\u0131 olan say\u0131s\u0131z k\u00fclt\u00fcrel etkinlik de sunuyor. Size \u0130stanbul\u2019da harika bir tatil diliyoruz \u0130stanbul: Al\u0131\u015fveri\u015f ve k\u00fclt\u00fcr. Ameliyat\u0131n\u0131zla birle\u015ftirilmi\u015f tek bir seyahatte bu b\u00fcy\u00fcleyici d\u00fcnya \u015fehrinin ve tarihi miras\u0131n\u0131n tad\u0131n\u0131 \u00e7\u0131kar\u0131n. \u0130stanbul\u2019da en iyi tedaviyi al\u0131n<\/p>\n","protected":false},"author":4,"featured_media":0,"parent":2848,"menu_order":0,"comment_status":"closed","ping_status":"closed","template":"","meta":{"_joinchat":[],"footnotes":""},"class_list":["post-2861","page","type-page","status-publish","hentry"],"acf":[],"_links":{"self":[{"href":"https:\/\/medicaltravel.net\/tr\/wp-json\/wp\/v2\/pages\/2861","targetHints":{"allow":["GET"]}}],"collection":[{"href":"https:\/\/medicaltravel.net\/tr\/wp-json\/wp\/v2\/pages"}],"about":[{"href":"https:\/\/medicaltravel.net\/tr\/wp-json\/wp\/v2\/types\/page"}],"author":[{"embeddable":true,"href":"https:\/\/medicaltravel.net\/tr\/wp-json\/wp\/v2\/users\/4"}],"replies":[{"embeddable":true,"href":"https:\/\/medicaltravel.net\/tr\/wp-json\/wp\/v2\/comments?post=2861"}],"version-history":[{"count":9,"href":"https:\/\/medicaltravel.net\/tr\/wp-json\/wp\/v2\/pages\/2861\/revisions"}],"predecessor-version":[{"id":2871,"href":"https:\/\/medicaltravel.net\/tr\/wp-json\/wp\/v2\/pages\/2861\/revisions\/2871"}],"up":[{"embeddable":true,"href":"https:\/\/medicaltravel.net\/tr\/wp-json\/wp\/v2\/pages\/2848"}],"wp:attachment":[{"href":"https:\/\/medicaltravel.net\/tr\/wp-json\/wp\/v2\/media?parent=2861"}],"curies":[{"name":"wp","href":"https:\/\/api.w.org\/{rel}","templated":true}]}}