{"id":2874,"date":"2025-09-29T08:53:14","date_gmt":"2025-09-29T07:53:14","guid":{"rendered":"https:\/\/medicaltravel.net\/turkiyede-tedaviler\/izmirdeki-en-iyi-hastaneler-ve-kliniklerde-tibbi-tedaviler\/"},"modified":"2026-01-11T20:17:16","modified_gmt":"2026-01-11T19:17:16","slug":"izmirdeki-en-iyi-hastaneler-ve-kliniklerde-tibbi-tedaviler","status":"publish","type":"page","link":"https:\/\/medicaltravel.net\/tr\/turkiyede-tedaviler\/izmirdeki-en-iyi-hastaneler-ve-kliniklerde-tibbi-tedaviler\/","title":{"rendered":"\u0130zmir\u2019deki en iyi hastaneler ve kliniklerde t\u0131bbi tedaviler"},"content":{"rendered":"\t\t<div data-elementor-type=\"wp-page\" data-elementor-id=\"2874\" class=\"elementor elementor-2874 elementor-17\" data-elementor-post-type=\"page\">\n\t\t\t\t<div class=\"elementor-element elementor-element-1e5e6f42 e-flex e-con-boxed wpr-particle-no wpr-jarallax-no wpr-parallax-no wpr-sticky-section-no e-con e-parent\" data-id=\"1e5e6f42\" data-element_type=\"container\" data-e-type=\"container\">\n\t\t\t\t\t<div class=\"e-con-inner\">\n\t\t<div class=\"elementor-element elementor-element-7ae8de0 e-con-full e-flex wpr-particle-no wpr-jarallax-no wpr-parallax-no wpr-sticky-section-no e-con e-child\" data-id=\"7ae8de0\" data-element_type=\"container\" data-e-type=\"container\">\n\t\t\t\t<div class=\"elementor-element elementor-element-fed5422 elementor-widget elementor-widget-button\" data-id=\"fed5422\" data-element_type=\"widget\" data-e-type=\"widget\" data-widget_type=\"button.default\">\n\t\t\t\t\t\t\t\t\t\t<a class=\"elementor-button elementor-button-link elementor-size-sm\" href=\"https:\/\/medicaltravel.net\/tr\/turkiyede-tedaviler\/istanbuldaki-en-iyi-hastaneler-ve-kliniklerde-tibbi-tedaviler\/\">\n\t\t\t\t\t\t<span class=\"elementor-button-content-wrapper\">\n\t\t\t\t\t\t\t\t\t<span class=\"elementor-button-text\">\u0130stanbul<\/span>\n\t\t\t\t\t<\/span>\n\t\t\t\t\t<\/a>\n\t\t\t\t\t\t\t\t<\/div>\n\t\t\t\t<div class=\"elementor-element elementor-element-901a082 elementor-widget elementor-widget-button\" data-id=\"901a082\" data-element_type=\"widget\" data-e-type=\"widget\" data-widget_type=\"button.default\">\n\t\t\t\t\t\t\t\t\t\t<a class=\"elementor-button elementor-button-link elementor-size-sm\" href=\"https:\/\/medicaltravel.net\/tr\/turkiyede-tedaviler\/izmirdeki-en-iyi-hastaneler-ve-kliniklerde-tibbi-tedaviler\/\">\n\t\t\t\t\t\t<span class=\"elementor-button-content-wrapper\">\n\t\t\t\t\t\t\t\t\t<span class=\"elementor-button-text\">\u0130zmir<\/span>\n\t\t\t\t\t<\/span>\n\t\t\t\t\t<\/a>\n\t\t\t\t\t\t\t\t<\/div>\n\t\t\t\t<div class=\"elementor-element elementor-element-612c2e1 elementor-widget elementor-widget-button\" data-id=\"612c2e1\" data-element_type=\"widget\" data-e-type=\"widget\" data-widget_type=\"button.default\">\n\t\t\t\t\t\t\t\t\t\t<a class=\"elementor-button elementor-button-link elementor-size-sm\" href=\"https:\/\/medicaltravel.net\/treatments-in-turkey\/antalya\/\">\n\t\t\t\t\t\t<span class=\"elementor-button-content-wrapper\">\n\t\t\t\t\t\t\t\t\t<span class=\"elementor-button-text\">Antalya<\/span>\n\t\t\t\t\t<\/span>\n\t\t\t\t\t<\/a>\n\t\t\t\t\t\t\t\t<\/div>\n\t\t\t\t<\/div>\n\t\t\t\t<div class=\"elementor-element elementor-element-4035effb elementor-widget elementor-widget-text-editor\" data-id=\"4035effb\" data-element_type=\"widget\" data-e-type=\"widget\" data-widget_type=\"text-editor.default\">\n\t\t\t\t\t\t\t\t\t\n<h3 class=\"wp-block-heading\">\u0130zmir\u2019deki en iyi hastaneler ve kliniklerde t\u0131bbi tedaviler<\/h3>\n\n<p><strong>Ege Denizi\u2019nin incisi \u2013 \u0130zmir<\/strong><\/p>\n\n<p>\u0130zmir, T\u00fcrkiye\u2019nin 3. en b\u00fcy\u00fck \u015fehri ve 2. en b\u00fcy\u00fck deniz liman\u0131d\u0131r.<br>T\u00fcrk Kurtulu\u015f Sava\u015f\u0131\u2019ndan sonra \u015fehrin b\u00fcy\u00fck bir k\u0131sm\u0131 yeniden in\u015fa edilmek zorundayd\u0131; bu nedenle g\u00fcn\u00fcm\u00fczde \u015fehir, geni\u015f a\u011fa\u00e7l\u0131 bulvarlarla \u00e7evrili modern y\u00fcksek binalarla ilgin\u00e7 bir kar\u0131\u015f\u0131m sunmaktad\u0131r. Yine de ke\u015ffedilmeyi bekleyen bir\u00e7ok geleneksel ev ve konak h\u00e2l\u00e2 mevcuttur. <\/p>\n\n<p>\u0130zmir, \u0131l\u0131man k\u0131\u015flar ve s\u0131cak yazlarla \u0131l\u0131man bir iklimin tad\u0131n\u0131 \u00e7\u0131kar\u0131r; muhtemelen bu y\u00fczden sokak hayat\u0131 bu kadar canl\u0131d\u0131r. Kordon\u2019da yap\u0131lan bir y\u00fcr\u00fcy\u00fc\u015f, soka\u011fa ta\u015fm\u0131\u015f sonsuz say\u0131da restoran, bistro, bar, kahve d\u00fckkan\u0131 ve \u00e7ay evi g\u00f6rmenizi sa\u011flar. \u00c7o\u011fu zaman \u00f6ylesine yan yana dizilmi\u015flerdir ki, asl\u0131nda hangi mek\u00e2nda oturdu\u011funuzu anlamak bile zor olabilir.  <\/p>\n\n<figure class=\"wp-block-image size-full\"><img fetchpriority=\"high\" decoding=\"async\" width=\"500\" height=\"377\" class=\"wp-image-158\" src=\"https:\/\/medicaltravel.net\/wp-content\/uploads\/2025\/09\/csm_Izmir_1_c5845b42ea.jpg\" alt=\"\" srcset=\"https:\/\/medicaltravel.net\/wp-content\/uploads\/2025\/09\/csm_Izmir_1_c5845b42ea.jpg 500w, https:\/\/medicaltravel.net\/wp-content\/uploads\/2025\/09\/csm_Izmir_1_c5845b42ea-300x226.jpg 300w\" sizes=\"(max-width: 500px) 100vw, 500px\" \/><\/figure>\n\n<p id=\"caption-attachment-449\">\u0130zmir: Tarih, G\u00fcne\u015f, Al\u0131\u015fveri\u015f ve K\u00fclt\u00fcr.<\/p>\n\n<figure class=\"wp-block-image size-full\"><img decoding=\"async\" width=\"500\" height=\"336\" class=\"wp-image-159\" src=\"https:\/\/medicaltravel.net\/wp-content\/uploads\/2025\/09\/Izmir_2.jpg\" alt=\"\" srcset=\"https:\/\/medicaltravel.net\/wp-content\/uploads\/2025\/09\/Izmir_2.jpg 500w, https:\/\/medicaltravel.net\/wp-content\/uploads\/2025\/09\/Izmir_2-300x202.jpg 300w\" sizes=\"(max-width: 500px) 100vw, 500px\" \/><\/figure>\n\n<p>\u0130zmir\u2019i ziyaret etmek, Kemer Alt\u0131 Pazar\u0131 B\u00f6lgesi\u2019nde birka\u00e7 saat dola\u015fmadan tamamlanm\u0131\u015f say\u0131lmaz. Buras\u0131 kelimenin tam anlam\u0131yla her \u015feyin sat\u0131n al\u0131nabilece\u011fi hareketli bir pazar yeridir. K\u00fc\u00e7\u00fck sokaklar\u0131n, \u00e7\u0131kmaz yollar\u0131n, ba\u011flant\u0131l\u0131 meydanlar\u0131n, al\u0131\u015fveri\u015f merkezlerinin, ofislerin, at\u00f6lyelerin, sinemalar\u0131n, camilerin ve akl\u0131n\u0131za gelebilecek di\u011fer her \u015feyin bulundu\u011fu karma\u015f\u0131k bir labirenttir, hatta i\u00e7inde restore edilmi\u015f bir Kervansaray bile sakl\u0131d\u0131r. Yolunuzu kaybetmeniz neredeyse garanti, ama panik yapmay\u0131n sonunda \u00e7\u0131k\u0131\u015f\u0131 bulacaks\u0131n\u0131z.   <\/p>\n\n<p>Alsancak semtindeki K\u00fclt\u00fcrpark, her y\u0131l Eyl\u00fcl ay\u0131nda d\u00fczenlenen \u0130zmir Uluslararas\u0131 Fuar\u0131\u2019na ev sahipli\u011fi yapar. Y\u0131l\u0131n geri kalan\u0131nda da bir\u00e7ok ba\u015fka fuar ve sergi d\u00fczenlenir. K\u00fclt\u00fcrpark, \u015fehrin ticari ihtiya\u00e7lar\u0131n\u0131 kar\u015f\u0131laman\u0131n yan\u0131 s\u0131ra, sakinlerin dinlenip \u00e7ay i\u00e7ebilece\u011fi, tavla oynayabilece\u011fi, nargile i\u00e7ebilece\u011fi veya ko\u015fu pistinde egzersiz yapabilece\u011fi \u015fehrin ortas\u0131nda ye\u015fil ve rahatlat\u0131c\u0131 bir alan sunar.  <\/p>\n\n<p>\u0130zmir \u015fehrinin kendisinde plajlar bulunmaz, ancak \u015fehrin kuzeyine, do\u011fusuna veya g\u00fcneyine k\u0131sa bir yolculuk yaparsan\u0131z ya hareketli turistik tatil beldelerine ya da sessiz, sakin ve tenha plajlara ula\u015fabilirsiniz, se\u00e7im sizin.<\/p>\n\n<p>B\u00f6lge M.\u00d6. 3000\u2019lerden beri yerle\u015fim g\u00f6rd\u00fc\u011f\u00fc i\u00e7in tarih\u00ee a\u00e7\u0131dan olduk\u00e7a zengindir, bu yerler \u015fehir i\u00e7inde (Kadifekale \u2013 Bayrakl\u0131) bulunabilir, ancak k\u0131sa bir araba yolculu\u011fuyla Efes, Pergamon, Sardes, Teos ve ke\u015ffedilecek daha bir\u00e7ok yere ula\u015fabilirsiniz.<\/p>\n\n<p>\u0130zmir\u2019de gece hayat\u0131 canl\u0131d\u0131r ve her ge\u00e7en g\u00fcn daha da canlanmaktad\u0131r, geceyi dolu dolu ya\u015fama ihtiyac\u0131 hissederseniz, sabah\u0131n erken saatlerine kadar a\u00e7\u0131k olan bir\u00e7ok modern disko ve gece kul\u00fcb\u00fc bulabilirsiniz.<\/p>\n\n<p>Tarih ve modernlik, g\u00fcne\u015f ve deniz hepsi bir arada \u0130zmir\u2019de.<\/p>\n\n<p><strong>Size \u015fimdiden \u0130zmir\u2019de g\u00fczel bir tatil dileriz.<\/strong><\/p>\n\t\t\t\t\t\t\t\t<\/div>\n\t\t\t\t\t<\/div>\n\t\t\t\t<\/div>\n\t\t\t\t<\/div>\n\t\t","protected":false},"excerpt":{"rendered":"<p>\u0130stanbul \u0130zmir Antalya \u0130zmir\u2019deki en iyi hastaneler ve kliniklerde t\u0131bbi tedaviler Ege Denizi\u2019nin incisi \u2013 \u0130zmir \u0130zmir, T\u00fcrkiye\u2019nin 3. en b\u00fcy\u00fck \u015fehri ve 2. en b\u00fcy\u00fck deniz liman\u0131d\u0131r.T\u00fcrk Kurtulu\u015f Sava\u015f\u0131\u2019ndan sonra \u015fehrin b\u00fcy\u00fck bir k\u0131sm\u0131 yeniden in\u015fa edilmek zorundayd\u0131; bu nedenle g\u00fcn\u00fcm\u00fczde \u015fehir, geni\u015f a\u011fa\u00e7l\u0131 bulvarlarla \u00e7evrili modern y\u00fcksek binalarla ilgin\u00e7 bir kar\u0131\u015f\u0131m sunmaktad\u0131r. Yine de ke\u015ffedilmeyi bekleyen bir\u00e7ok geleneksel ev ve konak h\u00e2l\u00e2 mevcuttur. \u0130zmir, \u0131l\u0131man k\u0131\u015flar ve s\u0131cak yazlarla \u0131l\u0131man bir iklimin tad\u0131n\u0131 \u00e7\u0131kar\u0131r; muhtemelen bu y\u00fczden sokak hayat\u0131 bu kadar canl\u0131d\u0131r. Kordon\u2019da yap\u0131lan bir y\u00fcr\u00fcy\u00fc\u015f, soka\u011fa ta\u015fm\u0131\u015f sonsuz say\u0131da restoran, bistro, bar, kahve d\u00fckkan\u0131 ve \u00e7ay evi g\u00f6rmenizi sa\u011flar. \u00c7o\u011fu zaman \u00f6ylesine yan yana dizilmi\u015flerdir ki, asl\u0131nda hangi mek\u00e2nda oturdu\u011funuzu anlamak bile zor olabilir. \u0130zmir: Tarih, G\u00fcne\u015f, Al\u0131\u015fveri\u015f ve K\u00fclt\u00fcr. \u0130zmir\u2019i ziyaret etmek, Kemer Alt\u0131 Pazar\u0131 B\u00f6lgesi\u2019nde birka\u00e7 saat dola\u015fmadan tamamlanm\u0131\u015f say\u0131lmaz. Buras\u0131 kelimenin tam anlam\u0131yla her \u015feyin sat\u0131n al\u0131nabilece\u011fi hareketli bir pazar yeridir. K\u00fc\u00e7\u00fck sokaklar\u0131n, \u00e7\u0131kmaz yollar\u0131n, ba\u011flant\u0131l\u0131 meydanlar\u0131n, al\u0131\u015fveri\u015f merkezlerinin, ofislerin, at\u00f6lyelerin, sinemalar\u0131n, camilerin ve akl\u0131n\u0131za gelebilecek di\u011fer her \u015feyin bulundu\u011fu karma\u015f\u0131k bir labirenttir, hatta i\u00e7inde restore edilmi\u015f bir Kervansaray bile sakl\u0131d\u0131r. Yolunuzu kaybetmeniz neredeyse garanti, ama panik yapmay\u0131n sonunda \u00e7\u0131k\u0131\u015f\u0131 bulacaks\u0131n\u0131z. Alsancak semtindeki K\u00fclt\u00fcrpark, her y\u0131l Eyl\u00fcl ay\u0131nda d\u00fczenlenen \u0130zmir Uluslararas\u0131 Fuar\u0131\u2019na ev sahipli\u011fi yapar. Y\u0131l\u0131n geri kalan\u0131nda da bir\u00e7ok ba\u015fka fuar ve sergi d\u00fczenlenir. K\u00fclt\u00fcrpark, \u015fehrin ticari ihtiya\u00e7lar\u0131n\u0131 kar\u015f\u0131laman\u0131n yan\u0131 s\u0131ra, sakinlerin dinlenip \u00e7ay i\u00e7ebilece\u011fi, tavla oynayabilece\u011fi, nargile i\u00e7ebilece\u011fi veya ko\u015fu pistinde egzersiz yapabilece\u011fi \u015fehrin ortas\u0131nda ye\u015fil ve rahatlat\u0131c\u0131 bir alan sunar. \u0130zmir \u015fehrinin kendisinde plajlar bulunmaz, ancak \u015fehrin kuzeyine, do\u011fusuna veya g\u00fcneyine k\u0131sa bir yolculuk yaparsan\u0131z ya hareketli turistik tatil beldelerine ya da sessiz, sakin ve tenha plajlara ula\u015fabilirsiniz, se\u00e7im sizin. B\u00f6lge M.\u00d6. 3000\u2019lerden beri yerle\u015fim g\u00f6rd\u00fc\u011f\u00fc i\u00e7in tarih\u00ee a\u00e7\u0131dan olduk\u00e7a zengindir, bu yerler \u015fehir i\u00e7inde (Kadifekale \u2013 Bayrakl\u0131) bulunabilir, ancak k\u0131sa bir araba yolculu\u011fuyla Efes, Pergamon, Sardes, Teos ve ke\u015ffedilecek daha bir\u00e7ok yere ula\u015fabilirsiniz. \u0130zmir\u2019de gece hayat\u0131 canl\u0131d\u0131r ve her ge\u00e7en g\u00fcn daha da canlanmaktad\u0131r, geceyi dolu dolu ya\u015fama ihtiyac\u0131 hissederseniz, sabah\u0131n erken saatlerine kadar a\u00e7\u0131k olan bir\u00e7ok modern disko ve gece kul\u00fcb\u00fc bulabilirsiniz. Tarih ve modernlik, g\u00fcne\u015f ve deniz hepsi bir arada \u0130zmir\u2019de. Size \u015fimdiden \u0130zmir\u2019de g\u00fczel bir tatil dileriz.<\/p>\n","protected":false},"author":4,"featured_media":0,"parent":2848,"menu_order":0,"comment_status":"closed","ping_status":"closed","template":"","meta":{"_joinchat":[],"footnotes":""},"class_list":["post-2874","page","type-page","status-publish","hentry"],"acf":[],"_links":{"self":[{"href":"https:\/\/medicaltravel.net\/tr\/wp-json\/wp\/v2\/pages\/2874","targetHints":{"allow":["GET"]}}],"collection":[{"href":"https:\/\/medicaltravel.net\/tr\/wp-json\/wp\/v2\/pages"}],"about":[{"href":"https:\/\/medicaltravel.net\/tr\/wp-json\/wp\/v2\/types\/page"}],"author":[{"embeddable":true,"href":"https:\/\/medicaltravel.net\/tr\/wp-json\/wp\/v2\/users\/4"}],"replies":[{"embeddable":true,"href":"https:\/\/medicaltravel.net\/tr\/wp-json\/wp\/v2\/comments?post=2874"}],"version-history":[{"count":3,"href":"https:\/\/medicaltravel.net\/tr\/wp-json\/wp\/v2\/pages\/2874\/revisions"}],"predecessor-version":[{"id":2877,"href":"https:\/\/medicaltravel.net\/tr\/wp-json\/wp\/v2\/pages\/2874\/revisions\/2877"}],"up":[{"embeddable":true,"href":"https:\/\/medicaltravel.net\/tr\/wp-json\/wp\/v2\/pages\/2848"}],"wp:attachment":[{"href":"https:\/\/medicaltravel.net\/tr\/wp-json\/wp\/v2\/media?parent=2874"}],"curies":[{"name":"wp","href":"https:\/\/api.w.org\/{rel}","templated":true}]}}