{"id":2880,"date":"2025-09-29T08:54:06","date_gmt":"2025-09-29T07:54:06","guid":{"rendered":"https:\/\/medicaltravel.net\/turkiyede-tedaviler\/tibbi-tedaviler-antalyadaki-en-iyi-hastaneler-ve-klinikler\/"},"modified":"2026-01-11T20:23:16","modified_gmt":"2026-01-11T19:23:16","slug":"tibbi-tedaviler-antalyadaki-en-iyi-hastaneler-ve-klinikler","status":"publish","type":"page","link":"https:\/\/medicaltravel.net\/tr\/turkiyede-tedaviler\/tibbi-tedaviler-antalyadaki-en-iyi-hastaneler-ve-klinikler\/","title":{"rendered":"T\u0131bbi Tedaviler \u2013 Antalya\u2019daki En \u0130yi Hastaneler ve Klinikler"},"content":{"rendered":"\t\t<div data-elementor-type=\"wp-page\" data-elementor-id=\"2880\" class=\"elementor elementor-2880 elementor-20\" data-elementor-post-type=\"page\">\n\t\t\t\t<div class=\"elementor-element elementor-element-15c88f1d e-flex e-con-boxed wpr-particle-no wpr-jarallax-no wpr-parallax-no wpr-sticky-section-no e-con e-parent\" data-id=\"15c88f1d\" data-element_type=\"container\" data-e-type=\"container\">\n\t\t\t\t\t<div class=\"e-con-inner\">\n\t\t<div class=\"elementor-element elementor-element-3835670 e-con-full e-flex wpr-particle-no wpr-jarallax-no wpr-parallax-no wpr-sticky-section-no e-con e-child\" data-id=\"3835670\" data-element_type=\"container\" data-e-type=\"container\">\n\t\t\t\t<div class=\"elementor-element elementor-element-4233751 elementor-widget elementor-widget-button\" data-id=\"4233751\" data-element_type=\"widget\" data-e-type=\"widget\" data-widget_type=\"button.default\">\n\t\t\t\t\t\t\t\t\t\t<a class=\"elementor-button elementor-button-link elementor-size-sm\" href=\"https:\/\/medicaltravel.net\/tr\/turkiyede-tedaviler\/istanbuldaki-en-iyi-hastaneler-ve-kliniklerde-tibbi-tedaviler\/\">\n\t\t\t\t\t\t<span class=\"elementor-button-content-wrapper\">\n\t\t\t\t\t\t\t\t\t<span class=\"elementor-button-text\">\u0130stanbul<\/span>\n\t\t\t\t\t<\/span>\n\t\t\t\t\t<\/a>\n\t\t\t\t\t\t\t\t<\/div>\n\t\t\t\t<div class=\"elementor-element elementor-element-85bdb9f elementor-widget elementor-widget-button\" data-id=\"85bdb9f\" data-element_type=\"widget\" data-e-type=\"widget\" data-widget_type=\"button.default\">\n\t\t\t\t\t\t\t\t\t\t<a class=\"elementor-button elementor-button-link elementor-size-sm\" href=\"https:\/\/medicaltravel.net\/tr\/turkiyede-tedaviler\/izmirdeki-en-iyi-hastaneler-ve-kliniklerde-tibbi-tedaviler\/\">\n\t\t\t\t\t\t<span class=\"elementor-button-content-wrapper\">\n\t\t\t\t\t\t\t\t\t<span class=\"elementor-button-text\">\u0130zmir<\/span>\n\t\t\t\t\t<\/span>\n\t\t\t\t\t<\/a>\n\t\t\t\t\t\t\t\t<\/div>\n\t\t\t\t<div class=\"elementor-element elementor-element-1e4ccdb elementor-widget elementor-widget-button\" data-id=\"1e4ccdb\" data-element_type=\"widget\" data-e-type=\"widget\" data-widget_type=\"button.default\">\n\t\t\t\t\t\t\t\t\t\t<a class=\"elementor-button elementor-button-link elementor-size-sm\" href=\"https:\/\/medicaltravel.net\/tr\/turkiyede-tedaviler\/tibbi-tedaviler-antalyadaki-en-iyi-hastaneler-ve-klinikler\/\">\n\t\t\t\t\t\t<span class=\"elementor-button-content-wrapper\">\n\t\t\t\t\t\t\t\t\t<span class=\"elementor-button-text\">Antalya<\/span>\n\t\t\t\t\t<\/span>\n\t\t\t\t\t<\/a>\n\t\t\t\t\t\t\t\t<\/div>\n\t\t\t\t<\/div>\n\t\t\t\t<div class=\"elementor-element elementor-element-68a7e9a1 elementor-widget elementor-widget-text-editor\" data-id=\"68a7e9a1\" data-element_type=\"widget\" data-e-type=\"widget\" data-widget_type=\"text-editor.default\">\n\t\t\t\t\t\t\t\t\t\n<h3 class=\"wp-block-heading\">T\u0131bbi Tedaviler \u2013 Antalya\u2019daki En \u0130yi Hastaneler ve Klinikler<\/h3>\n\n<h3 class=\"wp-block-heading\">G\u00fcne\u015f ve Tatil \u015eehri \u2013 Antalya<\/h3>\n\n<p>Antalya, Anadolu\u2019nun en eski yerle\u015fimlerinden birine ev sahipli\u011fi yapm\u0131\u015ft\u0131r. Antalya merkeze yirmi be\u015f kilometre kuzeybat\u0131da yer alan Karain Ma\u011faras\u0131, bir zamanlar seksen ki\u015filik bir toplulu\u011fa ev sahipli\u011fi yapm\u0131\u015f ve tarihinin Paleolitik \u00c7a\u011f\u2019a kadar uzand\u0131\u011f\u0131na dair kan\u0131tlar bulunmaktad\u0131r. <\/p>\n\n<p>Ma\u011fara, 1946 ile 1958 y\u0131llar\u0131 aras\u0131nda yap\u0131lan y\u00fczey ara\u015ft\u0131rmalar\u0131 s\u0131ras\u0131nda ke\u015ffedilmi\u015ftir. Ma\u011faradaki baz\u0131 nesneler bir milyon y\u0131l \u00f6ncesine tarihlenmi\u015ftir. <\/p>\n\n<p>B\u00f6lge, M.\u00d6. 1400\u2019lerden Hititlerin \u00e7\u00f6k\u00fc\u015f\u00fcne kadar Hitit \u0130mparatorlu\u011fu\u2019nun kontrol\u00fc alt\u0131ndayd\u0131, b\u00f6lgeye bir\u00e7ok ba\u011f\u0131ms\u0131z devlet kuruldu. M.\u00d6. 11. y\u00fczy\u0131ldan 8. y\u00fczy\u0131la kadar \u00f6nce Lidyal\u0131lar, sonra Persler b\u00f6lgeye h\u00fckmetti. M.\u00d6. 4. y\u00fczy\u0131lda b\u00f6lgeyi fethetme s\u0131ras\u0131 B\u00fcy\u00fck \u0130skender\u2019e gelmi\u015ftir. \u00d6l\u00fcm\u00fcn\u00fc takiben d\u00f6nemde, generallerinin b\u00f6lge \u00fczerindeki kontrol m\u00fccadelesi nedeniyle eyalet birka\u00e7 kez el de\u011fi\u015ftirmi\u015ftir.   <\/p>\n\n<p>Pergamon Kral\u0131 II. Attalos (M.\u00d6. 159-138), Pamfilya\u2019n\u0131n do\u011fal liman\u0131n\u0131, Antalya \u015fehrini ele ge\u00e7irerek g\u00fcn\u00fcm\u00fczdeki yerle\u015fim alan\u0131n\u0131n kontrol\u00fcn\u00fc \u00fcstlendi. \u015eehir onun ad\u0131ndan dolay\u0131 Attaleia olarak adland\u0131r\u0131ld\u0131. M.\u00d6. 67 y\u0131l\u0131nda \u015fehir Roma topraklar\u0131na kat\u0131ld\u0131 ve Roma y\u00f6netimi alt\u0131nda refaha kavu\u015ftu.  <\/p>\n\n<p>\u015eehir, Hristiyanl\u0131\u011f\u0131n Anadolu topraklar\u0131na yay\u0131ld\u0131\u011f\u0131 bir merkez haline geldi. Ancak 7. y\u00fczy\u0131lda Araplar taraf\u0131ndan Anadolu ve Antalya b\u00f6lgesine s\u00fcrekli sald\u0131r\u0131lar yap\u0131ld\u0131. 652 y\u0131l\u0131nda Bizans donanmas\u0131, Antalya a\u00e7\u0131klar\u0131ndaki sularda Arap kuvvetlerine kar\u015f\u0131 b\u00fcy\u00fck bir deniz sava\u015f\u0131n\u0131 kaybetti.  <\/p>\n\n<figure class=\"wp-block-image size-full\"><img fetchpriority=\"high\" decoding=\"async\" width=\"400\" height=\"506\" class=\"wp-image-161\" src=\"https:\/\/medicaltravel.net\/wp-content\/uploads\/2025\/09\/Antalya_resim_2.jpg\" alt=\"\" srcset=\"https:\/\/medicaltravel.net\/wp-content\/uploads\/2025\/09\/Antalya_resim_2.jpg 400w, https:\/\/medicaltravel.net\/wp-content\/uploads\/2025\/09\/Antalya_resim_2-237x300.jpg 237w\" sizes=\"(max-width: 400px) 100vw, 400px\" \/><\/figure>\n\n<p id=\"caption-attachment-462\">Antalya: Kum, G\u00fcne\u015f, Al\u0131\u015fveri\u015f ve K\u00fclt\u00fcr. Hadi e\u011flenelim! <\/p>\n\n<p>Antalya b\u00f6lgesinin \u0130slam ile sonraki bulu\u015fmas\u0131, 1085 y\u0131l\u0131nda \u015fehrin Sel\u00e7uklular taraf\u0131ndan ele ge\u00e7irilmesiyle ger\u00e7ekle\u015fti. \u015eehir, k\u00fc\u00e7\u00fck krall\u0131klar\u0131n y\u00f6neticileri aras\u0131nda el de\u011fi\u015ftirdi ve 1426 y\u0131l\u0131nda Osmanl\u0131lar\u0131n kontrol\u00fcne ge\u00e7ti. \u015eehrin son i\u015fgali 1919 ile 1921 y\u0131llar\u0131 aras\u0131nda \u0130talyan kuvvetleri taraf\u0131ndan yap\u0131ld\u0131. 5 Temmuz 1921\u2019de i\u015fgal sona erdi ve Antalya, gen\u00e7 T\u00fcrk Cumhuriyeti\u2019nin bir \u015fehri oldu. Uzun y\u0131llar boyunca \u015fehrin ekonomik faaliyetleri, a\u011f\u0131rl\u0131kl\u0131 olarak tar\u0131m alan\u0131nda meyve ve sebze yeti\u015ftiricili\u011fi ile bal\u0131k\u00e7\u0131l\u0131k ve denizcilik \u00fczerine kuruluydu. G\u00fcn\u00fcm\u00fczde ise T\u00fcrkiye\u2019nin ve Do\u011fu Akdeniz\u2019in en b\u00fcy\u00fck turizm merkezi haline gelmi\u015ftir.     <\/p>\n\n<p>\u00d6zellikle k\u0131y\u0131ya paralel uzanan y\u00fcksek Toros Da\u011flar\u0131, merkezi Anadolu\u2019ya do\u011fal bir s\u0131n\u0131r olu\u015fturdu ve k\u0131\u015f aylar\u0131nda ge\u00e7ilemezdi. Bu co\u011frafya, daha b\u00fcy\u00fck bir devlet birli\u011finin olu\u015fmas\u0131n\u0131 engelledi; bunun yerine k\u0131y\u0131da, genellikle merkezi otorite taraf\u0131ndan kontrol edilen zengin \u015fehir devletleri kuruldu. Ayr\u0131ca, b\u00f6lgenin tar\u0131msal zenginli\u011fi ve do\u011fal limanlar\u0131, bir\u00e7ok yerle\u015fimciyi cezbetti. Bu nedenle b\u00f6lgede \u00e7ok say\u0131da medeniyet geli\u015fti ve tarih\u00ee miraslar\u0131n\u0131 b\u0131rakt\u0131.   <\/p>\n\n<p>Antalya\u2019n\u0131n bat\u0131 kesiminde tarihin ilk b\u00fcy\u00fck konfederasyonlar\u0131ndan biri olan Likya Birli\u011fi kuruldu. Bir zamanlar b\u00f6lgedeki en g\u00fc\u00e7l\u00fc birli\u011fe sahip olan bu konfederasyonda \u00fcye devletler, devletlerin b\u00fcy\u00fckl\u00fc\u011f\u00fcne ve \u00f6nemine g\u00f6re bir, iki veya \u00fc\u00e7 oyla temsil ediliyordu. G\u00fcn\u00fcm\u00fcz Antalya\u2019s\u0131n\u0131n bat\u0131 ucundan ba\u015flay\u0131p Mu\u011fla ilindeki Fethiye\u2019ye kadar uzanan bu birlik, o d\u00f6nemler i\u00e7in \u00e7ok geni\u015f bir alan\u0131 kaps\u0131yordu. Do\u011fuda ise \u201cT\u00fcm Kabilelerin Topra\u011f\u0131\u201d olarak bilinen Pamfilya devleti yer al\u0131yordu.   <\/p>\n\n<figure class=\"wp-block-image size-full\"><img decoding=\"async\" width=\"300\" height=\"225\" class=\"wp-image-162\" src=\"https:\/\/medicaltravel.net\/wp-content\/uploads\/2025\/09\/RTEmagicC_Antalya_Bucht_56.png.png\" alt=\"\"><\/figure>\n\n<p>B\u00f6lge, denize do\u011fru dik yama\u00e7larla inen ve sadece s\u0131n\u0131rl\u0131 k\u0131y\u0131 ovalar\u0131na sahip olmas\u0131 nedeniyle uzun zamand\u0131r korsanlar\u0131 \u00e7ekiyordu. Korsanlar faaliyetlerini yaln\u0131zca ticaret gemilerini ele ge\u00e7irmek ve ya\u011fmalamakla s\u0131n\u0131rl\u0131 tutmay\u0131p, zaman zaman b\u00fct\u00fcn \u015fehirleri ele ge\u00e7irip y\u00f6netiyorlard\u0131. <\/p>\n\n<p>B\u00f6lgenin Hristiyanl\u0131\u011f\u0131n Anadolu\u2019ya ilk yay\u0131ld\u0131\u011f\u0131 yer oldu\u011funu daha \u00f6nce belirtmi\u015ftik. Erken Hristiyanl\u0131k d\u00f6nemine ait bir\u00e7ok kilise, \u015fapel ve di\u011fer yap\u0131lar \u00e7e\u015fitli tarih\u00ee alanlarda g\u00f6r\u00fclebilir. B\u00f6lgedeki m\u00fczelerde, Hristiyan \u00f6ncesi, Hristiyan ve \u0130slami eserlerden olu\u015fan geni\u015f bir koleksiyon bulunmaktad\u0131r. D\u00fcnyaca tan\u0131nan isimlerden biri olan Aziz Nikola, di\u011fer ad\u0131yla Noel Baba, Antalya b\u00f6lgesindendir.   <\/p>\n\n<p>B\u00f6lgede ge\u00e7mi\u015ften g\u00fcn\u00fcm\u00fcze bir\u00e7ok mit, yerel efsane ve zengin bir tarih g\u00fcn\u00fcm\u00fcze ula\u015fm\u0131\u015ft\u0131r.<\/p>\n\n<p><strong>Size Antalya\u2019da g\u00fczel bir tatil dileriz.<\/strong><\/p>\n\t\t\t\t\t\t\t\t<\/div>\n\t\t\t\t\t<\/div>\n\t\t\t\t<\/div>\n\t\t\t\t<\/div>\n\t\t","protected":false},"excerpt":{"rendered":"<p>\u0130stanbul \u0130zmir Antalya T\u0131bbi Tedaviler \u2013 Antalya\u2019daki En \u0130yi Hastaneler ve Klinikler G\u00fcne\u015f ve Tatil \u015eehri \u2013 Antalya Antalya, Anadolu\u2019nun en eski yerle\u015fimlerinden birine ev sahipli\u011fi yapm\u0131\u015ft\u0131r. Antalya merkeze yirmi be\u015f kilometre kuzeybat\u0131da yer alan Karain Ma\u011faras\u0131, bir zamanlar seksen ki\u015filik bir toplulu\u011fa ev sahipli\u011fi yapm\u0131\u015f ve tarihinin Paleolitik \u00c7a\u011f\u2019a kadar uzand\u0131\u011f\u0131na dair kan\u0131tlar bulunmaktad\u0131r. Ma\u011fara, 1946 ile 1958 y\u0131llar\u0131 aras\u0131nda yap\u0131lan y\u00fczey ara\u015ft\u0131rmalar\u0131 s\u0131ras\u0131nda ke\u015ffedilmi\u015ftir. Ma\u011faradaki baz\u0131 nesneler bir milyon y\u0131l \u00f6ncesine tarihlenmi\u015ftir. B\u00f6lge, M.\u00d6. 1400\u2019lerden Hititlerin \u00e7\u00f6k\u00fc\u015f\u00fcne kadar Hitit \u0130mparatorlu\u011fu\u2019nun kontrol\u00fc alt\u0131ndayd\u0131, b\u00f6lgeye bir\u00e7ok ba\u011f\u0131ms\u0131z devlet kuruldu. M.\u00d6. 11. y\u00fczy\u0131ldan 8. y\u00fczy\u0131la kadar \u00f6nce Lidyal\u0131lar, sonra Persler b\u00f6lgeye h\u00fckmetti. M.\u00d6. 4. y\u00fczy\u0131lda b\u00f6lgeyi fethetme s\u0131ras\u0131 B\u00fcy\u00fck \u0130skender\u2019e gelmi\u015ftir. \u00d6l\u00fcm\u00fcn\u00fc takiben d\u00f6nemde, generallerinin b\u00f6lge \u00fczerindeki kontrol m\u00fccadelesi nedeniyle eyalet birka\u00e7 kez el de\u011fi\u015ftirmi\u015ftir. Pergamon Kral\u0131 II. Attalos (M.\u00d6. 159-138), Pamfilya\u2019n\u0131n do\u011fal liman\u0131n\u0131, Antalya \u015fehrini ele ge\u00e7irerek g\u00fcn\u00fcm\u00fczdeki yerle\u015fim alan\u0131n\u0131n kontrol\u00fcn\u00fc \u00fcstlendi. \u015eehir onun ad\u0131ndan dolay\u0131 Attaleia olarak adland\u0131r\u0131ld\u0131. M.\u00d6. 67 y\u0131l\u0131nda \u015fehir Roma topraklar\u0131na kat\u0131ld\u0131 ve Roma y\u00f6netimi alt\u0131nda refaha kavu\u015ftu. \u015eehir, Hristiyanl\u0131\u011f\u0131n Anadolu topraklar\u0131na yay\u0131ld\u0131\u011f\u0131 bir merkez haline geldi. Ancak 7. y\u00fczy\u0131lda Araplar taraf\u0131ndan Anadolu ve Antalya b\u00f6lgesine s\u00fcrekli sald\u0131r\u0131lar yap\u0131ld\u0131. 652 y\u0131l\u0131nda Bizans donanmas\u0131, Antalya a\u00e7\u0131klar\u0131ndaki sularda Arap kuvvetlerine kar\u015f\u0131 b\u00fcy\u00fck bir deniz sava\u015f\u0131n\u0131 kaybetti. Antalya: Kum, G\u00fcne\u015f, Al\u0131\u015fveri\u015f ve K\u00fclt\u00fcr. Hadi e\u011flenelim! Antalya b\u00f6lgesinin \u0130slam ile sonraki bulu\u015fmas\u0131, 1085 y\u0131l\u0131nda \u015fehrin Sel\u00e7uklular taraf\u0131ndan ele ge\u00e7irilmesiyle ger\u00e7ekle\u015fti. \u015eehir, k\u00fc\u00e7\u00fck krall\u0131klar\u0131n y\u00f6neticileri aras\u0131nda el de\u011fi\u015ftirdi ve 1426 y\u0131l\u0131nda Osmanl\u0131lar\u0131n kontrol\u00fcne ge\u00e7ti. \u015eehrin son i\u015fgali 1919 ile 1921 y\u0131llar\u0131 aras\u0131nda \u0130talyan kuvvetleri taraf\u0131ndan yap\u0131ld\u0131. 5 Temmuz 1921\u2019de i\u015fgal sona erdi ve Antalya, gen\u00e7 T\u00fcrk Cumhuriyeti\u2019nin bir \u015fehri oldu. Uzun y\u0131llar boyunca \u015fehrin ekonomik faaliyetleri, a\u011f\u0131rl\u0131kl\u0131 olarak tar\u0131m alan\u0131nda meyve ve sebze yeti\u015ftiricili\u011fi ile bal\u0131k\u00e7\u0131l\u0131k ve denizcilik \u00fczerine kuruluydu. G\u00fcn\u00fcm\u00fczde ise T\u00fcrkiye\u2019nin ve Do\u011fu Akdeniz\u2019in en b\u00fcy\u00fck turizm merkezi haline gelmi\u015ftir. \u00d6zellikle k\u0131y\u0131ya paralel uzanan y\u00fcksek Toros Da\u011flar\u0131, merkezi Anadolu\u2019ya do\u011fal bir s\u0131n\u0131r olu\u015fturdu ve k\u0131\u015f aylar\u0131nda ge\u00e7ilemezdi. Bu co\u011frafya, daha b\u00fcy\u00fck bir devlet birli\u011finin olu\u015fmas\u0131n\u0131 engelledi; bunun yerine k\u0131y\u0131da, genellikle merkezi otorite taraf\u0131ndan kontrol edilen zengin \u015fehir devletleri kuruldu. Ayr\u0131ca, b\u00f6lgenin tar\u0131msal zenginli\u011fi ve do\u011fal limanlar\u0131, bir\u00e7ok yerle\u015fimciyi cezbetti. Bu nedenle b\u00f6lgede \u00e7ok say\u0131da medeniyet geli\u015fti ve tarih\u00ee miraslar\u0131n\u0131 b\u0131rakt\u0131. Antalya\u2019n\u0131n bat\u0131 kesiminde tarihin ilk b\u00fcy\u00fck konfederasyonlar\u0131ndan biri olan Likya Birli\u011fi kuruldu. Bir zamanlar b\u00f6lgedeki en g\u00fc\u00e7l\u00fc birli\u011fe sahip olan bu konfederasyonda \u00fcye devletler, devletlerin b\u00fcy\u00fckl\u00fc\u011f\u00fcne ve \u00f6nemine g\u00f6re bir, iki veya \u00fc\u00e7 oyla temsil ediliyordu. G\u00fcn\u00fcm\u00fcz Antalya\u2019s\u0131n\u0131n bat\u0131 ucundan ba\u015flay\u0131p Mu\u011fla ilindeki Fethiye\u2019ye kadar uzanan bu birlik, o d\u00f6nemler i\u00e7in \u00e7ok geni\u015f bir alan\u0131 kaps\u0131yordu. Do\u011fuda ise \u201cT\u00fcm Kabilelerin Topra\u011f\u0131\u201d olarak bilinen Pamfilya devleti yer al\u0131yordu. B\u00f6lge, denize do\u011fru dik yama\u00e7larla inen ve sadece s\u0131n\u0131rl\u0131 k\u0131y\u0131 ovalar\u0131na sahip olmas\u0131 nedeniyle uzun zamand\u0131r korsanlar\u0131 \u00e7ekiyordu. Korsanlar faaliyetlerini yaln\u0131zca ticaret gemilerini ele ge\u00e7irmek ve ya\u011fmalamakla s\u0131n\u0131rl\u0131 tutmay\u0131p, zaman zaman b\u00fct\u00fcn \u015fehirleri ele ge\u00e7irip y\u00f6netiyorlard\u0131. B\u00f6lgenin Hristiyanl\u0131\u011f\u0131n Anadolu\u2019ya ilk yay\u0131ld\u0131\u011f\u0131 yer oldu\u011funu daha \u00f6nce belirtmi\u015ftik. Erken Hristiyanl\u0131k d\u00f6nemine ait bir\u00e7ok kilise, \u015fapel ve di\u011fer yap\u0131lar \u00e7e\u015fitli tarih\u00ee alanlarda g\u00f6r\u00fclebilir. B\u00f6lgedeki m\u00fczelerde, Hristiyan \u00f6ncesi, Hristiyan ve \u0130slami eserlerden olu\u015fan geni\u015f bir koleksiyon bulunmaktad\u0131r. D\u00fcnyaca tan\u0131nan isimlerden biri olan Aziz Nikola, di\u011fer ad\u0131yla Noel Baba, Antalya b\u00f6lgesindendir. B\u00f6lgede ge\u00e7mi\u015ften g\u00fcn\u00fcm\u00fcze bir\u00e7ok mit, yerel efsane ve zengin bir tarih g\u00fcn\u00fcm\u00fcze ula\u015fm\u0131\u015ft\u0131r. Size Antalya\u2019da g\u00fczel bir tatil dileriz.<\/p>\n","protected":false},"author":4,"featured_media":0,"parent":2848,"menu_order":0,"comment_status":"closed","ping_status":"closed","template":"","meta":{"_joinchat":[],"footnotes":""},"class_list":["post-2880","page","type-page","status-publish","hentry"],"acf":[],"_links":{"self":[{"href":"https:\/\/medicaltravel.net\/tr\/wp-json\/wp\/v2\/pages\/2880","targetHints":{"allow":["GET"]}}],"collection":[{"href":"https:\/\/medicaltravel.net\/tr\/wp-json\/wp\/v2\/pages"}],"about":[{"href":"https:\/\/medicaltravel.net\/tr\/wp-json\/wp\/v2\/types\/page"}],"author":[{"embeddable":true,"href":"https:\/\/medicaltravel.net\/tr\/wp-json\/wp\/v2\/users\/4"}],"replies":[{"embeddable":true,"href":"https:\/\/medicaltravel.net\/tr\/wp-json\/wp\/v2\/comments?post=2880"}],"version-history":[{"count":3,"href":"https:\/\/medicaltravel.net\/tr\/wp-json\/wp\/v2\/pages\/2880\/revisions"}],"predecessor-version":[{"id":2883,"href":"https:\/\/medicaltravel.net\/tr\/wp-json\/wp\/v2\/pages\/2880\/revisions\/2883"}],"up":[{"embeddable":true,"href":"https:\/\/medicaltravel.net\/tr\/wp-json\/wp\/v2\/pages\/2848"}],"wp:attachment":[{"href":"https:\/\/medicaltravel.net\/tr\/wp-json\/wp\/v2\/media?parent=2880"}],"curies":[{"name":"wp","href":"https:\/\/api.w.org\/{rel}","templated":true}]}}