{"id":2884,"date":"2025-09-29T08:54:46","date_gmt":"2025-09-29T07:54:46","guid":{"rendered":"https:\/\/medicaltravel.net\/turkiyede-tedaviler\/operasyon-tarihleri-turkiye-tatilleri\/"},"modified":"2026-01-11T20:27:25","modified_gmt":"2026-01-11T19:27:25","slug":"operasyon-tarihleri-turkiye-tatilleri","status":"publish","type":"page","link":"https:\/\/medicaltravel.net\/tr\/turkiyede-tedaviler\/operasyon-tarihleri-turkiye-tatilleri\/","title":{"rendered":"Operasyon Tarihleri T\u00fcrkiye Tatilleri"},"content":{"rendered":"\t\t<div data-elementor-type=\"wp-page\" data-elementor-id=\"2884\" class=\"elementor elementor-2884 elementor-22\" data-elementor-post-type=\"page\">\n\t\t\t\t<div class=\"elementor-element elementor-element-66563eda e-flex e-con-boxed wpr-particle-no wpr-jarallax-no wpr-parallax-no wpr-sticky-section-no e-con e-parent\" data-id=\"66563eda\" data-element_type=\"container\" data-e-type=\"container\">\n\t\t\t\t\t<div class=\"e-con-inner\">\n\t\t<div class=\"elementor-element elementor-element-4ff3c8c e-con-full e-flex wpr-particle-no wpr-jarallax-no wpr-parallax-no wpr-sticky-section-no e-con e-child\" data-id=\"4ff3c8c\" data-element_type=\"container\" data-e-type=\"container\">\n\t\t\t\t<div class=\"elementor-element elementor-element-a1fbaad elementor-widget elementor-widget-button\" data-id=\"a1fbaad\" data-element_type=\"widget\" data-e-type=\"widget\" data-widget_type=\"button.default\">\n\t\t\t\t\t\t\t\t\t\t<a class=\"elementor-button elementor-button-link elementor-size-sm\" href=\"https:\/\/medicaltravel.net\/tr\/turkiyede-tedaviler\/tibbi-seyahat-tip-turizmi-saglik-turizmi-turkiye\/\">\n\t\t\t\t\t\t<span class=\"elementor-button-content-wrapper\">\n\t\t\t\t\t\t\t\t\t<span class=\"elementor-button-text\">Sa\u011fl\u0131k Turizmi<\/span>\n\t\t\t\t\t<\/span>\n\t\t\t\t\t<\/a>\n\t\t\t\t\t\t\t\t<\/div>\n\t\t\t\t<div class=\"elementor-element elementor-element-d4ce327 elementor-widget elementor-widget-button\" data-id=\"d4ce327\" data-element_type=\"widget\" data-e-type=\"widget\" data-widget_type=\"button.default\">\n\t\t\t\t\t\t\t\t\t\t<a class=\"elementor-button elementor-button-link elementor-size-sm\" href=\"https:\/\/medicaltravel.net\/tr\/turkiyede-tedaviler\/lazer-hakkinda-bilgiler\/\">\n\t\t\t\t\t\t<span class=\"elementor-button-content-wrapper\">\n\t\t\t\t\t\t\t\t\t<span class=\"elementor-button-text\">Lazer Hakk\u0131nda Bilgiler<\/span>\n\t\t\t\t\t<\/span>\n\t\t\t\t\t<\/a>\n\t\t\t\t\t\t\t\t<\/div>\n\t\t\t\t<div class=\"elementor-element elementor-element-0b34f8f elementor-widget elementor-widget-button\" data-id=\"0b34f8f\" data-element_type=\"widget\" data-e-type=\"widget\" data-widget_type=\"button.default\">\n\t\t\t\t\t\t\t\t\t\t<a class=\"elementor-button elementor-button-link elementor-size-sm\" href=\"https:\/\/medicaltravel.net\/tr\/turkiyede-tedaviler\/istanbuldaki-en-iyi-hastaneler-ve-kliniklerde-tibbi-tedaviler\/\">\n\t\t\t\t\t\t<span class=\"elementor-button-content-wrapper\">\n\t\t\t\t\t\t\t\t\t<span class=\"elementor-button-text\">\u015eehirler<\/span>\n\t\t\t\t\t<\/span>\n\t\t\t\t\t<\/a>\n\t\t\t\t\t\t\t\t<\/div>\n\t\t\t\t<div class=\"elementor-element elementor-element-f1241a5 elementor-widget elementor-widget-button\" data-id=\"f1241a5\" data-element_type=\"widget\" data-e-type=\"widget\" data-widget_type=\"button.default\">\n\t\t\t\t\t\t\t\t\t\t<a class=\"elementor-button elementor-button-link elementor-size-sm\" href=\"https:\/\/medicaltravel.net\/tr\/turkiyede-tedaviler\/operasyon-tarihleri-turkiye-tatilleri\/\">\n\t\t\t\t\t\t<span class=\"elementor-button-content-wrapper\">\n\t\t\t\t\t\t\t\t\t<span class=\"elementor-button-text\">Ameliyat Tarihleri<\/span>\n\t\t\t\t\t<\/span>\n\t\t\t\t\t<\/a>\n\t\t\t\t\t\t\t\t<\/div>\n\t\t\t\t<\/div>\n\t\t\t\t<div class=\"elementor-element elementor-element-11e188f5 elementor-widget elementor-widget-text-editor\" data-id=\"11e188f5\" data-element_type=\"widget\" data-e-type=\"widget\" data-widget_type=\"text-editor.default\">\n\t\t\t\t\t\t\t\t\t\n<h3 class=\"wp-block-heading\">Operasyon Tarihleri<\/h3>\n\n<p><strong>T\u00fcrkiye\u2019deki di\u015f tedavileriniz, estetik ameliyatlar\u0131n\u0131z, g\u00f6z operasyonlar\u0131n\u0131z, sa\u00e7 ekimi ve t\u00fcp bebek tedavileriniz i\u00e7in tarihler:<\/strong><\/p>\n\n<p>Tedavi ba\u015fvurular\u0131 Pazartesi ile Cumartesi g\u00fcnleri aras\u0131nda her g\u00fcn yap\u0131lmaktad\u0131r. Randevunuzu bizimle ileti\u015fime ge\u00e7erek planlayabilirsiniz. <\/p>\n\n<p>Seyahatinizi diledi\u011finiz gibi planlayabilirsiniz. Hastanelerimiz resmi olarak \u015fu g\u00fcnlerde kapal\u0131d\u0131r: <\/p>\n\n<p>Ocak: Yeni Y\u0131l<br>23 Nisan: Ulusal Egemenlik ve \u00c7ocuk Bayram\u0131<br>1 May\u0131s: \u0130\u015f\u00e7i Bayram\u0131<br>19 May\u0131s: Atat\u00fcrk\u2019\u00fc Anma, Gen\u00e7lik ve Spor Bayram\u0131<br>15 Temmuz: Demokrasi G\u00fcn\u00fc<br>Ramazan Bayram\u0131<br>Kurban Bayram\u0131<br>31 A\u011fustos: Zafer Bayram\u0131<br>29 Ekim: Cumhuriyet Bayram\u0131<\/p>\n\n<p>T\u00fcrkiye\u2019de Paskalya, Y\u00fckseli\u015f, Pentekost ve Noel g\u00fcnleri tatil de\u011fildir.<\/p>\n\n<p>Bize bu e-posta adresi \u00fczerinden <a href=\"mailto:info@medicaltravel.net\">info@medicaltravel.net<\/a> veya WhatsApp \u00fczerinden <a href=\"https:\/\/web.whatsapp.com\/send?phone=41%2078%20737%2035%2041&amp;text=&amp;source=&amp;data=\" target=\"_blank\" rel=\"noopener\">+41 78 737 35 41<\/a> numaras\u0131ndan ula\u015fabilirsiniz.<\/p>\n\n<p>MedicalTravel size \u201csa\u011fl\u0131k dolu\u201d bir g\u00fcn diler<\/p>\n\t\t\t\t\t\t\t\t<\/div>\n\t\t\t\t\t<\/div>\n\t\t\t\t<\/div>\n\t\t\t\t<\/div>\n\t\t","protected":false},"excerpt":{"rendered":"<p>Sa\u011fl\u0131k Turizmi Lazer Hakk\u0131nda Bilgiler \u015eehirler Ameliyat Tarihleri Operasyon Tarihleri T\u00fcrkiye\u2019deki di\u015f tedavileriniz, estetik ameliyatlar\u0131n\u0131z, g\u00f6z operasyonlar\u0131n\u0131z, sa\u00e7 ekimi ve t\u00fcp bebek tedavileriniz i\u00e7in tarihler: Tedavi ba\u015fvurular\u0131 Pazartesi ile Cumartesi g\u00fcnleri aras\u0131nda her g\u00fcn yap\u0131lmaktad\u0131r. Randevunuzu bizimle ileti\u015fime ge\u00e7erek planlayabilirsiniz. Seyahatinizi diledi\u011finiz gibi planlayabilirsiniz. Hastanelerimiz resmi olarak \u015fu g\u00fcnlerde kapal\u0131d\u0131r: Ocak: Yeni Y\u0131l23 Nisan: Ulusal Egemenlik ve \u00c7ocuk Bayram\u01311 May\u0131s: \u0130\u015f\u00e7i Bayram\u013119 May\u0131s: Atat\u00fcrk\u2019\u00fc Anma, Gen\u00e7lik ve Spor Bayram\u013115 Temmuz: Demokrasi G\u00fcn\u00fcRamazan Bayram\u0131Kurban Bayram\u013131 A\u011fustos: Zafer Bayram\u013129 Ekim: Cumhuriyet Bayram\u0131 T\u00fcrkiye\u2019de Paskalya, Y\u00fckseli\u015f, Pentekost ve Noel g\u00fcnleri tatil de\u011fildir. Bize bu e-posta adresi \u00fczerinden info@medicaltravel.net veya WhatsApp \u00fczerinden +41 78 737 35 41 numaras\u0131ndan ula\u015fabilirsiniz. MedicalTravel size \u201csa\u011fl\u0131k dolu\u201d bir g\u00fcn diler<\/p>\n","protected":false},"author":4,"featured_media":0,"parent":2848,"menu_order":0,"comment_status":"closed","ping_status":"closed","template":"","meta":{"_joinchat":[],"footnotes":""},"class_list":["post-2884","page","type-page","status-publish","hentry"],"acf":[],"_links":{"self":[{"href":"https:\/\/medicaltravel.net\/tr\/wp-json\/wp\/v2\/pages\/2884","targetHints":{"allow":["GET"]}}],"collection":[{"href":"https:\/\/medicaltravel.net\/tr\/wp-json\/wp\/v2\/pages"}],"about":[{"href":"https:\/\/medicaltravel.net\/tr\/wp-json\/wp\/v2\/types\/page"}],"author":[{"embeddable":true,"href":"https:\/\/medicaltravel.net\/tr\/wp-json\/wp\/v2\/users\/4"}],"replies":[{"embeddable":true,"href":"https:\/\/medicaltravel.net\/tr\/wp-json\/wp\/v2\/comments?post=2884"}],"version-history":[{"count":5,"href":"https:\/\/medicaltravel.net\/tr\/wp-json\/wp\/v2\/pages\/2884\/revisions"}],"predecessor-version":[{"id":2890,"href":"https:\/\/medicaltravel.net\/tr\/wp-json\/wp\/v2\/pages\/2884\/revisions\/2890"}],"up":[{"embeddable":true,"href":"https:\/\/medicaltravel.net\/tr\/wp-json\/wp\/v2\/pages\/2848"}],"wp:attachment":[{"href":"https:\/\/medicaltravel.net\/tr\/wp-json\/wp\/v2\/media?parent=2884"}],"curies":[{"name":"wp","href":"https:\/\/api.w.org\/{rel}","templated":true}]}}