{"id":2892,"date":"2025-09-29T09:48:24","date_gmt":"2025-09-29T08:48:24","guid":{"rendered":"https:\/\/medicaltravel.net\/karin-germe\/"},"modified":"2026-01-11T20:34:07","modified_gmt":"2026-01-11T19:34:07","slug":"karin-germe","status":"publish","type":"page","link":"https:\/\/medicaltravel.net\/tr\/karin-germe\/","title":{"rendered":"Kar\u0131n Germe"},"content":{"rendered":"\t\t<div data-elementor-type=\"wp-page\" data-elementor-id=\"2892\" class=\"elementor elementor-2892 elementor-87\" data-elementor-post-type=\"page\">\n\t\t\t\t<div class=\"elementor-element elementor-element-407d798a e-flex e-con-boxed wpr-particle-no wpr-jarallax-no wpr-parallax-no wpr-sticky-section-no e-con e-parent\" data-id=\"407d798a\" data-element_type=\"container\" data-e-type=\"container\">\n\t\t\t\t\t<div class=\"e-con-inner\">\n\t\t<div class=\"elementor-element elementor-element-44f9c8a e-con-full e-flex wpr-particle-no wpr-jarallax-no wpr-parallax-no wpr-sticky-section-no e-con e-child\" data-id=\"44f9c8a\" data-element_type=\"container\" data-e-type=\"container\">\n\t\t\t\t<div class=\"elementor-element elementor-element-f31c3eb elementor-widget elementor-widget-button\" data-id=\"f31c3eb\" data-element_type=\"widget\" data-e-type=\"widget\" data-widget_type=\"button.default\">\n\t\t\t\t\t\t\t\t\t\t<a class=\"elementor-button elementor-button-link elementor-size-sm\" href=\"https:\/\/medicaltravel.net\/tr\/meme-ameliyatlari\/\">\n\t\t\t\t\t\t<span class=\"elementor-button-content-wrapper\">\n\t\t\t\t\t\t\t\t\t<span class=\"elementor-button-text\">Meme Ameliyatlar\u0131<\/span>\n\t\t\t\t\t<\/span>\n\t\t\t\t\t<\/a>\n\t\t\t\t\t\t\t\t<\/div>\n\t\t\t\t<div class=\"elementor-element elementor-element-7ca3e99 elementor-widget elementor-widget-button\" data-id=\"7ca3e99\" data-element_type=\"widget\" data-e-type=\"widget\" data-widget_type=\"button.default\">\n\t\t\t\t\t\t\t\t\t\t<a class=\"elementor-button elementor-button-link elementor-size-sm\" href=\"https:\/\/medicaltravel.net\/tr\/liposuction-yag-aldirma\/\">\n\t\t\t\t\t\t<span class=\"elementor-button-content-wrapper\">\n\t\t\t\t\t\t\t\t\t<span class=\"elementor-button-text\">Liposuction \u2013 Ya\u011f Ald\u0131rma<\/span>\n\t\t\t\t\t<\/span>\n\t\t\t\t\t<\/a>\n\t\t\t\t\t\t\t\t<\/div>\n\t\t\t\t<div class=\"elementor-element elementor-element-adb08e4 elementor-widget elementor-widget-button\" data-id=\"adb08e4\" data-element_type=\"widget\" data-e-type=\"widget\" data-widget_type=\"button.default\">\n\t\t\t\t\t\t\t\t\t\t<a class=\"elementor-button elementor-button-link elementor-size-sm\" href=\"https:\/\/medicaltravel.net\/tr\/karin-germe\/\">\n\t\t\t\t\t\t<span class=\"elementor-button-content-wrapper\">\n\t\t\t\t\t\t\t\t\t<span class=\"elementor-button-text\">Kar\u0131n Germe<\/span>\n\t\t\t\t\t<\/span>\n\t\t\t\t\t<\/a>\n\t\t\t\t\t\t\t\t<\/div>\n\t\t\t\t<div class=\"elementor-element elementor-element-f0e7184 elementor-widget elementor-widget-button\" data-id=\"f0e7184\" data-element_type=\"widget\" data-e-type=\"widget\" data-widget_type=\"button.default\">\n\t\t\t\t\t\t\t\t\t\t<a class=\"elementor-button elementor-button-link elementor-size-sm\" href=\"https:\/\/medicaltravel.net\/tr\/goz-kapagi-duzeltme\/\">\n\t\t\t\t\t\t<span class=\"elementor-button-content-wrapper\">\n\t\t\t\t\t\t\t\t\t<span class=\"elementor-button-text\">G\u00f6z Kapa\u011f\u0131 D\u00fczeltme<\/span>\n\t\t\t\t\t<\/span>\n\t\t\t\t\t<\/a>\n\t\t\t\t\t\t\t\t<\/div>\n\t\t\t\t<div class=\"elementor-element elementor-element-5fc1b60 elementor-widget elementor-widget-button\" data-id=\"5fc1b60\" data-element_type=\"widget\" data-e-type=\"widget\" data-widget_type=\"button.default\">\n\t\t\t\t\t\t\t\t\t\t<a class=\"elementor-button elementor-button-link elementor-size-sm\" href=\"https:\/\/medicaltravel.net\/tr\/burun-estetigi\/\">\n\t\t\t\t\t\t<span class=\"elementor-button-content-wrapper\">\n\t\t\t\t\t\t\t\t\t<span class=\"elementor-button-text\">Burun D\u00fczeltme<\/span>\n\t\t\t\t\t<\/span>\n\t\t\t\t\t<\/a>\n\t\t\t\t\t\t\t\t<\/div>\n\t\t\t\t<div class=\"elementor-element elementor-element-b410e63 elementor-widget elementor-widget-button\" data-id=\"b410e63\" data-element_type=\"widget\" data-e-type=\"widget\" data-widget_type=\"button.default\">\n\t\t\t\t\t\t\t\t\t\t<a class=\"elementor-button elementor-button-link elementor-size-sm\" href=\"https:\/\/medicaltravel.net\/tr\/yuz-germe\/\">\n\t\t\t\t\t\t<span class=\"elementor-button-content-wrapper\">\n\t\t\t\t\t\t\t\t\t<span class=\"elementor-button-text\">Y\u00fcz Germe<\/span>\n\t\t\t\t\t<\/span>\n\t\t\t\t\t<\/a>\n\t\t\t\t\t\t\t\t<\/div>\n\t\t\t\t<div class=\"elementor-element elementor-element-198d15e elementor-widget elementor-widget-button\" data-id=\"198d15e\" data-element_type=\"widget\" data-e-type=\"widget\" data-widget_type=\"button.default\">\n\t\t\t\t\t\t\t\t\t\t<a class=\"elementor-button elementor-button-link elementor-size-sm\" href=\"https:\/\/medicaltravel.net\/tr\/kulak-duzeltme\/\">\n\t\t\t\t\t\t<span class=\"elementor-button-content-wrapper\">\n\t\t\t\t\t\t\t\t\t<span class=\"elementor-button-text\">Kulak D\u00fczeltme<\/span>\n\t\t\t\t\t<\/span>\n\t\t\t\t\t<\/a>\n\t\t\t\t\t\t\t\t<\/div>\n\t\t\t\t<div class=\"elementor-element elementor-element-c1732ed elementor-widget elementor-widget-button\" data-id=\"c1732ed\" data-element_type=\"widget\" data-e-type=\"widget\" data-widget_type=\"button.default\">\n\t\t\t\t\t\t\t\t\t\t<a class=\"elementor-button elementor-button-link elementor-size-sm\" href=\"https:\/\/medicaltravel.net\/tr\/vucut-germe\/\">\n\t\t\t\t\t\t<span class=\"elementor-button-content-wrapper\">\n\t\t\t\t\t\t\t\t\t<span class=\"elementor-button-text\">V\u00fccut germe<\/span>\n\t\t\t\t\t<\/span>\n\t\t\t\t\t<\/a>\n\t\t\t\t\t\t\t\t<\/div>\n\t\t\t\t<\/div>\n\t\t\t\t<div class=\"elementor-element elementor-element-4e310dc0 elementor-widget elementor-widget-text-editor\" data-id=\"4e310dc0\" data-element_type=\"widget\" data-e-type=\"widget\" data-widget_type=\"text-editor.default\">\n\t\t\t\t\t\t\t\t\t\n<h3 class=\"wp-block-heading\">KARIN GERME<\/h3>\n\n<h3 class=\"wp-block-heading\">Abdominoplasti \u2013 kar\u0131n germe<\/h3>\n\n<p>Kar\u0131n, bir\u00e7ok kad\u0131n ve erkek i\u00e7in en problemli b\u00f6lgedir. Herkes gururla g\u00f6sterebilece\u011fi d\u00fcz bir karna sahip olmak ister. <\/p>\n\n<p>Diyetler veya birden fazla ameliyat kar\u0131n\u0131n sark\u0131k g\u00f6r\u00fcnmesine neden olur ve bu nedenle cilt \u00f6nceki esnekli\u011fini geri kazanamaz. Diyet kilo vermenize yard\u0131mc\u0131 olur ancak cilt fazlas\u0131 kal\u0131r. <\/p>\n\n<p>Abdominoplasti, kar\u0131n b\u00f6lgesine uygulanan cerrahi bir operasyondur ve b\u00f6ylece fazla deri ve dokular \u00e7\u0131kar\u0131l\u0131r. Bu uygulama ile yeni, ince ve fit bir v\u00fccut g\u00f6r\u00fcn\u00fcm\u00fcne sahip olabilirsiniz. <\/p>\n\n<p><em><strong>Ameliyat \u00d6ncesi D\u00f6nem<\/strong><\/em><\/p>\n\n<p>Abdominoplasti ameliyat\u0131ndan en az 7 g\u00fcn \u00f6nce aspirin veya uyku ilac\u0131 almamal\u0131 ve alkol t\u00fcketiminden ka\u00e7\u0131nmal\u0131s\u0131n\u0131z. Aspirin ve di\u011fer a\u011fr\u0131 kesiciler, kan\u0131n p\u0131ht\u0131la\u015fma s\u00fcresini uzat\u0131r ve bu da istenmeyen kanamalara yol a\u00e7abilir. <\/p>\n\n<p>Sigara i\u00e7enler, iyile\u015fme s\u00fcrecini riske atmamak i\u00e7in ameliyattan 4 hafta \u00f6nce her t\u00fcrl\u00fc nikotin t\u00fcketimini durdurmal\u0131 veya en aza indirmelidir.<\/p>\n\n<p><em><strong>Ameliyat\u0131n Seyri<\/strong><\/em><\/p>\n\n<p>Abdominoplasti ameliyatlar\u0131 tamamen anestezi alt\u0131nda yap\u0131l\u0131r. Ameliyat sonras\u0131 hastanede bir veya iki g\u00fcn kalman\u0131z gerekmektedir. <\/p>\n\n<p>Fazla dokuyu \u00e7\u0131karmak i\u00e7in bikini \u00e7izgisi boyunca uzun bir kesi yap\u0131l\u0131r. \u0130lerleyen d\u00f6nemde bu iz, bikini veya mayo ile gizlenebilir. <\/p>\n\n<figure class=\"wp-block-image size-full\"><img decoding=\"async\" width=\"155\" height=\"233\" class=\"wp-image-247\" src=\"https:\/\/medicaltravel.net\/wp-content\/uploads\/2025\/09\/csm_Fotolia_49789347_L_Bauch_7303674677.jpg\" alt=\"\"><\/figure>\n\n<p id=\"caption-attachment-538\">Kar\u0131n germe ameliyatlar\u0131 yaln\u0131zca \u00e7ok deneyimli doktorlar taraf\u0131ndan yap\u0131lmal\u0131d\u0131r.<\/p>\n\n<p>Cilt, alt\u0131ndaki kaslardan ayr\u0131l\u0131r ve durumuna ba\u011fl\u0131 olarak fazla cilt kar\u0131n duvar\u0131n\u0131 kald\u0131rmak i\u00e7in kullan\u0131labilir. Bununla birlikte, ek ya\u011f dokusu da vakum y\u00f6ntemiyle al\u0131nabilir. <\/p>\n\n<p>Abdominoplasti uygulamas\u0131nda kar\u0131n derisi tamamen a\u015fa\u011f\u0131 do\u011fru \u00e7ekilir ve bu nedenle g\u00f6bek deli\u011fi ameliyat s\u0131ras\u0131nda yukar\u0131 kald\u0131r\u0131lmak zorundad\u0131r. Ameliyat tamamland\u0131ktan sonra yara dikilir ve ameliyat sonras\u0131 ilk g\u00fcnlerde koruma sa\u011flamak i\u00e7in bandaj uygulan\u0131r. Hasta h\u00e2l\u00e2 narkoz alt\u0131ndayken, s\u0131k\u0131\u015ft\u0131r\u0131c\u0131 i\u00e7 \u00e7ama\u015f\u0131r\u0131 giydirilir.  <\/p>\n\n<p><em><strong>Ameliyat Sonras\u0131 D\u00f6nem<\/strong><\/em><\/p>\n\n<p>Diki\u015fler ameliyattan iki hafta sonra al\u0131n\u0131r, ancak s\u0131k\u0131\u015ft\u0131r\u0131c\u0131 i\u00e7 \u00e7ama\u015f\u0131r\u0131 yakla\u015f\u0131k d\u00f6rt ila alt\u0131 hafta boyunca giyilmelidir.<\/p>\n\n<p>Nihai sonu\u00e7lar ancak birka\u00e7 ay sonra g\u00f6r\u00fclebilir.<\/p>\n\n<p><em><strong>Avantajlar\u0131n\u0131z<\/strong><\/em><\/p>\n\n<p>Abdominoplasti size daha ince ve fit bir v\u00fccut g\u00f6r\u00fcn\u00fcm\u00fc kazand\u0131r\u0131r.<\/p>\n\t\t\t\t\t\t\t\t<\/div>\n\t\t\t\t\t<\/div>\n\t\t\t\t<\/div>\n\t\t\t\t<\/div>\n\t\t","protected":false},"excerpt":{"rendered":"<p>Meme Ameliyatlar\u0131 Liposuction \u2013 Ya\u011f Ald\u0131rma Kar\u0131n Germe G\u00f6z Kapa\u011f\u0131 D\u00fczeltme Burun D\u00fczeltme Y\u00fcz Germe Kulak D\u00fczeltme V\u00fccut germe KARIN GERME Abdominoplasti \u2013 kar\u0131n germe Kar\u0131n, bir\u00e7ok kad\u0131n ve erkek i\u00e7in en problemli b\u00f6lgedir. Herkes gururla g\u00f6sterebilece\u011fi d\u00fcz bir karna sahip olmak ister. Diyetler veya birden fazla ameliyat kar\u0131n\u0131n sark\u0131k g\u00f6r\u00fcnmesine neden olur ve bu nedenle cilt \u00f6nceki esnekli\u011fini geri kazanamaz. Diyet kilo vermenize yard\u0131mc\u0131 olur ancak cilt fazlas\u0131 kal\u0131r. Abdominoplasti, kar\u0131n b\u00f6lgesine uygulanan cerrahi bir operasyondur ve b\u00f6ylece fazla deri ve dokular \u00e7\u0131kar\u0131l\u0131r. Bu uygulama ile yeni, ince ve fit bir v\u00fccut g\u00f6r\u00fcn\u00fcm\u00fcne sahip olabilirsiniz. Ameliyat \u00d6ncesi D\u00f6nem Abdominoplasti ameliyat\u0131ndan en az 7 g\u00fcn \u00f6nce aspirin veya uyku ilac\u0131 almamal\u0131 ve alkol t\u00fcketiminden ka\u00e7\u0131nmal\u0131s\u0131n\u0131z. Aspirin ve di\u011fer a\u011fr\u0131 kesiciler, kan\u0131n p\u0131ht\u0131la\u015fma s\u00fcresini uzat\u0131r ve bu da istenmeyen kanamalara yol a\u00e7abilir. Sigara i\u00e7enler, iyile\u015fme s\u00fcrecini riske atmamak i\u00e7in ameliyattan 4 hafta \u00f6nce her t\u00fcrl\u00fc nikotin t\u00fcketimini durdurmal\u0131 veya en aza indirmelidir. Ameliyat\u0131n Seyri Abdominoplasti ameliyatlar\u0131 tamamen anestezi alt\u0131nda yap\u0131l\u0131r. Ameliyat sonras\u0131 hastanede bir veya iki g\u00fcn kalman\u0131z gerekmektedir. Fazla dokuyu \u00e7\u0131karmak i\u00e7in bikini \u00e7izgisi boyunca uzun bir kesi yap\u0131l\u0131r. \u0130lerleyen d\u00f6nemde bu iz, bikini veya mayo ile gizlenebilir. Kar\u0131n germe ameliyatlar\u0131 yaln\u0131zca \u00e7ok deneyimli doktorlar taraf\u0131ndan yap\u0131lmal\u0131d\u0131r. Cilt, alt\u0131ndaki kaslardan ayr\u0131l\u0131r ve durumuna ba\u011fl\u0131 olarak fazla cilt kar\u0131n duvar\u0131n\u0131 kald\u0131rmak i\u00e7in kullan\u0131labilir. Bununla birlikte, ek ya\u011f dokusu da vakum y\u00f6ntemiyle al\u0131nabilir. Abdominoplasti uygulamas\u0131nda kar\u0131n derisi tamamen a\u015fa\u011f\u0131 do\u011fru \u00e7ekilir ve bu nedenle g\u00f6bek deli\u011fi ameliyat s\u0131ras\u0131nda yukar\u0131 kald\u0131r\u0131lmak zorundad\u0131r. Ameliyat tamamland\u0131ktan sonra yara dikilir ve ameliyat sonras\u0131 ilk g\u00fcnlerde koruma sa\u011flamak i\u00e7in bandaj uygulan\u0131r. Hasta h\u00e2l\u00e2 narkoz alt\u0131ndayken, s\u0131k\u0131\u015ft\u0131r\u0131c\u0131 i\u00e7 \u00e7ama\u015f\u0131r\u0131 giydirilir. Ameliyat Sonras\u0131 D\u00f6nem Diki\u015fler ameliyattan iki hafta sonra al\u0131n\u0131r, ancak s\u0131k\u0131\u015ft\u0131r\u0131c\u0131 i\u00e7 \u00e7ama\u015f\u0131r\u0131 yakla\u015f\u0131k d\u00f6rt ila alt\u0131 hafta boyunca giyilmelidir. Nihai sonu\u00e7lar ancak birka\u00e7 ay sonra g\u00f6r\u00fclebilir. Avantajlar\u0131n\u0131z Abdominoplasti size daha ince ve fit bir v\u00fccut g\u00f6r\u00fcn\u00fcm\u00fc kazand\u0131r\u0131r.<\/p>\n","protected":false},"author":4,"featured_media":0,"parent":0,"menu_order":0,"comment_status":"closed","ping_status":"closed","template":"","meta":{"_joinchat":[],"footnotes":""},"class_list":["post-2892","page","type-page","status-publish","hentry"],"acf":[],"_links":{"self":[{"href":"https:\/\/medicaltravel.net\/tr\/wp-json\/wp\/v2\/pages\/2892","targetHints":{"allow":["GET"]}}],"collection":[{"href":"https:\/\/medicaltravel.net\/tr\/wp-json\/wp\/v2\/pages"}],"about":[{"href":"https:\/\/medicaltravel.net\/tr\/wp-json\/wp\/v2\/types\/page"}],"author":[{"embeddable":true,"href":"https:\/\/medicaltravel.net\/tr\/wp-json\/wp\/v2\/users\/4"}],"replies":[{"embeddable":true,"href":"https:\/\/medicaltravel.net\/tr\/wp-json\/wp\/v2\/comments?post=2892"}],"version-history":[{"count":3,"href":"https:\/\/medicaltravel.net\/tr\/wp-json\/wp\/v2\/pages\/2892\/revisions"}],"predecessor-version":[{"id":2895,"href":"https:\/\/medicaltravel.net\/tr\/wp-json\/wp\/v2\/pages\/2892\/revisions\/2895"}],"wp:attachment":[{"href":"https:\/\/medicaltravel.net\/tr\/wp-json\/wp\/v2\/media?parent=2892"}],"curies":[{"name":"wp","href":"https:\/\/api.w.org\/{rel}","templated":true}]}}