{"id":3168,"date":"2025-09-29T08:59:49","date_gmt":"2025-09-29T07:59:49","guid":{"rendered":"https:\/\/medicaltravel.net\/istanbul-turkiyede-kok-hucre-tedavisi-terapisi\/"},"modified":"2026-01-11T23:36:32","modified_gmt":"2026-01-11T22:36:32","slug":"istanbul-turkiyede-kok-hucre-tedavisi-terapisi","status":"publish","type":"page","link":"https:\/\/medicaltravel.net\/tr\/istanbul-turkiyede-kok-hucre-tedavisi-terapisi\/","title":{"rendered":"\u0130stanbul T\u00fcrkiye\u2019de K\u00f6k H\u00fccre Tedavisi Terapisi"},"content":{"rendered":"\t\t<div data-elementor-type=\"wp-page\" data-elementor-id=\"3168\" class=\"elementor elementor-3168 elementor-24\" data-elementor-post-type=\"page\">\n\t\t\t\t<div class=\"elementor-element elementor-element-4c57db4f e-flex e-con-boxed wpr-particle-no wpr-jarallax-no wpr-parallax-no wpr-sticky-section-no e-con e-parent\" data-id=\"4c57db4f\" data-element_type=\"container\" data-e-type=\"container\">\n\t\t\t\t\t<div class=\"e-con-inner\">\n\t\t\t\t<div class=\"elementor-element elementor-element-a6eaa61 elementor-widget elementor-widget-text-editor\" data-id=\"a6eaa61\" data-element_type=\"widget\" data-e-type=\"widget\" data-widget_type=\"text-editor.default\">\n\t\t\t\t\t\t\t\t\t<h3 class=\"wp-block-heading\">\u0130STANBUL-T\u00dcRK\u0130YE\u2019DE K\u00d6K H\u00dcCRE TEDAV\u0130LER\u0130<\/h3>\n<p>G\u00fcn\u00fcm\u00fczde modern t\u0131bb\u0131n en \u00f6nemli tedavi se\u00e7eneklerinden biri olma yolunda \u015fa\u015f\u0131rt\u0131c\u0131 geli\u015fmelerin ya\u015fand\u0131\u011f\u0131 \u201cK\u00f6k H\u00fccre\u201d alan\u0131nda, Liv Hospital Rejeneratif T\u0131p K\u00f6k H\u00fccre Merkezi, T\u00fcrkiye\u2019de bir ilk olarak <a href=\"https:\/\/medicaltravel.net\/tr\/liv-hospital\/\" data-type=\"page\" data-id=\"105\">Liv Hospital<\/a> \u00e7at\u0131s\u0131 alt\u0131nda, h\u00fccresel tedavi i\u00e7in ki\u015fiye \u00f6zel h\u00fccreler ve k\u00f6k h\u00fccrelerin uluslararas\u0131 standartlarda hastane ko\u015fullar\u0131nda \u00fcretilebildi\u011fi bir hizmet sunmaktad\u0131r.<\/p>\n<p>T\u00fcm t\u0131p dallar\u0131n\u0131 kurumsal olarak kapsayan bu alanda disiplinler aras\u0131 i\u015f birli\u011finin \u00f6nemine inanan hastane, \u00fclkemizde bu alanda evrensel bilime \u00f6nemli katk\u0131larda bulunan bilim insanlar\u0131 ve hekimlerle yola \u00e7\u0131karak, gelecekte hastalar\u0131m\u0131za bilimsel ve etik kurallar \u00e7er\u00e7evesinde h\u00fccre-k\u00f6k h\u00fccre, h\u00fccre-doku m\u00fchendisli\u011fi \u00fcr\u00fcnleri ve onayl\u0131 gen tedavi se\u00e7eneklerini sunmay\u0131 hedeflemektedir.<\/p>\n<figure class=\"wp-block-image size-large\"><img fetchpriority=\"high\" decoding=\"async\" width=\"1024\" height=\"661\" class=\"wp-image-165\" src=\"https:\/\/medicaltravel.net\/wp-content\/uploads\/2025\/09\/Fotolia_139857590__Stem_cell_L_klein-1-1024x661.jpg\" alt=\"\" srcset=\"https:\/\/medicaltravel.net\/wp-content\/uploads\/2025\/09\/Fotolia_139857590__Stem_cell_L_klein-1-1024x661.jpg 1024w, https:\/\/medicaltravel.net\/wp-content\/uploads\/2025\/09\/Fotolia_139857590__Stem_cell_L_klein-1-300x194.jpg 300w, https:\/\/medicaltravel.net\/wp-content\/uploads\/2025\/09\/Fotolia_139857590__Stem_cell_L_klein-1-768x496.jpg 768w, https:\/\/medicaltravel.net\/wp-content\/uploads\/2025\/09\/Fotolia_139857590__Stem_cell_L_klein-1.jpg 1197w\" sizes=\"(max-width: 1024px) 100vw, 1024px\" \/>\n<figcaption class=\"wp-element-caption\">Biyokimya ve farmas\u00f6tik ara\u015ft\u0131rma konsepti arka plan\u0131 3B ill\u00fcstrasyon<\/figcaption>\n<\/figure>\n<p id=\"caption-attachment-1769\">K\u00f6k H\u00fccre Tedavisi \u0130stanbul T\u00fcrkiye<\/p>\n<p><strong>K\u00d6K H\u00dcCRE TEDAV\u0130LER\u0130YLE EN \u00c7OK HANG\u0130 HASTALIKLAR TEDAV\u0130 ED\u0130LEB\u0130L\u0130R?<\/strong><\/p>\n<ul class=\"wp-block-list\"><li>Periferik arter hastal\u0131klar\u0131 (\u00f6rne\u011fin Buerger hastal\u0131\u011f\u0131)<\/li>\n<li><strong>Kronik kritik uzuv iskemisi ve ayak \u00fclserleri<\/strong><\/li>\n<li>K\u0131k\u0131rdak dejenerasyonlar\u0131<\/li>\n<li><strong>Yumu\u015fak doku yaras\u0131 tedavisi<\/strong><\/li>\n<li>Estetik cerrahi i\u015flemleri, cerrahi yara iyile\u015fmesi<\/li>\n<li><strong>Rekonstr\u00fcktif cerrahiler (Meme rekonstr\u00fcksiyonu)<\/strong><\/li>\n<li>\u0130mm\u00fcnoterapi gerektiren destekleyici tedaviler (\u00f6rne\u011fin nakil kar\u015f\u0131t\u0131 hastal\u0131k)<\/li>\n<li><strong>Tendon onar\u0131m\u0131<\/strong><\/li>\n<li>Yara izi ve yan\u0131k tedavisi<\/li>\n<li><strong>Covid-19 pn\u00f6monisi<\/strong><\/li>\n<li>\u0130diyopatik Pulmoner Fibroz (IPF)<\/li>\n<li><strong>Kronik Obstr\u00fcktif Akci\u011fer Hastal\u0131\u011f\u0131<\/strong><\/li>\n<li>Hastal\u0131k (KOAH)<\/li>\n<li><strong>Diyabetik ayak yaralanmalar\u0131<\/strong><\/li>\n<li>Periferik Arter Hastal\u0131\u011f\u0131<\/li>\n<li><strong>Omurilik Yaralanmas\u0131<\/strong><\/li>\n<li>Serebral Palsi (SP)<\/li>\n<li><strong>Travmatik Beyin Yaralanmas\u0131 (TBY)<\/strong><\/li>\n<li>Hipoksik-\u0130skemik Ensefalopati (HIE)<\/li>\n<li><strong>Spinosebellar Ataksi (SCA)<\/strong><\/li>\n<li>Friedreich Ataksisi (FA)<\/li>\n<li><strong>Duchenne Kas Distrofisi (DMD)<\/strong><\/li>\n<li>Kistik Fibroz (CF)<\/li>\n<li><strong>\u0130skemik kalp hastal\u0131klar\u0131n\u0131n tedavisi<\/strong><\/li>\n<li>Autoimmune Encephalitis (OE)<\/li>\n<li><strong>Miyoshi Miyopatisi Ekstremite Ku\u015fa\u011f\u0131<\/strong><\/li>\n<li>Kas Distrofisi (LGMD)<\/li>\n<li><strong>Otizm Spektrum Bozuklu\u011fu (OSB)<\/strong><\/li>\n<li>Multipl Skleroz (MS)<\/li>\n<li><strong>Fel\u00e7<\/strong><\/li>\n<li>Do\u011fu\u015ftan \u0130lerleyici Miyopati<\/li>\n<li><strong>Optik atrofi<\/strong><\/li>\n<li>Retinitis Pigmentosa (RP)<\/li>\n<li><strong>Erektil disfonksiyon<\/strong><\/li>\n<li>Yumurtal\u0131k yetmezli\u011fi<\/li>\n<li><strong>Skleroderma (Sistemik skleroz)<\/strong><\/li>\n<li>Crohn hastal\u0131\u011f\u0131<\/li>\n<li><strong>K\u0131sa ba\u011f\u0131rsak sendromu<\/strong><\/li>\n<\/ul>\n<ul class=\"wp-block-list\"><li>K\u00f6k h\u00fccreler nedir?<\/li>\n<\/ul>\n<p>Farkl\u0131 h\u00fccre tiplerine d\u00f6n\u00fc\u015fme ve kendilerini yenileme potansiyeline sahip h\u00fccrelere \u201ck\u00f6k h\u00fccre\u201d denir. K\u00f6k h\u00fccrelerin iki \u00f6nemli \u00f6zelli\u011fi vard\u0131r; Birincisi, bu h\u00fccreler uzun s\u00fcreler boyunca b\u00f6l\u00fcnerek kendilerini yenileyebilirler, tek bir k\u00f6k h\u00fccreden milyonlarca h\u00fccre olu\u015fabilir. \u0130kincisi, bir k\u00f6k h\u00fccre, kalp kas\u0131 gibi v\u00fccutta kan pompalamak i\u00e7in kom\u015fular\u0131yla birlikte \u00e7al\u0131\u015famaz, k\u0131rm\u0131z\u0131 kan h\u00fccreleri gibi dokulara oksijen ta\u015f\u0131yamaz veya sinir h\u00fccreleri gibi doku ve organlara gerekli elektrokimyasal sinyalleri iletemez. Bununla birlikte, uzmanla\u015fmam\u0131\u015f k\u00f6k h\u00fccreler, kalp kas\u0131 h\u00fccreleri, kan h\u00fccreleri veya sinir h\u00fccreleri gibi uzmanla\u015fm\u0131\u015f h\u00fccrelerden kaynaklanabilir.   <\/p>\n<ul class=\"wp-block-list\"><li>K\u00f6k h\u00fccreler nereden elde ediliyor?<\/li>\n<\/ul>\n<p>K\u00f6k h\u00fccreler teorik olarak bir\u00e7ok doku ve organdan elde edilebilse de, g\u00fcn\u00fcm\u00fczde tedavi ama\u00e7l\u0131 k\u00f6k h\u00fccre uygulamalar\u0131nda en yayg\u0131n kullan\u0131lan kaynaklar; kemik ili\u011fi, g\u00f6bek kordonu, eklem s\u0131v\u0131s\u0131 veya zar\u0131 ve g\u00f6bek ya\u011f dokusudur.<\/p>\n<ul class=\"wp-block-list\"><li>K\u00f6k h\u00fccreler laboratuvar ortam\u0131nda nas\u0131l \u00fcretilir?<\/li>\n<\/ul>\n<p>K\u00f6k h\u00fccreler, hastan\u0131n hastal\u0131\u011fa ba\u011fl\u0131 kendi dokusundan al\u0131nan (otolog) biyopsi \u00f6rne\u011fi kullan\u0131larak laboratuvarda \u00fcretilir. \u00d6ncelikle, bu biyopsi \u00f6rne\u011finden ilgili h\u00fccreler izole edilir ve uygun ko\u015fullar alt\u0131nda s\u00fcrekli beslenerek ve ayr\u0131nt\u0131l\u0131 kontrollerden ge\u00e7irilerek \u00e7o\u011falt\u0131l\u0131r. Di\u011fer bir y\u00f6ntem ise, \u00f6rne\u011fin yeni do\u011fmu\u015f bir bebe\u011fin g\u00f6bek kordonundan al\u0131nan h\u00fccrelerin, GMP ko\u015fullar\u0131 alt\u0131nda k\u00fclt\u00fcrlenmesi ve \u00e7o\u011falt\u0131lmas\u0131 yoluyla ba\u015fka bir don\u00f6rden (allojenik) h\u00fccre \u00fcretimidir.  <\/p>\n<ul class=\"wp-block-list\"><li>K\u00f6k h\u00fccre tedavisi bug\u00fcne kadar ne kadar yayg\u0131n?<\/li>\n<\/ul>\n<p>K\u00f6k h\u00fccre tedavileri yakla\u015f\u0131k 20 y\u0131ld\u0131r d\u00fcnya \u00e7ap\u0131nda denenmekte olup, \u00f6zellikle son y\u0131llarda yayg\u0131nla\u015fmaya ba\u015flam\u0131\u015ft\u0131r. Bununla birlikte, bu t\u00fcr tedaviler \u0130stanbul&#8217;daki Live Hastanesi gibi lisansl\u0131 ve sertifikal\u0131 merkezlerde \u00fcretilen h\u00fccresel \u00fcr\u00fcnlerle uygulanabilmektedir. <\/p>\n<ul class=\"wp-block-list\"><li>K\u00f6k h\u00fccre tedavilerinin ya\u015f s\u0131n\u0131rlar\u0131 nelerdir?<\/li>\n<\/ul>\n<p>K\u00f6k h\u00fccre tedavileri genellikle hastan\u0131n ya\u015f\u0131na, hastal\u0131\u011f\u0131na ve klinik durumuna g\u00f6re de\u011ferlendirilir. T\u00fcm fakt\u00f6rlerin birlikte de\u011ferlendirilmesi gereklidir. <\/p>\n<ul class=\"wp-block-list\"><li>Tedavileri sunan doktor kim?<\/li>\n<\/ul>\n<figure class=\"wp-block-image size-full\"><img decoding=\"async\" width=\"768\" height=\"768\" class=\"wp-image-166\" src=\"https:\/\/medicaltravel.net\/wp-content\/uploads\/2025\/09\/Prof_Dr_Erdal_Karaoz_Stemcell-768x768-1.jpeg\" alt=\"\" srcset=\"https:\/\/medicaltravel.net\/wp-content\/uploads\/2025\/09\/Prof_Dr_Erdal_Karaoz_Stemcell-768x768-1.jpeg 768w, https:\/\/medicaltravel.net\/wp-content\/uploads\/2025\/09\/Prof_Dr_Erdal_Karaoz_Stemcell-768x768-1-300x300.jpeg 300w, https:\/\/medicaltravel.net\/wp-content\/uploads\/2025\/09\/Prof_Dr_Erdal_Karaoz_Stemcell-768x768-1-150x150.jpeg 150w\" sizes=\"(max-width: 768px) 100vw, 768px\" \/><\/figure>\n<p id=\"caption-attachment-1774\">Prof. Dr. Erdal Kara\u00f6z<\/p>\n<p>Prof. Dr. Erdal Kara\u00f6z, \u0130stanbul <a href=\"https:\/\/medicaltravel.net\/tr\/liv-hospital\/\" data-type=\"page\" data-id=\"105\">Ya\u015fam Hastanesi<\/a> K\u00f6k H\u00fccre B\u00f6l\u00fcm\u00fc Ba\u015fkan\u0131d\u0131r. Alan\u0131nda ulusal d\u00fczeyde \u00f6nde gelen ve d\u00fcnya \u00e7ap\u0131nda en iyi doktorlardan biridir. \u00d6zge\u00e7mi\u015fine <a href=\"https:\/\/medicaltravel.net\/wp-content\/uploads\/2025\/09\/Prof_Erdal_Karaoz_CV.pdf\" data-type=\"link\" data-id=\"https:\/\/medicaltravel.net\/wp-content\/uploads\/2025\/09\/Prof_Erdal_Karaoz_CV.pdf\">buradan <\/a>ula\u015fabilirsiniz.  <\/p>\n<ul class=\"wp-block-list\"><li>K\u00f6k h\u00fccre \u00fcretimi ne kadar s\u00fcrer?<\/li>\n<\/ul>\n<p>K\u00f6k h\u00fccre \u00fcretim s\u00fcreleri, k\u00f6k h\u00fccrelerin elde edildi\u011fi dokuya ve i\u015fleme y\u00f6ntemine g\u00f6re de\u011fi\u015fir. Bir dokudan al\u0131nan biyopsi \u00f6rne\u011finden k\u00f6k h\u00fccrelerin ayr\u0131lmas\u0131, k\u00fclt\u00fcre al\u0131nmas\u0131, gerekli say\u0131da \u00e7o\u011falt\u0131lmas\u0131 ve nakil i\u00e7in haz\u0131r hale gelmesi 4-6 hafta s\u00fcrebilir. Normalde, aralar\u0131nda yakla\u015f\u0131k iki hafta bulunan iki a\u015fama yap\u0131l\u0131r.  <\/p>\n<ul class=\"wp-block-list\"><li>K\u00f6k h\u00fccre tedavisinin maliyeti nedir?<\/li>\n<\/ul>\n<p>Fiyat, elbette hangi tedaviye ve ko\u015fullara ba\u011fl\u0131 olarak de\u011fi\u015fir. Her vaka i\u00e7in ayr\u0131 ayr\u0131 belirlenir. \u0130stanbul&#8217;da k\u00f6k h\u00fccre tedavilerinin maliyeti yakla\u015f\u0131k olarak 5000 ile 30000 Euro aras\u0131nda de\u011fi\u015fmektedir. T\u00fcm fiyatlar \u00f6nceden haber verilmeksizin de\u011fi\u015ftirilebilir.   <\/p>\n<ul class=\"wp-block-list\"><li>\u00dccretsiz kons\u00fcltasyon i\u00e7in ne g\u00f6ndermeniz gerekiyor? \u2013 Yerel doktorunuzdan tan\u0131, t\u0131bbi ge\u00e7mi\u015finiz ve kulland\u0131\u011f\u0131n\u0131z ila\u00e7lar hakk\u0131nda detayl\u0131 bilgi<br>\u2013 MR, PET, BT taramalar\u0131 vb. gibi sanal raporlar varsa<br>\u2013 Gerekirse hastan\u0131n video kayd\u0131 \u015e\u0130MD\u0130 \u00dcCRETS\u0130Z KONS\u00dcLASYON \u0130\u00c7\u0130N B\u0130Z\u0130MLE \u0130LET\u0130\u015e\u0130ME GE\u00c7\u0130N<br>\u00dccretsiz kons\u00fcltasyon i\u00e7in \u015fimdi <strong><a href=\"mailto:info@medicaltravel.net\">E-posta<\/a><\/strong>, <a href=\"https:\/\/medicaltravel.net\/tr\/iletisim\/\" data-type=\"page\" data-id=\"168\">buradan <\/a>veya <a href=\"https:\/\/wa.me\/41787373541\" target=\"_blank\" rel=\"noreferrer noopener\">WhatsApp <\/a>\u00fczerinden bizimle ileti\u015fime ge\u00e7in<\/li>\n<\/ul>\n<p>&nbsp;<\/p>\t\t\t\t\t\t\t\t<\/div>\n\t\t\t\t\t<\/div>\n\t\t\t\t<\/div>\n\t\t\t\t<\/div>\n\t\t","protected":false},"excerpt":{"rendered":"<p>\u0130STANBUL-T\u00dcRK\u0130YE\u2019DE K\u00d6K H\u00dcCRE TEDAV\u0130LER\u0130 G\u00fcn\u00fcm\u00fczde modern t\u0131bb\u0131n en \u00f6nemli tedavi se\u00e7eneklerinden biri olma yolunda \u015fa\u015f\u0131rt\u0131c\u0131 geli\u015fmelerin ya\u015fand\u0131\u011f\u0131 \u201cK\u00f6k H\u00fccre\u201d alan\u0131nda, Liv Hospital Rejeneratif T\u0131p K\u00f6k H\u00fccre Merkezi, T\u00fcrkiye\u2019de bir ilk olarak Liv Hospital \u00e7at\u0131s\u0131 alt\u0131nda, h\u00fccresel tedavi i\u00e7in ki\u015fiye \u00f6zel h\u00fccreler ve k\u00f6k h\u00fccrelerin uluslararas\u0131 standartlarda hastane ko\u015fullar\u0131nda \u00fcretilebildi\u011fi bir hizmet sunmaktad\u0131r. T\u00fcm t\u0131p dallar\u0131n\u0131 kurumsal olarak kapsayan bu alanda disiplinler aras\u0131 i\u015f birli\u011finin \u00f6nemine inanan hastane, \u00fclkemizde bu alanda evrensel bilime \u00f6nemli katk\u0131larda bulunan bilim insanlar\u0131 ve hekimlerle yola \u00e7\u0131karak, gelecekte hastalar\u0131m\u0131za bilimsel ve etik kurallar \u00e7er\u00e7evesinde h\u00fccre-k\u00f6k h\u00fccre, h\u00fccre-doku m\u00fchendisli\u011fi \u00fcr\u00fcnleri ve onayl\u0131 gen tedavi se\u00e7eneklerini sunmay\u0131 hedeflemektedir. Biyokimya ve farmas\u00f6tik ara\u015ft\u0131rma konsepti arka plan\u0131 3B ill\u00fcstrasyon K\u00f6k H\u00fccre Tedavisi \u0130stanbul T\u00fcrkiye K\u00d6K H\u00dcCRE TEDAV\u0130LER\u0130YLE EN \u00c7OK HANG\u0130 HASTALIKLAR TEDAV\u0130 ED\u0130LEB\u0130L\u0130R? Periferik arter hastal\u0131klar\u0131 (\u00f6rne\u011fin Buerger hastal\u0131\u011f\u0131) Kronik kritik uzuv iskemisi ve ayak \u00fclserleri K\u0131k\u0131rdak dejenerasyonlar\u0131 Yumu\u015fak doku yaras\u0131 tedavisi Estetik cerrahi i\u015flemleri, cerrahi yara iyile\u015fmesi Rekonstr\u00fcktif cerrahiler (Meme rekonstr\u00fcksiyonu) \u0130mm\u00fcnoterapi gerektiren destekleyici tedaviler (\u00f6rne\u011fin nakil kar\u015f\u0131t\u0131 hastal\u0131k) Tendon onar\u0131m\u0131 Yara izi ve yan\u0131k tedavisi Covid-19 pn\u00f6monisi \u0130diyopatik Pulmoner Fibroz (IPF) Kronik Obstr\u00fcktif Akci\u011fer Hastal\u0131\u011f\u0131 Hastal\u0131k (KOAH) Diyabetik ayak yaralanmalar\u0131 Periferik Arter Hastal\u0131\u011f\u0131 Omurilik Yaralanmas\u0131 Serebral Palsi (SP) Travmatik Beyin Yaralanmas\u0131 (TBY) Hipoksik-\u0130skemik Ensefalopati (HIE) Spinosebellar Ataksi (SCA) Friedreich Ataksisi (FA) Duchenne Kas Distrofisi (DMD) Kistik Fibroz (CF) \u0130skemik kalp hastal\u0131klar\u0131n\u0131n tedavisi Autoimmune Encephalitis (OE) Miyoshi Miyopatisi Ekstremite Ku\u015fa\u011f\u0131 Kas Distrofisi (LGMD) Otizm Spektrum Bozuklu\u011fu (OSB) Multipl Skleroz (MS) Fel\u00e7 Do\u011fu\u015ftan \u0130lerleyici Miyopati Optik atrofi Retinitis Pigmentosa (RP) Erektil disfonksiyon Yumurtal\u0131k yetmezli\u011fi Skleroderma (Sistemik skleroz) Crohn hastal\u0131\u011f\u0131 K\u0131sa ba\u011f\u0131rsak sendromu K\u00f6k h\u00fccreler nedir? Farkl\u0131 h\u00fccre tiplerine d\u00f6n\u00fc\u015fme ve kendilerini yenileme potansiyeline sahip h\u00fccrelere \u201ck\u00f6k h\u00fccre\u201d denir. K\u00f6k h\u00fccrelerin iki \u00f6nemli \u00f6zelli\u011fi vard\u0131r; Birincisi, bu h\u00fccreler uzun s\u00fcreler boyunca b\u00f6l\u00fcnerek kendilerini yenileyebilirler, tek bir k\u00f6k h\u00fccreden milyonlarca h\u00fccre olu\u015fabilir. \u0130kincisi, bir k\u00f6k h\u00fccre, kalp kas\u0131 gibi v\u00fccutta kan pompalamak i\u00e7in kom\u015fular\u0131yla birlikte \u00e7al\u0131\u015famaz, k\u0131rm\u0131z\u0131 kan h\u00fccreleri gibi dokulara oksijen ta\u015f\u0131yamaz veya sinir h\u00fccreleri gibi doku ve organlara gerekli elektrokimyasal sinyalleri iletemez. Bununla birlikte, uzmanla\u015fmam\u0131\u015f k\u00f6k h\u00fccreler, kalp kas\u0131 h\u00fccreleri, kan h\u00fccreleri veya sinir h\u00fccreleri gibi uzmanla\u015fm\u0131\u015f h\u00fccrelerden kaynaklanabilir. K\u00f6k h\u00fccreler nereden elde ediliyor? K\u00f6k h\u00fccreler teorik olarak bir\u00e7ok doku ve organdan elde edilebilse de, g\u00fcn\u00fcm\u00fczde tedavi ama\u00e7l\u0131 k\u00f6k h\u00fccre uygulamalar\u0131nda en yayg\u0131n kullan\u0131lan kaynaklar; kemik ili\u011fi, g\u00f6bek kordonu, eklem s\u0131v\u0131s\u0131 veya zar\u0131 ve g\u00f6bek ya\u011f dokusudur. K\u00f6k h\u00fccreler laboratuvar ortam\u0131nda nas\u0131l \u00fcretilir? K\u00f6k h\u00fccreler, hastan\u0131n hastal\u0131\u011fa ba\u011fl\u0131 kendi dokusundan al\u0131nan (otolog) biyopsi \u00f6rne\u011fi kullan\u0131larak laboratuvarda \u00fcretilir. \u00d6ncelikle, bu biyopsi \u00f6rne\u011finden ilgili h\u00fccreler izole edilir ve uygun ko\u015fullar alt\u0131nda s\u00fcrekli beslenerek ve ayr\u0131nt\u0131l\u0131 kontrollerden ge\u00e7irilerek \u00e7o\u011falt\u0131l\u0131r. Di\u011fer bir y\u00f6ntem ise, \u00f6rne\u011fin yeni do\u011fmu\u015f bir bebe\u011fin g\u00f6bek kordonundan al\u0131nan h\u00fccrelerin, GMP ko\u015fullar\u0131 alt\u0131nda k\u00fclt\u00fcrlenmesi ve \u00e7o\u011falt\u0131lmas\u0131 yoluyla ba\u015fka bir don\u00f6rden (allojenik) h\u00fccre \u00fcretimidir. K\u00f6k h\u00fccre tedavisi bug\u00fcne kadar ne kadar yayg\u0131n? K\u00f6k h\u00fccre tedavileri yakla\u015f\u0131k 20 y\u0131ld\u0131r d\u00fcnya \u00e7ap\u0131nda denenmekte olup, \u00f6zellikle son y\u0131llarda yayg\u0131nla\u015fmaya ba\u015flam\u0131\u015ft\u0131r. Bununla birlikte, bu t\u00fcr tedaviler \u0130stanbul&#8217;daki Live Hastanesi gibi lisansl\u0131 ve sertifikal\u0131 merkezlerde \u00fcretilen h\u00fccresel \u00fcr\u00fcnlerle uygulanabilmektedir. K\u00f6k h\u00fccre tedavilerinin ya\u015f s\u0131n\u0131rlar\u0131 nelerdir? K\u00f6k h\u00fccre tedavileri genellikle hastan\u0131n ya\u015f\u0131na, hastal\u0131\u011f\u0131na ve klinik durumuna g\u00f6re de\u011ferlendirilir. T\u00fcm fakt\u00f6rlerin birlikte de\u011ferlendirilmesi gereklidir. Tedavileri sunan doktor kim? Prof. Dr. Erdal Kara\u00f6z Prof. Dr. Erdal Kara\u00f6z, \u0130stanbul Ya\u015fam Hastanesi K\u00f6k H\u00fccre B\u00f6l\u00fcm\u00fc Ba\u015fkan\u0131d\u0131r. Alan\u0131nda ulusal d\u00fczeyde \u00f6nde gelen ve d\u00fcnya \u00e7ap\u0131nda en iyi doktorlardan biridir. \u00d6zge\u00e7mi\u015fine buradan ula\u015fabilirsiniz. K\u00f6k h\u00fccre \u00fcretimi ne kadar s\u00fcrer? K\u00f6k h\u00fccre \u00fcretim s\u00fcreleri, k\u00f6k h\u00fccrelerin elde edildi\u011fi dokuya ve i\u015fleme y\u00f6ntemine g\u00f6re de\u011fi\u015fir. Bir dokudan al\u0131nan biyopsi \u00f6rne\u011finden k\u00f6k h\u00fccrelerin ayr\u0131lmas\u0131, k\u00fclt\u00fcre al\u0131nmas\u0131, gerekli say\u0131da \u00e7o\u011falt\u0131lmas\u0131 ve nakil i\u00e7in haz\u0131r hale gelmesi 4-6 hafta s\u00fcrebilir. Normalde, aralar\u0131nda yakla\u015f\u0131k iki hafta bulunan iki a\u015fama yap\u0131l\u0131r. K\u00f6k h\u00fccre tedavisinin maliyeti nedir? Fiyat, elbette hangi tedaviye ve ko\u015fullara ba\u011fl\u0131 olarak de\u011fi\u015fir. Her vaka i\u00e7in ayr\u0131 ayr\u0131 belirlenir. \u0130stanbul&#8217;da k\u00f6k h\u00fccre tedavilerinin maliyeti yakla\u015f\u0131k olarak 5000 ile 30000 Euro aras\u0131nda de\u011fi\u015fmektedir. T\u00fcm fiyatlar \u00f6nceden haber verilmeksizin de\u011fi\u015ftirilebilir. \u00dccretsiz kons\u00fcltasyon i\u00e7in ne g\u00f6ndermeniz gerekiyor? \u2013 Yerel doktorunuzdan tan\u0131, t\u0131bbi ge\u00e7mi\u015finiz ve kulland\u0131\u011f\u0131n\u0131z ila\u00e7lar hakk\u0131nda detayl\u0131 bilgi\u2013 MR, PET, BT taramalar\u0131 vb. gibi sanal raporlar varsa\u2013 Gerekirse hastan\u0131n video kayd\u0131 \u015e\u0130MD\u0130 \u00dcCRETS\u0130Z KONS\u00dcLASYON \u0130\u00c7\u0130N B\u0130Z\u0130MLE \u0130LET\u0130\u015e\u0130ME GE\u00c7\u0130N\u00dccretsiz kons\u00fcltasyon i\u00e7in \u015fimdi E-posta, buradan veya WhatsApp \u00fczerinden bizimle ileti\u015fime ge\u00e7in &nbsp;<\/p>\n","protected":false},"author":4,"featured_media":0,"parent":0,"menu_order":0,"comment_status":"closed","ping_status":"closed","template":"","meta":{"_joinchat":[],"footnotes":""},"class_list":["post-3168","page","type-page","status-publish","hentry"],"acf":[],"_links":{"self":[{"href":"https:\/\/medicaltravel.net\/tr\/wp-json\/wp\/v2\/pages\/3168","targetHints":{"allow":["GET"]}}],"collection":[{"href":"https:\/\/medicaltravel.net\/tr\/wp-json\/wp\/v2\/pages"}],"about":[{"href":"https:\/\/medicaltravel.net\/tr\/wp-json\/wp\/v2\/types\/page"}],"author":[{"embeddable":true,"href":"https:\/\/medicaltravel.net\/tr\/wp-json\/wp\/v2\/users\/4"}],"replies":[{"embeddable":true,"href":"https:\/\/medicaltravel.net\/tr\/wp-json\/wp\/v2\/comments?post=3168"}],"version-history":[{"count":1,"href":"https:\/\/medicaltravel.net\/tr\/wp-json\/wp\/v2\/pages\/3168\/revisions"}],"predecessor-version":[{"id":3169,"href":"https:\/\/medicaltravel.net\/tr\/wp-json\/wp\/v2\/pages\/3168\/revisions\/3169"}],"wp:attachment":[{"href":"https:\/\/medicaltravel.net\/tr\/wp-json\/wp\/v2\/media?parent=3168"}],"curies":[{"name":"wp","href":"https:\/\/api.w.org\/{rel}","templated":true}]}}